

{"id":3022,"date":"2023-10-02T05:53:43","date_gmt":"2023-10-02T05:53:43","guid":{"rendered":"https:\/\/emmaison.edu.vn\/cs1\/?page_id=3022"},"modified":"2023-10-11T08:55:01","modified_gmt":"2023-10-11T08:55:01","slug":"homepage","status":"publish","type":"page","link":"https:\/\/emmaison.edu.vn\/cs4\/en\/homepage\/","title":{"rendered":"Homepage"},"content":{"rendered":"\t\t<div data-elementor-type=\"wp-page\" data-elementor-id=\"3022\" class=\"elementor elementor-3022\" data-elementor-settings=\"[]\">\n\t\t\t\t\t\t\t<div class=\"elementor-section-wrap\">\n\t\t\t\t\t\t\t<section class=\"elementor-section elementor-top-section elementor-element elementor-element-421e818 elementor-section-boxed elementor-section-height-default elementor-section-height-default\" data-id=\"421e818\" data-element_type=\"section\">\n\t\t\t\t\t\t<div class=\"elementor-container elementor-column-gap-default\">\n\t\t\t\t\t<div class=\"elementor-column elementor-col-100 elementor-top-column elementor-element elementor-element-d343928\" data-id=\"d343928\" data-element_type=\"column\">\n\t\t\t<div class=\"elementor-widget-wrap elementor-element-populated\">\n\t\t\t\t\t\t\t\t<div class=\"elementor-element elementor-element-df95e29 big_title elementor-widget elementor-widget-heading\" data-id=\"df95e29\" data-element_type=\"widget\" data-widget_type=\"heading.default\">\n\t\t\t\t<div class=\"elementor-widget-container\">\n\t\t\t<h2 class=\"elementor-heading-title elementor-size-default\">WELCOME TO EM MAISON CAMPUS 1 - GO VAP DISTRICT<\/h2>\t\t<\/div>\n\t\t\t\t<\/div>\n\t\t\t\t\t<\/div>\n\t\t<\/div>\n\t\t\t\t\t\t\t<\/div>\n\t\t<\/section>\n\t\t\t\t<section class=\"elementor-section elementor-top-section elementor-element elementor-element-e146ed1 elementor-section-boxed elementor-section-height-default elementor-section-height-default\" data-id=\"e146ed1\" data-element_type=\"section\">\n\t\t\t\t\t\t<div class=\"elementor-container elementor-column-gap-default\">\n\t\t\t\t\t<div class=\"elementor-column elementor-col-50 elementor-top-column elementor-element elementor-element-601e4f9\" data-id=\"601e4f9\" data-element_type=\"column\">\n\t\t\t<div class=\"elementor-widget-wrap elementor-element-populated\">\n\t\t\t\t\t\t\t\t<div class=\"elementor-element elementor-element-7da1786 elementor-widget elementor-widget-image\" data-id=\"7da1786\" data-element_type=\"widget\" data-widget_type=\"image.default\">\n\t\t\t\t<div class=\"elementor-widget-container\">\n\t\t\t\t\t\t\t\t\t\t\t\t\t\t\t<img width=\"1200\" height=\"675\" src=\"https:\/\/emmaison.edu.vn\/cs4\/wp-content\/uploads\/2023\/10\/thumnail-web.png\" class=\"attachment-full size-full\" alt=\"\" loading=\"lazy\" srcset=\"https:\/\/emmaison.edu.vn\/cs4\/wp-content\/uploads\/2023\/10\/thumnail-web.png 1200w, https:\/\/emmaison.edu.vn\/cs4\/wp-content\/uploads\/2023\/10\/thumnail-web-300x169.png 300w, https:\/\/emmaison.edu.vn\/cs4\/wp-content\/uploads\/2023\/10\/thumnail-web-1024x576.png 1024w, https:\/\/emmaison.edu.vn\/cs4\/wp-content\/uploads\/2023\/10\/thumnail-web-768x432.png 768w\" sizes=\"(max-width: 1200px) 100vw, 1200px\" \/>\t\t\t\t\t\t\t\t\t\t\t\t\t\t\t<\/div>\n\t\t\t\t<\/div>\n\t\t\t\t\t<\/div>\n\t\t<\/div>\n\t\t\t\t<div class=\"elementor-column elementor-col-50 elementor-top-column elementor-element elementor-element-4422e18\" data-id=\"4422e18\" data-element_type=\"column\">\n\t\t\t<div class=\"elementor-widget-wrap elementor-element-populated\">\n\t\t\t\t\t\t\t\t<div class=\"elementor-element elementor-element-1a82f96 elementor-widget elementor-widget-wp-widget-text\" data-id=\"1a82f96\" data-element_type=\"widget\" data-widget_type=\"wp-widget-text.default\">\n\t\t\t\t<div class=\"elementor-widget-container\">\n\t\t\t\t\t\t<div class=\"textwidget\"><p>Em Maison Preschool Education System is a project of the Global Embassy Education Ecosystem with the mission of nurturing and educating children from 18 months to 6 years of age, associated with the deep pedagogical philosophy of the Reggio Emilia Approach\u00ae. As an official member of the program, &#8220;Typical Preschool Representatives integrating Reggio Emilia Approach\u00ae in Vietnam&#8221;, Em Maison is proud of the authentic and original experience for our children and their families.<\/p>\n<p>Em Maison is Home \u2013 a bilingual learning environment with a learning space to advance our child&#8217;s potential through &#8220;100 Languages&#8221;.Em Maison Preschool Education System pioneered the integration of the official Reggio Emilia Approach\u00ae with the new preschool program of the Ministry of Education and Training of Vietnam.<\/p>\n<\/div>\n\t\t\t\t<\/div>\n\t\t\t\t<\/div>\n\t\t\t\t\t<\/div>\n\t\t<\/div>\n\t\t\t\t\t\t\t<\/div>\n\t\t<\/section>\n\t\t\t\t<section class=\"elementor-section elementor-top-section elementor-element elementor-element-71d1b73 elementor-section-boxed elementor-section-height-default elementor-section-height-default\" data-id=\"71d1b73\" data-element_type=\"section\">\n\t\t\t\t\t\t<div class=\"elementor-container elementor-column-gap-default\">\n\t\t\t\t\t<div class=\"elementor-column elementor-col-100 elementor-top-column elementor-element elementor-element-11da3d5\" data-id=\"11da3d5\" data-element_type=\"column\">\n\t\t\t<div class=\"elementor-widget-wrap\">\n\t\t\t\t\t\t\t\t\t<\/div>\n\t\t<\/div>\n\t\t\t\t\t\t\t<\/div>\n\t\t<\/section>\n\t\t\t\t\t\t<\/div>\n\t\t\t\t\t<\/div>\n\t\t","protected":false},"excerpt":{"rendered":"WELCOME TO EM MAISON CAMPUS 1 &#8211; GO VAP DISTRICT","protected":false},"author":3,"featured_media":1572,"parent":0,"menu_order":1,"comment_status":"closed","ping_status":"closed","template":"front-page.php","meta":[],"yoast_head":"<!-- This site is optimized with the Yoast SEO plugin v17.9 - https:\/\/yoast.com\/wordpress\/plugins\/seo\/ -->\n<meta name=\"robots\" content=\"index, follow, max-snippet:-1, max-image-preview:large, max-video-preview:-1\" \/>\n<link rel=\"canonical\" href=\"https:\/\/emmaison.edu.vn\/cs4\/en\/homepage\/\" \/>\n<meta property=\"og:locale\" content=\"en_US\" \/>\n<meta property=\"og:type\" content=\"article\" \/>\n<meta property=\"og:title\" content=\"CH\u00c0O M\u1eeaNG \u0110\u1ebeN V\u1edaI NG\u00d4I NH\u00c0 B\u00c9 CON \u2013 EM MAISON G\u00d2 V\u1ea4P\" \/>\n<meta property=\"og:description\" content=\"H\u1ec7 th\u1ed1ng Gi\u00e1o d\u1ee5c M\u1ea7m non Em Maison l\u00e0 d\u1ef1 \u00e1n thu\u1ed9c T\u1ed5 ch\u1ee9c Gi\u00e1o d\u1ee5c Global Embassy v\u1edbi s\u1ee9 m\u1ec7nh nu\u00f4i d\u01b0\u1ee1ng v\u00e0 gi\u00e1o d\u1ee5c tr\u1ebb t\u1eeb 2 \u0111\u1ebfn 6 tu\u1ed5i, g\u1eafn li\u1ec1n v\u1edbi tri\u1ebft l\u00fd s\u01b0 ph\u1ea1m s\u00e2u s\u1eafc c\u1ee7a H\u01b0\u1edbng ti\u1ebfp c\u1eadn Reggio Emilia\u00ae.\" \/>\n<meta property=\"og:url\" content=\"https:\/\/emmaison.edu.vn\/cs4\/en\/homepage\/\" \/>\n<meta property=\"og:site_name\" content=\"Ng\u00f4i nh\u00e0 B\u00e9 con \u2013 Em Maison Qu\u1eadn 2\" \/>\n<meta property=\"article:modified_time\" content=\"2023-10-11T08:55:01+00:00\" \/>\n<meta property=\"og:image\" content=\"http:\/\/emmaison.edu.vn\/cs4\/wp-content\/uploads\/2022\/01\/home-welcome-2.jpg\" \/>\n<meta name=\"twitter:card\" content=\"summary_large_image\" \/>\n<meta name=\"twitter:image\" content=\"http:\/\/emmaison.edu.vn\/cs4\/wp-content\/uploads\/2022\/01\/home-welcome-2.jpg\" \/>\n<meta name=\"twitter:label1\" content=\"Est. reading time\" \/>\n\t<meta name=\"twitter:data1\" content=\"1 minute\" \/>\n<script type=\"application\/ld+json\" class=\"yoast-schema-graph\">{\"@context\":\"https:\/\/schema.org\",\"@graph\":[{\"@type\":\"WebSite\",\"@id\":\"https:\/\/emmaison.edu.vn\/cs4\/#website\",\"url\":\"https:\/\/emmaison.edu.vn\/cs4\/\",\"name\":\"Ng\\u00f4i nh\\u00e0 B\\u00e9 con \\u2013 Em Maison Qu\\u1eadn 2\",\"description\":\"Just another WordPress site\",\"potentialAction\":[{\"@type\":\"SearchAction\",\"target\":{\"@type\":\"EntryPoint\",\"urlTemplate\":\"https:\/\/emmaison.edu.vn\/cs4\/?s={search_term_string}\"},\"query-input\":\"required name=search_term_string\"}],\"inLanguage\":\"en-US\"},{\"@type\":\"ImageObject\",\"@id\":\"https:\/\/emmaison.edu.vn\/cs4\/en\/homepage\/#primaryimage\",\"inLanguage\":\"en-US\",\"url\":\"\",\"contentUrl\":\"\"},{\"@type\":\"WebPage\",\"@id\":\"https:\/\/emmaison.edu.vn\/cs4\/en\/homepage\/#webpage\",\"url\":\"https:\/\/emmaison.edu.vn\/cs4\/en\/homepage\/\",\"name\":\"Homepage - Ng\\u00f4i nh\\u00e0 B\\u00e9 con \\u2013 Em Maison Qu\\u1eadn 2\",\"isPartOf\":{\"@id\":\"https:\/\/emmaison.edu.vn\/cs4\/#website\"},\"primaryImageOfPage\":{\"@id\":\"https:\/\/emmaison.edu.vn\/cs4\/en\/homepage\/#primaryimage\"},\"datePublished\":\"2023-10-02T05:53:43+00:00\",\"dateModified\":\"2023-10-11T08:55:01+00:00\",\"breadcrumb\":{\"@id\":\"https:\/\/emmaison.edu.vn\/cs4\/en\/homepage\/#breadcrumb\"},\"inLanguage\":\"en-US\",\"potentialAction\":[{\"@type\":\"ReadAction\",\"target\":[\"https:\/\/emmaison.edu.vn\/cs4\/en\/homepage\/\"]}]},{\"@type\":\"BreadcrumbList\",\"@id\":\"https:\/\/emmaison.edu.vn\/cs4\/en\/homepage\/#breadcrumb\",\"itemListElement\":[{\"@type\":\"ListItem\",\"position\":1,\"name\":\"Home\",\"item\":\"https:\/\/emmaison.edu.vn\/cs4\/\"},{\"@type\":\"ListItem\",\"position\":2,\"name\":\"Homepage\"}]}]}<\/script>\n<!-- \/ Yoast SEO plugin. -->","yoast_head_json":{"robots":{"index":"index","follow":"follow","max-snippet":"max-snippet:-1","max-image-preview":"max-image-preview:large","max-video-preview":"max-video-preview:-1"},"canonical":"https:\/\/emmaison.edu.vn\/cs4\/en\/homepage\/","og_locale":"en_US","og_type":"article","og_title":"CH\u00c0O M\u1eeaNG \u0110\u1ebeN V\u1edaI NG\u00d4I NH\u00c0 B\u00c9 CON \u2013 EM MAISON G\u00d2 V\u1ea4P","og_description":"H\u1ec7 th\u1ed1ng Gi\u00e1o d\u1ee5c M\u1ea7m non Em Maison l\u00e0 d\u1ef1 \u00e1n thu\u1ed9c T\u1ed5 ch\u1ee9c Gi\u00e1o d\u1ee5c Global Embassy v\u1edbi s\u1ee9 m\u1ec7nh nu\u00f4i d\u01b0\u1ee1ng v\u00e0 gi\u00e1o d\u1ee5c tr\u1ebb t\u1eeb 2 \u0111\u1ebfn 6 tu\u1ed5i, g\u1eafn li\u1ec1n v\u1edbi tri\u1ebft l\u00fd s\u01b0 ph\u1ea1m s\u00e2u s\u1eafc c\u1ee7a H\u01b0\u1edbng ti\u1ebfp c\u1eadn Reggio Emilia\u00ae.","og_url":"https:\/\/emmaison.edu.vn\/cs4\/en\/homepage\/","og_site_name":"Ng\u00f4i nh\u00e0 B\u00e9 con \u2013 Em Maison Qu\u1eadn 2","article_modified_time":"2023-10-11T08:55:01+00:00","og_image":[{"url":"http:\/\/emmaison.edu.vn\/cs4\/wp-content\/uploads\/2022\/01\/home-welcome-2.jpg"}],"twitter_card":"summary_large_image","twitter_image":"http:\/\/emmaison.edu.vn\/cs4\/wp-content\/uploads\/2022\/01\/home-welcome-2.jpg","twitter_misc":{"Est. reading time":"1 minute"},"schema":{"@context":"https:\/\/schema.org","@graph":[{"@type":"WebSite","@id":"https:\/\/emmaison.edu.vn\/cs4\/#website","url":"https:\/\/emmaison.edu.vn\/cs4\/","name":"Ng\u00f4i nh\u00e0 B\u00e9 con \u2013 Em Maison Qu\u1eadn 2","description":"Just another WordPress site","potentialAction":[{"@type":"SearchAction","target":{"@type":"EntryPoint","urlTemplate":"https:\/\/emmaison.edu.vn\/cs4\/?s={search_term_string}"},"query-input":"required name=search_term_string"}],"inLanguage":"en-US"},{"@type":"ImageObject","@id":"https:\/\/emmaison.edu.vn\/cs4\/en\/homepage\/#primaryimage","inLanguage":"en-US","url":"","contentUrl":""},{"@type":"WebPage","@id":"https:\/\/emmaison.edu.vn\/cs4\/en\/homepage\/#webpage","url":"https:\/\/emmaison.edu.vn\/cs4\/en\/homepage\/","name":"Homepage - Ng\u00f4i nh\u00e0 B\u00e9 con \u2013 Em Maison Qu\u1eadn 2","isPartOf":{"@id":"https:\/\/emmaison.edu.vn\/cs4\/#website"},"primaryImageOfPage":{"@id":"https:\/\/emmaison.edu.vn\/cs4\/en\/homepage\/#primaryimage"},"datePublished":"2023-10-02T05:53:43+00:00","dateModified":"2023-10-11T08:55:01+00:00","breadcrumb":{"@id":"https:\/\/emmaison.edu.vn\/cs4\/en\/homepage\/#breadcrumb"},"inLanguage":"en-US","potentialAction":[{"@type":"ReadAction","target":["https:\/\/emmaison.edu.vn\/cs4\/en\/homepage\/"]}]},{"@type":"BreadcrumbList","@id":"https:\/\/emmaison.edu.vn\/cs4\/en\/homepage\/#breadcrumb","itemListElement":[{"@type":"ListItem","position":1,"name":"Home","item":"https:\/\/emmaison.edu.vn\/cs4\/"},{"@type":"ListItem","position":2,"name":"Homepage"}]}]}},"lang":"en","translations":{"vi":28,"en":3022},"pll_sync_post":[],"_links":{"self":[{"href":"https:\/\/emmaison.edu.vn\/cs4\/wp-json\/wp\/v2\/pages\/3022"}],"collection":[{"href":"https:\/\/emmaison.edu.vn\/cs4\/wp-json\/wp\/v2\/pages"}],"about":[{"href":"https:\/\/emmaison.edu.vn\/cs4\/wp-json\/wp\/v2\/types\/page"}],"author":[{"embeddable":true,"href":"https:\/\/emmaison.edu.vn\/cs4\/wp-json\/wp\/v2\/users\/3"}],"replies":[{"embeddable":true,"href":"https:\/\/emmaison.edu.vn\/cs4\/wp-json\/wp\/v2\/comments?post=3022"}],"version-history":[{"count":26,"href":"https:\/\/emmaison.edu.vn\/cs4\/wp-json\/wp\/v2\/pages\/3022\/revisions"}],"predecessor-version":[{"id":3580,"href":"https:\/\/emmaison.edu.vn\/cs4\/wp-json\/wp\/v2\/pages\/3022\/revisions\/3580"}],"wp:featuredmedia":[{"embeddable":true,"href":"https:\/\/emmaison.edu.vn\/cs4\/wp-json\/wp\/v2\/media\/1572"}],"wp:attachment":[{"href":"https:\/\/emmaison.edu.vn\/cs4\/wp-json\/wp\/v2\/media?parent=3022"}],"curies":[{"name":"wp","href":"https:\/\/api.w.org\/{rel}","templated":true}]}}