

{"id":2896,"date":"2023-10-01T06:30:06","date_gmt":"2023-10-01T06:30:06","guid":{"rendered":"https:\/\/emmaison.edu.vn\/cs1\/?page_id=2896"},"modified":"2023-10-01T08:19:13","modified_gmt":"2023-10-01T08:19:13","slug":"welcome-home","status":"publish","type":"page","link":"https:\/\/emmaison.edu.vn\/cs4\/en\/welcome-home\/","title":{"rendered":"Welcome &#8220;Home&#8221;"},"content":{"rendered":"","protected":false},"excerpt":{"rendered":"","protected":false},"author":3,"featured_media":0,"parent":0,"menu_order":8,"comment_status":"closed","ping_status":"closed","template":"contact.php","meta":[],"yoast_head":"<!-- This site is optimized with the Yoast SEO plugin v17.9 - https:\/\/yoast.com\/wordpress\/plugins\/seo\/ -->\n<meta name=\"robots\" content=\"index, follow, max-snippet:-1, max-image-preview:large, max-video-preview:-1\" \/>\n<link rel=\"canonical\" href=\"https:\/\/emmaison.edu.vn\/cs4\/en\/welcome-home\/\" \/>\n<meta property=\"og:locale\" content=\"en_US\" \/>\n<meta property=\"og:type\" content=\"article\" \/>\n<meta property=\"og:title\" content=\"Welcome &quot;Home&quot; - Ng\u00f4i nh\u00e0 B\u00e9 con \u2013 Em Maison Qu\u1eadn 2\" \/>\n<meta property=\"og:url\" content=\"https:\/\/emmaison.edu.vn\/cs4\/en\/welcome-home\/\" \/>\n<meta property=\"og:site_name\" content=\"Ng\u00f4i nh\u00e0 B\u00e9 con \u2013 Em Maison Qu\u1eadn 2\" \/>\n<meta property=\"article:modified_time\" content=\"2023-10-01T08:19:13+00:00\" \/>\n<meta name=\"twitter:card\" content=\"summary_large_image\" \/>\n<script type=\"application\/ld+json\" class=\"yoast-schema-graph\">{\"@context\":\"https:\/\/schema.org\",\"@graph\":[{\"@type\":\"WebSite\",\"@id\":\"https:\/\/emmaison.edu.vn\/cs4\/#website\",\"url\":\"https:\/\/emmaison.edu.vn\/cs4\/\",\"name\":\"Ng\\u00f4i nh\\u00e0 B\\u00e9 con \\u2013 Em Maison Qu\\u1eadn 2\",\"description\":\"Just another WordPress site\",\"potentialAction\":[{\"@type\":\"SearchAction\",\"target\":{\"@type\":\"EntryPoint\",\"urlTemplate\":\"https:\/\/emmaison.edu.vn\/cs4\/?s={search_term_string}\"},\"query-input\":\"required name=search_term_string\"}],\"inLanguage\":\"en-US\"},{\"@type\":\"WebPage\",\"@id\":\"https:\/\/emmaison.edu.vn\/cs4\/en\/welcome-home\/#webpage\",\"url\":\"https:\/\/emmaison.edu.vn\/cs4\/en\/welcome-home\/\",\"name\":\"Welcome \\\"Home\\\" - Ng\\u00f4i nh\\u00e0 B\\u00e9 con \\u2013 Em Maison Qu\\u1eadn 2\",\"isPartOf\":{\"@id\":\"https:\/\/emmaison.edu.vn\/cs4\/#website\"},\"datePublished\":\"2023-10-01T06:30:06+00:00\",\"dateModified\":\"2023-10-01T08:19:13+00:00\",\"breadcrumb\":{\"@id\":\"https:\/\/emmaison.edu.vn\/cs4\/en\/welcome-home\/#breadcrumb\"},\"inLanguage\":\"en-US\",\"potentialAction\":[{\"@type\":\"ReadAction\",\"target\":[\"https:\/\/emmaison.edu.vn\/cs4\/en\/welcome-home\/\"]}]},{\"@type\":\"BreadcrumbList\",\"@id\":\"https:\/\/emmaison.edu.vn\/cs4\/en\/welcome-home\/#breadcrumb\",\"itemListElement\":[{\"@type\":\"ListItem\",\"position\":1,\"name\":\"Home\",\"item\":\"https:\/\/emmaison.edu.vn\/cs4\/\"},{\"@type\":\"ListItem\",\"position\":2,\"name\":\"Welcome &#8220;Home&#8221;\"}]}]}<\/script>\n<!-- \/ Yoast SEO plugin. -->","yoast_head_json":{"robots":{"index":"index","follow":"follow","max-snippet":"max-snippet:-1","max-image-preview":"max-image-preview:large","max-video-preview":"max-video-preview:-1"},"canonical":"https:\/\/emmaison.edu.vn\/cs4\/en\/welcome-home\/","og_locale":"en_US","og_type":"article","og_title":"Welcome \"Home\" - Ng\u00f4i nh\u00e0 B\u00e9 con \u2013 Em Maison Qu\u1eadn 2","og_url":"https:\/\/emmaison.edu.vn\/cs4\/en\/welcome-home\/","og_site_name":"Ng\u00f4i nh\u00e0 B\u00e9 con \u2013 Em Maison Qu\u1eadn 2","article_modified_time":"2023-10-01T08:19:13+00:00","twitter_card":"summary_large_image","schema":{"@context":"https:\/\/schema.org","@graph":[{"@type":"WebSite","@id":"https:\/\/emmaison.edu.vn\/cs4\/#website","url":"https:\/\/emmaison.edu.vn\/cs4\/","name":"Ng\u00f4i nh\u00e0 B\u00e9 con \u2013 Em Maison Qu\u1eadn 2","description":"Just another WordPress site","potentialAction":[{"@type":"SearchAction","target":{"@type":"EntryPoint","urlTemplate":"https:\/\/emmaison.edu.vn\/cs4\/?s={search_term_string}"},"query-input":"required name=search_term_string"}],"inLanguage":"en-US"},{"@type":"WebPage","@id":"https:\/\/emmaison.edu.vn\/cs4\/en\/welcome-home\/#webpage","url":"https:\/\/emmaison.edu.vn\/cs4\/en\/welcome-home\/","name":"Welcome \"Home\" - Ng\u00f4i nh\u00e0 B\u00e9 con \u2013 Em Maison Qu\u1eadn 2","isPartOf":{"@id":"https:\/\/emmaison.edu.vn\/cs4\/#website"},"datePublished":"2023-10-01T06:30:06+00:00","dateModified":"2023-10-01T08:19:13+00:00","breadcrumb":{"@id":"https:\/\/emmaison.edu.vn\/cs4\/en\/welcome-home\/#breadcrumb"},"inLanguage":"en-US","potentialAction":[{"@type":"ReadAction","target":["https:\/\/emmaison.edu.vn\/cs4\/en\/welcome-home\/"]}]},{"@type":"BreadcrumbList","@id":"https:\/\/emmaison.edu.vn\/cs4\/en\/welcome-home\/#breadcrumb","itemListElement":[{"@type":"ListItem","position":1,"name":"Home","item":"https:\/\/emmaison.edu.vn\/cs4\/"},{"@type":"ListItem","position":2,"name":"Welcome &#8220;Home&#8221;"}]}]}},"lang":"en","translations":{"en":2896,"vi":475},"pll_sync_post":[],"_links":{"self":[{"href":"https:\/\/emmaison.edu.vn\/cs4\/wp-json\/wp\/v2\/pages\/2896"}],"collection":[{"href":"https:\/\/emmaison.edu.vn\/cs4\/wp-json\/wp\/v2\/pages"}],"about":[{"href":"https:\/\/emmaison.edu.vn\/cs4\/wp-json\/wp\/v2\/types\/page"}],"author":[{"embeddable":true,"href":"https:\/\/emmaison.edu.vn\/cs4\/wp-json\/wp\/v2\/users\/3"}],"replies":[{"embeddable":true,"href":"https:\/\/emmaison.edu.vn\/cs4\/wp-json\/wp\/v2\/comments?post=2896"}],"version-history":[{"count":3,"href":"https:\/\/emmaison.edu.vn\/cs4\/wp-json\/wp\/v2\/pages\/2896\/revisions"}],"predecessor-version":[{"id":2955,"href":"https:\/\/emmaison.edu.vn\/cs4\/wp-json\/wp\/v2\/pages\/2896\/revisions\/2955"}],"wp:attachment":[{"href":"https:\/\/emmaison.edu.vn\/cs4\/wp-json\/wp\/v2\/media?parent=2896"}],"curies":[{"name":"wp","href":"https:\/\/api.w.org\/{rel}","templated":true}]}}