

{"id":931,"date":"2021-12-28T05:19:28","date_gmt":"2021-12-28T05:19:28","guid":{"rendered":"https:\/\/emmaison.edu.vn\/cs3\/?page_id=931"},"modified":"2024-04-15T08:41:41","modified_gmt":"2024-04-15T08:41:41","slug":"to-chuc-va-doi-tac","status":"publish","type":"page","link":"https:\/\/emmaison.edu.vn\/cs3\/to-chuc-va-doi-tac\/","title":{"rendered":"T\u1ed5 ch\u1ee9c v\u00e0 \u0110\u1ed1i t\u00e1c"},"content":{"rendered":"\t\t<div data-elementor-type=\"wp-page\" data-elementor-id=\"931\" class=\"elementor elementor-931\" data-elementor-settings=\"[]\">\n\t\t\t\t\t\t\t<div class=\"elementor-section-wrap\">\n\t\t\t\t\t\t\t<section class=\"elementor-section elementor-top-section elementor-element elementor-element-1eb17df elementor-section-boxed elementor-section-height-default elementor-section-height-default\" data-id=\"1eb17df\" data-element_type=\"section\">\n\t\t\t\t\t\t<div class=\"elementor-container elementor-column-gap-default\">\n\t\t\t\t\t<div class=\"elementor-column elementor-col-100 elementor-top-column elementor-element elementor-element-bfba439\" data-id=\"bfba439\" data-element_type=\"column\">\n\t\t\t<div class=\"elementor-widget-wrap elementor-element-populated\">\n\t\t\t\t\t\t\t\t<div class=\"elementor-element elementor-element-d7905ab elementor-widget elementor-widget-image\" data-id=\"d7905ab\" data-element_type=\"widget\" data-widget_type=\"image.default\">\n\t\t\t\t<div class=\"elementor-widget-container\">\n\t\t\t\t\t\t\t\t\t\t\t\t\t\t\t<img width=\"300\" height=\"300\" src=\"https:\/\/emmaison.edu.vn\/cs3\/wp-content\/uploads\/2021\/12\/GE_LOGO_BLACK-300x300.png\" class=\"attachment-medium size-medium\" alt=\"\" loading=\"lazy\" srcset=\"https:\/\/emmaison.edu.vn\/cs3\/wp-content\/uploads\/2021\/12\/GE_LOGO_BLACK-300x300.png 300w, https:\/\/emmaison.edu.vn\/cs3\/wp-content\/uploads\/2021\/12\/GE_LOGO_BLACK-150x150.png 150w, https:\/\/emmaison.edu.vn\/cs3\/wp-content\/uploads\/2021\/12\/GE_LOGO_BLACK.png 592w\" sizes=\"(max-width: 300px) 100vw, 300px\" \/>\t\t\t\t\t\t\t\t\t\t\t\t\t\t\t<\/div>\n\t\t\t\t<\/div>\n\t\t\t\t<div class=\"elementor-element elementor-element-3823d5a elementor-widget elementor-widget-text-editor\" data-id=\"3823d5a\" data-element_type=\"widget\" data-widget_type=\"text-editor.default\">\n\t\t\t\t<div class=\"elementor-widget-container\">\n\t\t\t\t\t\t\t<p>H\u1ec7 th\u1ed1ng Gi\u00e1o d\u1ee5c M\u1ea7m non Em Maison l\u00e0 d\u1ef1 \u00e1n thu\u1ed9c T\u1ed5 ch\u1ee9c Gi\u00e1o d\u1ee5c Global Embassy v\u1edbi s\u1ee9 m\u1ec7nh nu\u00f4i d\u01b0\u1ee1ng v\u00e0 gi\u00e1o d\u1ee5c tr\u1ebb t\u1eeb 2 \u0111\u1ebfn 6 tu\u1ed5i, g\u1eafn li\u1ec1n v\u1edbi tri\u1ebft l\u00fd s\u01b0 ph\u1ea1m s\u00e2u s\u1eafc c\u1ee7a H\u01b0\u1edbng ti\u1ebfp c\u1eadn Reggio Emilia\u00ae.<\/p><p><strong>Global Embassy<\/strong>\u00a0g\u1ed3m m\u1ed9t m\u1ea1ng l\u01b0\u1edbi c\u00e1c nh\u00e0 gi\u00e1o d\u1ee5c, nh\u00e0 nghi\u00ean c\u1ee9u v\u00e0 thi\u1ebft k\u1ebf c\u00f3 chung quan \u0111i\u1ec3m v\u1ec1 gi\u00e1o d\u1ee5c, c\u00f9ng h\u1ee3p t\u00e1c \u0111\u1ec3:<\/p><p>\u2022 T\u01b0 v\u1ea5n v\u00e0 h\u01b0\u1edbng d\u1eabn d\u1ef1a tr\u00ean ph\u01b0\u01a1ng ph\u00e1p gi\u1ea3ng d\u1ea1y ti\u00ean ti\u1ebfn d\u00e0nh cho gi\u00e1o d\u1ee5c t\u01b0\u01a1ng lai;<br \/>\u2022 Ti\u1ebfn h\u00e0nh c\u00e1c c\u00f4ng tr\u00ecnh nghi\u00ean c\u1ee9u v\u00e0 c\u00e1c kho\u00e1 b\u1ed3i d\u01b0\u1ee1ng nghi\u1ec7p v\u1ee5 v\u00e0 \u0111\u00e0o t\u1ea1o chuy\u00ean m\u00f4n cho gi\u00e1o vi\u00ean.<\/p><p><strong>Global Embassy<\/strong>\u00a0n\u1eafm b\u1eaft c\u00e1c nhu c\u1ea7u chuy\u00ean bi\u1ec7t c\u1ee7a h\u1ecdc sinh. Global Embassy \u0111\u1ed3ng h\u00e0nh c\u00f9ng h\u1ecdc sinh t\u00ecm ra ph\u01b0\u01a1ng h\u01b0\u1edbng ph\u00f9 h\u1ee3p cho vi\u1ec7c h\u1ecdc t\u1eadp c\u1ee7a c\u00e1c em c\u00e1c tr\u01b0\u1eddng qu\u1ed1c t\u1ebf, \u0111\u1ea1i h\u1ecdc, cao \u0111\u1eb3ng v\u00e0 gi\u00e1o d\u1ee5c chuy\u00ean nghi\u1ec7p ngay trong n\u01b0\u1edbc v\u00e0 qu\u1ed1c t\u1ebf.<\/p><p>Ch\u00fang t\u00f4i lu\u00f4n th\u1ea5u hi\u1ec3u r\u1eb1ng m\u1ed7i h\u1ecdc sinh l\u00e0 m\u1ed9t c\u00e1 nh\u00e2n ri\u00eang bi\u1ec7t v\u00ec v\u1eady con \u0111\u01b0\u1eddng h\u1ecdc t\u1eadp m\u00e0 m\u1ed7i h\u1ecdc sinh l\u1ef1a ch\u1ecdn r\u1ea5t \u0111\u1eb7c tr\u01b0ng. Ch\u00fang t\u00f4i mong r\u1eb1ng c\u00e1c h\u1ecdc sinh c\u00f3 \u0111\u01b0\u1ee3c c\u01a1 h\u1ed9i \u0111\u01b0\u1ee3c b\u01b0\u1edbc ra th\u1ebf gi\u1edbi, th\u00e1ch th\u1ee9c ch\u00ednh b\u1ea3n th\u00e2n m\u00ecnh \u0111\u1ec3 h\u1ecdc v\u00e0 ph\u00e1t tri\u1ec3n xa h\u01a1n, v\u00e0 s\u1eb5n s\u00e0ng quay tr\u1edf v\u1ec1 qu\u00ea nh\u00e0 \u0111\u1ec3 ph\u1ee5c v\u1ee5 v\u00e0 \u0111\u00f3ng g\u00f3p cho Vi\u1ec7t Nam \u2013 tr\u1edf th\u00e0nh \u0111\u1ea1i s\u1ee9 cho ch\u00ednh b\u1ea3n th\u00e2n, cho gia \u0111\u00ecnh, cho c\u1ed9ng \u0111\u1ed3ng v\u00e0 th\u1ebf gi\u1edbi.<\/p><p>L\u00e0 th\u00e0nh vi\u00ean c\u1ee7a\u00a0<strong>Embassy Education<\/strong>,\u00a0<strong>Global Embassy<\/strong>\u00a0l\u00e0 giai \u0111o\u1ea1n quan tr\u1ecdng trong tr\u1ea3i nghi\u1ec7m h\u1ecdc t\u1eadp \u0111\u1ec3 chu\u1ea9n b\u1ecb v\u00e0 d\u1eabn d\u1eaft c\u00e1c em t\u1eeb nh\u1eefng n\u0103m th\u00e1ng \u0111\u1ea7u \u0111\u1eddi cho \u0111\u1ebfn h\u1ebft trung h\u1ecdc ph\u1ed5 th\u00f4ng v\u00e0 b\u1eadc h\u1ecdc cao h\u01a1n.<\/p><p><strong>T\u1ea7m nh\u00ecn<\/strong><br \/>Tr\u1edf th\u00e0nh ngu\u1ed3n cung c\u1ea5p d\u1ecbch v\u1ee5 to\u00e0n c\u1ea7u cho t\u01b0\u01a1ng lai c\u1ee7a h\u1ecdc t\u1eadp v\u00e0 gi\u1ea3ng d\u1ea1y th\u00f4ng qua m\u1ea1ng l\u01b0\u1edbi k\u1ebft n\u1ed1i v\u1edbi c\u00e1c chuy\u00ean vi\u00ean v\u00e0 t\u1ed5 ch\u1ee9c gi\u00e1o d\u1ee5c h\u00e0ng \u0111\u1ea7u Vi\u1ec7t Nam.<\/p><p><strong>S\u1ee9 m\u1ec7nh<\/strong><br \/>Truy\u1ec1n c\u1ea3m h\u1ee9ng th\u00f4ng qua chia s\u1ebb ki\u1ebfn th\u1ee9c k\u1ef9 n\u0103ng v\u00e0 chuy\u00ean m\u00f4n nh\u1eb1m t\u0103ng th\u00eam s\u1ee9c m\u1ea1nh cho h\u1ecdc sinh, gi\u00e1o vi\u00ean v\u00e0 c\u00e1c nh\u00e0 gi\u00e1o d\u1ee5c \u0111\u1ec3 t\u00ecm th\u1ea5y h\u01b0\u1edbng \u0111i v\u00e0 m\u1ee5c \u0111\u00edch c\u1ee7a m\u00ecnh.<\/p>\t\t\t\t\t\t<\/div>\n\t\t\t\t<\/div>\n\t\t\t\t\t<\/div>\n\t\t<\/div>\n\t\t\t\t\t\t\t<\/div>\n\t\t<\/section>\n\t\t\t\t<section class=\"elementor-section elementor-top-section elementor-element elementor-element-a771dcc elementor-section-boxed elementor-section-height-default elementor-section-height-default\" data-id=\"a771dcc\" data-element_type=\"section\">\n\t\t\t\t\t\t<div class=\"elementor-container elementor-column-gap-no\">\n\t\t\t\t\t<div class=\"elementor-column elementor-col-100 elementor-top-column elementor-element elementor-element-b1cf804\" data-id=\"b1cf804\" data-element_type=\"column\">\n\t\t\t<div class=\"elementor-widget-wrap elementor-element-populated\">\n\t\t\t\t\t\t\t\t<div class=\"elementor-element elementor-element-ce97b1a big_title elementor-widget elementor-widget-heading\" data-id=\"ce97b1a\" data-element_type=\"widget\" data-widget_type=\"heading.default\">\n\t\t\t\t<div class=\"elementor-widget-container\">\n\t\t\t<h2 class=\"elementor-heading-title elementor-size-default\">\u0111\u1ed1i t\u00e1c c\u1ee7a ch\u00fang t\u00f4i<\/h2>\t\t<\/div>\n\t\t\t\t<\/div>\n\t\t\t\t\t<\/div>\n\t\t<\/div>\n\t\t\t\t\t\t\t<\/div>\n\t\t<\/section>\n\t\t\t\t<section class=\"elementor-section elementor-top-section elementor-element elementor-element-f120af8 elementor-section-boxed elementor-section-height-default elementor-section-height-default\" data-id=\"f120af8\" data-element_type=\"section\">\n\t\t\t\t\t\t<div class=\"elementor-container elementor-column-gap-default\">\n\t\t\t\t\t<div class=\"elementor-column elementor-col-33 elementor-top-column elementor-element elementor-element-f4f29d3\" data-id=\"f4f29d3\" data-element_type=\"column\">\n\t\t\t<div class=\"elementor-widget-wrap elementor-element-populated\">\n\t\t\t\t\t\t\t\t<div class=\"elementor-element elementor-element-c081d1b elementor-widget elementor-widget-image\" data-id=\"c081d1b\" data-element_type=\"widget\" data-widget_type=\"image.default\">\n\t\t\t\t<div class=\"elementor-widget-container\">\n\t\t\t\t\t\t\t\t\t\t\t\t\t\t\t\t<a href=\"https:\/\/www.samchaltain.com\/watch\">\n\t\t\t\t\t\t\t<img width=\"600\" height=\"600\" src=\"https:\/\/emmaison.edu.vn\/cs3\/wp-content\/uploads\/2021\/12\/180studio.png\" class=\"attachment-large size-large\" alt=\"\" loading=\"lazy\" srcset=\"https:\/\/emmaison.edu.vn\/cs3\/wp-content\/uploads\/2021\/12\/180studio.png 600w, https:\/\/emmaison.edu.vn\/cs3\/wp-content\/uploads\/2021\/12\/180studio-300x300.png 300w, https:\/\/emmaison.edu.vn\/cs3\/wp-content\/uploads\/2021\/12\/180studio-150x150.png 150w\" sizes=\"(max-width: 600px) 100vw, 600px\" \/>\t\t\t\t\t\t\t\t<\/a>\n\t\t\t\t\t\t\t\t\t\t\t\t\t\t\t<\/div>\n\t\t\t\t<\/div>\n\t\t\t\t\t<\/div>\n\t\t<\/div>\n\t\t\t\t<div class=\"elementor-column elementor-col-33 elementor-top-column elementor-element elementor-element-3a47f4a\" data-id=\"3a47f4a\" data-element_type=\"column\">\n\t\t\t<div class=\"elementor-widget-wrap elementor-element-populated\">\n\t\t\t\t\t\t\t\t<div class=\"elementor-element elementor-element-9628b51 elementor-widget elementor-widget-image\" data-id=\"9628b51\" data-element_type=\"widget\" data-widget_type=\"image.default\">\n\t\t\t\t<div class=\"elementor-widget-container\">\n\t\t\t\t\t\t\t\t\t\t\t\t\t\t\t\t<a href=\"https:\/\/www.steelcase.com\/\">\n\t\t\t\t\t\t\t<img width=\"600\" height=\"600\" src=\"https:\/\/emmaison.edu.vn\/cs3\/wp-content\/uploads\/2021\/12\/steelcase.png\" class=\"attachment-large size-large\" alt=\"\" loading=\"lazy\" srcset=\"https:\/\/emmaison.edu.vn\/cs3\/wp-content\/uploads\/2021\/12\/steelcase.png 600w, https:\/\/emmaison.edu.vn\/cs3\/wp-content\/uploads\/2021\/12\/steelcase-300x300.png 300w, https:\/\/emmaison.edu.vn\/cs3\/wp-content\/uploads\/2021\/12\/steelcase-150x150.png 150w\" sizes=\"(max-width: 600px) 100vw, 600px\" \/>\t\t\t\t\t\t\t\t<\/a>\n\t\t\t\t\t\t\t\t\t\t\t\t\t\t\t<\/div>\n\t\t\t\t<\/div>\n\t\t\t\t\t<\/div>\n\t\t<\/div>\n\t\t\t\t<div class=\"elementor-column elementor-col-33 elementor-top-column elementor-element elementor-element-31d8c14\" data-id=\"31d8c14\" data-element_type=\"column\">\n\t\t\t<div class=\"elementor-widget-wrap elementor-element-populated\">\n\t\t\t\t\t\t\t\t<div class=\"elementor-element elementor-element-1357055 elementor-widget elementor-widget-image\" data-id=\"1357055\" data-element_type=\"widget\" data-widget_type=\"image.default\">\n\t\t\t\t<div class=\"elementor-widget-container\">\n\t\t\t\t\t\t\t\t\t\t\t\t\t\t\t\t<a href=\"https:\/\/vibe.edu.vn\/\">\n\t\t\t\t\t\t\t<img width=\"300\" height=\"111\" src=\"https:\/\/emmaison.edu.vn\/cs3\/wp-content\/uploads\/2023\/06\/Logo-300x111-1.png\" class=\"attachment-large size-large\" alt=\"\" loading=\"lazy\" \/>\t\t\t\t\t\t\t\t<\/a>\n\t\t\t\t\t\t\t\t\t\t\t\t\t\t\t<\/div>\n\t\t\t\t<\/div>\n\t\t\t\t\t<\/div>\n\t\t<\/div>\n\t\t\t\t\t\t\t<\/div>\n\t\t<\/section>\n\t\t\t\t\t\t<\/div>\n\t\t\t\t\t<\/div>\n\t\t","protected":false},"excerpt":{"rendered":"H\u1ec7 th\u1ed1ng Gi\u00e1o d\u1ee5c M\u1ea7m non Em Maison l\u00e0 d\u1ef1 \u00e1n thu\u1ed9c T\u1ed5 ch\u1ee9c Gi\u00e1o d\u1ee5c Global Embassy v\u1edbi s\u1ee9 m\u1ec7nh nu\u00f4i d\u01b0\u1ee1ng v\u00e0 gi\u00e1o d\u1ee5c tr\u1ebb t\u1eeb 2 \u0111\u1ebfn 6 tu\u1ed5i, g\u1eafn li\u1ec1n v\u1edbi tri\u1ebft l\u00fd s\u01b0 ph\u1ea1m s\u00e2u s\u1eafc c\u1ee7a H\u01b0\u1edbng ti\u1ebfp c\u1eadn Reggio Emilia\u00ae. Global Embassy\u00a0g\u1ed3m m\u1ed9t m\u1ea1ng l\u01b0\u1edbi c\u00e1c nh\u00e0 gi\u00e1o [&hellip;]","protected":false},"author":2,"featured_media":0,"parent":0,"menu_order":0,"comment_status":"closed","ping_status":"closed","template":"","meta":[],"yoast_head":"<!-- This site is optimized with the Yoast SEO plugin v17.9 - https:\/\/yoast.com\/wordpress\/plugins\/seo\/ -->\n<meta name=\"robots\" content=\"index, follow, max-snippet:-1, max-image-preview:large, max-video-preview:-1\" \/>\n<link rel=\"canonical\" href=\"https:\/\/emmaison.edu.vn\/cs3\/to-chuc-va-doi-tac\/\" \/>\n<meta property=\"og:locale\" content=\"vi_VN\" \/>\n<meta property=\"og:type\" content=\"article\" \/>\n<meta property=\"og:title\" content=\"T\u1ed5 ch\u1ee9c v\u00e0 \u0110\u1ed1i t\u00e1c - Ng\u00f4i nh\u00e0 B\u00e9 con \u2013 Em Maison C\u1ea7n Th\u01a1\" \/>\n<meta property=\"og:description\" content=\"H\u1ec7 th\u1ed1ng Gi\u00e1o d\u1ee5c M\u1ea7m non Em Maison l\u00e0 d\u1ef1 \u00e1n thu\u1ed9c T\u1ed5 ch\u1ee9c Gi\u00e1o d\u1ee5c Global Embassy v\u1edbi s\u1ee9 m\u1ec7nh nu\u00f4i d\u01b0\u1ee1ng v\u00e0 gi\u00e1o d\u1ee5c tr\u1ebb t\u1eeb 2 \u0111\u1ebfn 6 tu\u1ed5i, g\u1eafn li\u1ec1n v\u1edbi tri\u1ebft l\u00fd s\u01b0 ph\u1ea1m s\u00e2u s\u1eafc c\u1ee7a H\u01b0\u1edbng ti\u1ebfp c\u1eadn Reggio Emilia\u00ae. Global Embassy\u00a0g\u1ed3m m\u1ed9t m\u1ea1ng l\u01b0\u1edbi c\u00e1c nh\u00e0 gi\u00e1o [&hellip;]\" \/>\n<meta property=\"og:url\" content=\"https:\/\/emmaison.edu.vn\/cs3\/to-chuc-va-doi-tac\/\" \/>\n<meta property=\"og:site_name\" content=\"Ng\u00f4i nh\u00e0 B\u00e9 con \u2013 Em Maison C\u1ea7n Th\u01a1\" \/>\n<meta property=\"article:modified_time\" content=\"2024-04-15T08:41:41+00:00\" \/>\n<meta property=\"og:image\" content=\"https:\/\/emmaison.edu.vn\/cs3\/wp-content\/uploads\/2021\/12\/GE_LOGO_BLACK-300x300.png\" \/>\n<meta name=\"twitter:card\" content=\"summary_large_image\" \/>\n<meta name=\"twitter:label1\" content=\"\u01af\u1edbc t\u00ednh th\u1eddi gian \u0111\u1ecdc\" \/>\n\t<meta name=\"twitter:data1\" content=\"3 ph\u00fat\" \/>\n<script type=\"application\/ld+json\" class=\"yoast-schema-graph\">{\"@context\":\"https:\/\/schema.org\",\"@graph\":[{\"@type\":\"WebSite\",\"@id\":\"https:\/\/emmaison.edu.vn\/cs3\/#website\",\"url\":\"https:\/\/emmaison.edu.vn\/cs3\/\",\"name\":\"Ng\\u00f4i nh\\u00e0 B\\u00e9 con \\u2013 Em Maison C\\u1ea7n Th\\u01a1\",\"description\":\"Learn as you play\",\"potentialAction\":[{\"@type\":\"SearchAction\",\"target\":{\"@type\":\"EntryPoint\",\"urlTemplate\":\"https:\/\/emmaison.edu.vn\/cs3\/?s={search_term_string}\"},\"query-input\":\"required name=search_term_string\"}],\"inLanguage\":\"vi\"},{\"@type\":\"ImageObject\",\"@id\":\"https:\/\/emmaison.edu.vn\/cs3\/to-chuc-va-doi-tac\/#primaryimage\",\"inLanguage\":\"vi\",\"url\":\"https:\/\/emmaison.edu.vn\/cs3\/wp-content\/uploads\/2021\/12\/GE_LOGO_BLACK.png\",\"contentUrl\":\"https:\/\/emmaison.edu.vn\/cs3\/wp-content\/uploads\/2021\/12\/GE_LOGO_BLACK.png\",\"width\":592,\"height\":592},{\"@type\":\"WebPage\",\"@id\":\"https:\/\/emmaison.edu.vn\/cs3\/to-chuc-va-doi-tac\/#webpage\",\"url\":\"https:\/\/emmaison.edu.vn\/cs3\/to-chuc-va-doi-tac\/\",\"name\":\"T\\u1ed5 ch\\u1ee9c v\\u00e0 \\u0110\\u1ed1i t\\u00e1c - Ng\\u00f4i nh\\u00e0 B\\u00e9 con \\u2013 Em Maison C\\u1ea7n Th\\u01a1\",\"isPartOf\":{\"@id\":\"https:\/\/emmaison.edu.vn\/cs3\/#website\"},\"primaryImageOfPage\":{\"@id\":\"https:\/\/emmaison.edu.vn\/cs3\/to-chuc-va-doi-tac\/#primaryimage\"},\"datePublished\":\"2021-12-28T05:19:28+00:00\",\"dateModified\":\"2024-04-15T08:41:41+00:00\",\"breadcrumb\":{\"@id\":\"https:\/\/emmaison.edu.vn\/cs3\/to-chuc-va-doi-tac\/#breadcrumb\"},\"inLanguage\":\"vi\",\"potentialAction\":[{\"@type\":\"ReadAction\",\"target\":[\"https:\/\/emmaison.edu.vn\/cs3\/to-chuc-va-doi-tac\/\"]}]},{\"@type\":\"BreadcrumbList\",\"@id\":\"https:\/\/emmaison.edu.vn\/cs3\/to-chuc-va-doi-tac\/#breadcrumb\",\"itemListElement\":[{\"@type\":\"ListItem\",\"position\":1,\"name\":\"Home\",\"item\":\"https:\/\/emmaison.edu.vn\/cs3\/\"},{\"@type\":\"ListItem\",\"position\":2,\"name\":\"T\\u1ed5 ch\\u1ee9c v\\u00e0 \\u0110\\u1ed1i t\\u00e1c\"}]}]}<\/script>\n<!-- \/ Yoast SEO plugin. -->","yoast_head_json":{"robots":{"index":"index","follow":"follow","max-snippet":"max-snippet:-1","max-image-preview":"max-image-preview:large","max-video-preview":"max-video-preview:-1"},"canonical":"https:\/\/emmaison.edu.vn\/cs3\/to-chuc-va-doi-tac\/","og_locale":"vi_VN","og_type":"article","og_title":"T\u1ed5 ch\u1ee9c v\u00e0 \u0110\u1ed1i t\u00e1c - Ng\u00f4i nh\u00e0 B\u00e9 con \u2013 Em Maison C\u1ea7n Th\u01a1","og_description":"H\u1ec7 th\u1ed1ng Gi\u00e1o d\u1ee5c M\u1ea7m non Em Maison l\u00e0 d\u1ef1 \u00e1n thu\u1ed9c T\u1ed5 ch\u1ee9c Gi\u00e1o d\u1ee5c Global Embassy v\u1edbi s\u1ee9 m\u1ec7nh nu\u00f4i d\u01b0\u1ee1ng v\u00e0 gi\u00e1o d\u1ee5c tr\u1ebb t\u1eeb 2 \u0111\u1ebfn 6 tu\u1ed5i, g\u1eafn li\u1ec1n v\u1edbi tri\u1ebft l\u00fd s\u01b0 ph\u1ea1m s\u00e2u s\u1eafc c\u1ee7a H\u01b0\u1edbng ti\u1ebfp c\u1eadn Reggio Emilia\u00ae. Global Embassy\u00a0g\u1ed3m m\u1ed9t m\u1ea1ng l\u01b0\u1edbi c\u00e1c nh\u00e0 gi\u00e1o [&hellip;]","og_url":"https:\/\/emmaison.edu.vn\/cs3\/to-chuc-va-doi-tac\/","og_site_name":"Ng\u00f4i nh\u00e0 B\u00e9 con \u2013 Em Maison C\u1ea7n Th\u01a1","article_modified_time":"2024-04-15T08:41:41+00:00","og_image":[{"url":"https:\/\/emmaison.edu.vn\/cs3\/wp-content\/uploads\/2021\/12\/GE_LOGO_BLACK-300x300.png"}],"twitter_card":"summary_large_image","twitter_misc":{"\u01af\u1edbc t\u00ednh th\u1eddi gian \u0111\u1ecdc":"3 ph\u00fat"},"schema":{"@context":"https:\/\/schema.org","@graph":[{"@type":"WebSite","@id":"https:\/\/emmaison.edu.vn\/cs3\/#website","url":"https:\/\/emmaison.edu.vn\/cs3\/","name":"Ng\u00f4i nh\u00e0 B\u00e9 con \u2013 Em Maison C\u1ea7n Th\u01a1","description":"Learn as you play","potentialAction":[{"@type":"SearchAction","target":{"@type":"EntryPoint","urlTemplate":"https:\/\/emmaison.edu.vn\/cs3\/?s={search_term_string}"},"query-input":"required name=search_term_string"}],"inLanguage":"vi"},{"@type":"ImageObject","@id":"https:\/\/emmaison.edu.vn\/cs3\/to-chuc-va-doi-tac\/#primaryimage","inLanguage":"vi","url":"https:\/\/emmaison.edu.vn\/cs3\/wp-content\/uploads\/2021\/12\/GE_LOGO_BLACK.png","contentUrl":"https:\/\/emmaison.edu.vn\/cs3\/wp-content\/uploads\/2021\/12\/GE_LOGO_BLACK.png","width":592,"height":592},{"@type":"WebPage","@id":"https:\/\/emmaison.edu.vn\/cs3\/to-chuc-va-doi-tac\/#webpage","url":"https:\/\/emmaison.edu.vn\/cs3\/to-chuc-va-doi-tac\/","name":"T\u1ed5 ch\u1ee9c v\u00e0 \u0110\u1ed1i t\u00e1c - Ng\u00f4i nh\u00e0 B\u00e9 con \u2013 Em Maison C\u1ea7n Th\u01a1","isPartOf":{"@id":"https:\/\/emmaison.edu.vn\/cs3\/#website"},"primaryImageOfPage":{"@id":"https:\/\/emmaison.edu.vn\/cs3\/to-chuc-va-doi-tac\/#primaryimage"},"datePublished":"2021-12-28T05:19:28+00:00","dateModified":"2024-04-15T08:41:41+00:00","breadcrumb":{"@id":"https:\/\/emmaison.edu.vn\/cs3\/to-chuc-va-doi-tac\/#breadcrumb"},"inLanguage":"vi","potentialAction":[{"@type":"ReadAction","target":["https:\/\/emmaison.edu.vn\/cs3\/to-chuc-va-doi-tac\/"]}]},{"@type":"BreadcrumbList","@id":"https:\/\/emmaison.edu.vn\/cs3\/to-chuc-va-doi-tac\/#breadcrumb","itemListElement":[{"@type":"ListItem","position":1,"name":"Home","item":"https:\/\/emmaison.edu.vn\/cs3\/"},{"@type":"ListItem","position":2,"name":"T\u1ed5 ch\u1ee9c v\u00e0 \u0110\u1ed1i t\u00e1c"}]}]}},"lang":"vi","translations":{"vi":931},"pll_sync_post":[],"_links":{"self":[{"href":"https:\/\/emmaison.edu.vn\/cs3\/wp-json\/wp\/v2\/pages\/931"}],"collection":[{"href":"https:\/\/emmaison.edu.vn\/cs3\/wp-json\/wp\/v2\/pages"}],"about":[{"href":"https:\/\/emmaison.edu.vn\/cs3\/wp-json\/wp\/v2\/types\/page"}],"author":[{"embeddable":true,"href":"https:\/\/emmaison.edu.vn\/cs3\/wp-json\/wp\/v2\/users\/2"}],"replies":[{"embeddable":true,"href":"https:\/\/emmaison.edu.vn\/cs3\/wp-json\/wp\/v2\/comments?post=931"}],"version-history":[{"count":110,"href":"https:\/\/emmaison.edu.vn\/cs3\/wp-json\/wp\/v2\/pages\/931\/revisions"}],"predecessor-version":[{"id":1784,"href":"https:\/\/emmaison.edu.vn\/cs3\/wp-json\/wp\/v2\/pages\/931\/revisions\/1784"}],"wp:attachment":[{"href":"https:\/\/emmaison.edu.vn\/cs3\/wp-json\/wp\/v2\/media?parent=931"}],"curies":[{"name":"wp","href":"https:\/\/api.w.org\/{rel}","templated":true}]}}