

{"id":843,"date":"2021-12-24T09:16:55","date_gmt":"2021-12-24T09:16:55","guid":{"rendered":"https:\/\/emmaison.edu.vn\/cs3\/?page_id=843"},"modified":"2022-09-09T07:23:11","modified_gmt":"2022-09-09T07:23:11","slug":"lich-hoc","status":"publish","type":"page","link":"https:\/\/emmaison.edu.vn\/cs3\/lich-hoc\/","title":{"rendered":"L\u1ecbch h\u1ecdc"},"content":{"rendered":"\t\t<div data-elementor-type=\"wp-page\" data-elementor-id=\"843\" class=\"elementor elementor-843\" data-elementor-settings=\"[]\">\n\t\t\t\t\t\t\t<div class=\"elementor-section-wrap\">\n\t\t\t\t\t\t\t<section class=\"elementor-section elementor-top-section elementor-element elementor-element-b80662e elementor-section-full_width elementor-section-height-default elementor-section-height-default\" data-id=\"b80662e\" data-element_type=\"section\" data-settings=\"{&quot;background_background&quot;:&quot;classic&quot;}\">\n\t\t\t\t\t\t<div class=\"elementor-container elementor-column-gap-default\">\n\t\t\t\t\t<div class=\"elementor-column elementor-col-100 elementor-top-column elementor-element elementor-element-e884c74\" data-id=\"e884c74\" data-element_type=\"column\">\n\t\t\t<div class=\"elementor-widget-wrap elementor-element-populated\">\n\t\t\t\t\t\t\t\t<div class=\"elementor-element elementor-element-521da80 elementor-widget elementor-widget-image\" data-id=\"521da80\" data-element_type=\"widget\" data-widget_type=\"image.default\">\n\t\t\t\t<div class=\"elementor-widget-container\">\n\t\t\t\t\t\t\t\t\t\t\t\t\t\t\t<img width=\"2506\" height=\"3534\" src=\"https:\/\/emmaison.edu.vn\/cs3\/wp-content\/uploads\/2022\/09\/EMS-Calendar-WEB-1.png\" class=\"attachment-full size-full\" alt=\"Em Maison- School Calendar\" loading=\"lazy\" srcset=\"https:\/\/emmaison.edu.vn\/cs3\/wp-content\/uploads\/2022\/09\/EMS-Calendar-WEB-1.png 2506w, https:\/\/emmaison.edu.vn\/cs3\/wp-content\/uploads\/2022\/09\/EMS-Calendar-WEB-1-213x300.png 213w, https:\/\/emmaison.edu.vn\/cs3\/wp-content\/uploads\/2022\/09\/EMS-Calendar-WEB-1-726x1024.png 726w, https:\/\/emmaison.edu.vn\/cs3\/wp-content\/uploads\/2022\/09\/EMS-Calendar-WEB-1-768x1083.png 768w, https:\/\/emmaison.edu.vn\/cs3\/wp-content\/uploads\/2022\/09\/EMS-Calendar-WEB-1-1089x1536.png 1089w, https:\/\/emmaison.edu.vn\/cs3\/wp-content\/uploads\/2022\/09\/EMS-Calendar-WEB-1-1452x2048.png 1452w\" sizes=\"(max-width: 2506px) 100vw, 2506px\" \/>\t\t\t\t\t\t\t\t\t\t\t\t\t\t\t<\/div>\n\t\t\t\t<\/div>\n\t\t\t\t\t<\/div>\n\t\t<\/div>\n\t\t\t\t\t\t\t<\/div>\n\t\t<\/section>\n\t\t\t\t\t\t<\/div>\n\t\t\t\t\t<\/div>\n\t\t","protected":false},"excerpt":{"rendered":"","protected":false},"author":2,"featured_media":84,"parent":0,"menu_order":0,"comment_status":"closed","ping_status":"closed","template":"","meta":[],"yoast_head":"<!-- This site is optimized with the Yoast SEO plugin v17.9 - https:\/\/yoast.com\/wordpress\/plugins\/seo\/ -->\n<meta name=\"robots\" content=\"index, follow, max-snippet:-1, max-image-preview:large, max-video-preview:-1\" \/>\n<link rel=\"canonical\" href=\"https:\/\/emmaison.edu.vn\/cs3\/lich-hoc\/\" \/>\n<meta property=\"og:locale\" content=\"vi_VN\" \/>\n<meta property=\"og:type\" content=\"article\" \/>\n<meta property=\"og:title\" content=\"L\u1ecbch h\u1ecdc - Ng\u00f4i nh\u00e0 B\u00e9 con \u2013 Em Maison C\u1ea7n Th\u01a1\" \/>\n<meta property=\"og:url\" content=\"https:\/\/emmaison.edu.vn\/cs3\/lich-hoc\/\" \/>\n<meta property=\"og:site_name\" content=\"Ng\u00f4i nh\u00e0 B\u00e9 con \u2013 Em Maison C\u1ea7n Th\u01a1\" \/>\n<meta property=\"article:modified_time\" content=\"2022-09-09T07:23:11+00:00\" \/>\n<meta property=\"og:image\" content=\"https:\/\/emmaison.edu.vn\/cs3\/wp-content\/uploads\/2021\/09\/about_welcome.png\" \/>\n\t<meta property=\"og:image:width\" content=\"509\" \/>\n\t<meta property=\"og:image:height\" content=\"322\" \/>\n\t<meta property=\"og:image:type\" content=\"image\/png\" \/>\n<meta name=\"twitter:card\" content=\"summary_large_image\" \/>\n<meta name=\"twitter:label1\" content=\"\u01af\u1edbc t\u00ednh th\u1eddi gian \u0111\u1ecdc\" \/>\n\t<meta name=\"twitter:data1\" content=\"1 ph\u00fat\" \/>\n<script type=\"application\/ld+json\" class=\"yoast-schema-graph\">{\"@context\":\"https:\/\/schema.org\",\"@graph\":[{\"@type\":\"WebSite\",\"@id\":\"https:\/\/emmaison.edu.vn\/cs3\/#website\",\"url\":\"https:\/\/emmaison.edu.vn\/cs3\/\",\"name\":\"Ng\\u00f4i nh\\u00e0 B\\u00e9 con \\u2013 Em Maison C\\u1ea7n Th\\u01a1\",\"description\":\"Learn as you play\",\"potentialAction\":[{\"@type\":\"SearchAction\",\"target\":{\"@type\":\"EntryPoint\",\"urlTemplate\":\"https:\/\/emmaison.edu.vn\/cs3\/?s={search_term_string}\"},\"query-input\":\"required name=search_term_string\"}],\"inLanguage\":\"vi\"},{\"@type\":\"ImageObject\",\"@id\":\"https:\/\/emmaison.edu.vn\/cs3\/lich-hoc\/#primaryimage\",\"inLanguage\":\"vi\",\"url\":\"https:\/\/emmaison.edu.vn\/cs3\/wp-content\/uploads\/2021\/09\/about_welcome.png\",\"contentUrl\":\"https:\/\/emmaison.edu.vn\/cs3\/wp-content\/uploads\/2021\/09\/about_welcome.png\",\"width\":509,\"height\":322},{\"@type\":\"WebPage\",\"@id\":\"https:\/\/emmaison.edu.vn\/cs3\/lich-hoc\/#webpage\",\"url\":\"https:\/\/emmaison.edu.vn\/cs3\/lich-hoc\/\",\"name\":\"L\\u1ecbch h\\u1ecdc - Ng\\u00f4i nh\\u00e0 B\\u00e9 con \\u2013 Em Maison C\\u1ea7n Th\\u01a1\",\"isPartOf\":{\"@id\":\"https:\/\/emmaison.edu.vn\/cs3\/#website\"},\"primaryImageOfPage\":{\"@id\":\"https:\/\/emmaison.edu.vn\/cs3\/lich-hoc\/#primaryimage\"},\"datePublished\":\"2021-12-24T09:16:55+00:00\",\"dateModified\":\"2022-09-09T07:23:11+00:00\",\"breadcrumb\":{\"@id\":\"https:\/\/emmaison.edu.vn\/cs3\/lich-hoc\/#breadcrumb\"},\"inLanguage\":\"vi\",\"potentialAction\":[{\"@type\":\"ReadAction\",\"target\":[\"https:\/\/emmaison.edu.vn\/cs3\/lich-hoc\/\"]}]},{\"@type\":\"BreadcrumbList\",\"@id\":\"https:\/\/emmaison.edu.vn\/cs3\/lich-hoc\/#breadcrumb\",\"itemListElement\":[{\"@type\":\"ListItem\",\"position\":1,\"name\":\"Home\",\"item\":\"https:\/\/emmaison.edu.vn\/cs3\/\"},{\"@type\":\"ListItem\",\"position\":2,\"name\":\"L\\u1ecbch h\\u1ecdc\"}]}]}<\/script>\n<!-- \/ Yoast SEO plugin. -->","yoast_head_json":{"robots":{"index":"index","follow":"follow","max-snippet":"max-snippet:-1","max-image-preview":"max-image-preview:large","max-video-preview":"max-video-preview:-1"},"canonical":"https:\/\/emmaison.edu.vn\/cs3\/lich-hoc\/","og_locale":"vi_VN","og_type":"article","og_title":"L\u1ecbch h\u1ecdc - Ng\u00f4i nh\u00e0 B\u00e9 con \u2013 Em Maison C\u1ea7n Th\u01a1","og_url":"https:\/\/emmaison.edu.vn\/cs3\/lich-hoc\/","og_site_name":"Ng\u00f4i nh\u00e0 B\u00e9 con \u2013 Em Maison C\u1ea7n Th\u01a1","article_modified_time":"2022-09-09T07:23:11+00:00","og_image":[{"width":509,"height":322,"url":"https:\/\/emmaison.edu.vn\/cs3\/wp-content\/uploads\/2021\/09\/about_welcome.png","type":"image\/png"}],"twitter_card":"summary_large_image","twitter_misc":{"\u01af\u1edbc t\u00ednh th\u1eddi gian \u0111\u1ecdc":"1 ph\u00fat"},"schema":{"@context":"https:\/\/schema.org","@graph":[{"@type":"WebSite","@id":"https:\/\/emmaison.edu.vn\/cs3\/#website","url":"https:\/\/emmaison.edu.vn\/cs3\/","name":"Ng\u00f4i nh\u00e0 B\u00e9 con \u2013 Em Maison C\u1ea7n Th\u01a1","description":"Learn as you play","potentialAction":[{"@type":"SearchAction","target":{"@type":"EntryPoint","urlTemplate":"https:\/\/emmaison.edu.vn\/cs3\/?s={search_term_string}"},"query-input":"required name=search_term_string"}],"inLanguage":"vi"},{"@type":"ImageObject","@id":"https:\/\/emmaison.edu.vn\/cs3\/lich-hoc\/#primaryimage","inLanguage":"vi","url":"https:\/\/emmaison.edu.vn\/cs3\/wp-content\/uploads\/2021\/09\/about_welcome.png","contentUrl":"https:\/\/emmaison.edu.vn\/cs3\/wp-content\/uploads\/2021\/09\/about_welcome.png","width":509,"height":322},{"@type":"WebPage","@id":"https:\/\/emmaison.edu.vn\/cs3\/lich-hoc\/#webpage","url":"https:\/\/emmaison.edu.vn\/cs3\/lich-hoc\/","name":"L\u1ecbch h\u1ecdc - Ng\u00f4i nh\u00e0 B\u00e9 con \u2013 Em Maison C\u1ea7n Th\u01a1","isPartOf":{"@id":"https:\/\/emmaison.edu.vn\/cs3\/#website"},"primaryImageOfPage":{"@id":"https:\/\/emmaison.edu.vn\/cs3\/lich-hoc\/#primaryimage"},"datePublished":"2021-12-24T09:16:55+00:00","dateModified":"2022-09-09T07:23:11+00:00","breadcrumb":{"@id":"https:\/\/emmaison.edu.vn\/cs3\/lich-hoc\/#breadcrumb"},"inLanguage":"vi","potentialAction":[{"@type":"ReadAction","target":["https:\/\/emmaison.edu.vn\/cs3\/lich-hoc\/"]}]},{"@type":"BreadcrumbList","@id":"https:\/\/emmaison.edu.vn\/cs3\/lich-hoc\/#breadcrumb","itemListElement":[{"@type":"ListItem","position":1,"name":"Home","item":"https:\/\/emmaison.edu.vn\/cs3\/"},{"@type":"ListItem","position":2,"name":"L\u1ecbch h\u1ecdc"}]}]}},"lang":"vi","translations":{"vi":843},"pll_sync_post":[],"_links":{"self":[{"href":"https:\/\/emmaison.edu.vn\/cs3\/wp-json\/wp\/v2\/pages\/843"}],"collection":[{"href":"https:\/\/emmaison.edu.vn\/cs3\/wp-json\/wp\/v2\/pages"}],"about":[{"href":"https:\/\/emmaison.edu.vn\/cs3\/wp-json\/wp\/v2\/types\/page"}],"author":[{"embeddable":true,"href":"https:\/\/emmaison.edu.vn\/cs3\/wp-json\/wp\/v2\/users\/2"}],"replies":[{"embeddable":true,"href":"https:\/\/emmaison.edu.vn\/cs3\/wp-json\/wp\/v2\/comments?post=843"}],"version-history":[{"count":23,"href":"https:\/\/emmaison.edu.vn\/cs3\/wp-json\/wp\/v2\/pages\/843\/revisions"}],"predecessor-version":[{"id":1624,"href":"https:\/\/emmaison.edu.vn\/cs3\/wp-json\/wp\/v2\/pages\/843\/revisions\/1624"}],"wp:featuredmedia":[{"embeddable":true,"href":"https:\/\/emmaison.edu.vn\/cs3\/wp-json\/wp\/v2\/media\/84"}],"wp:attachment":[{"href":"https:\/\/emmaison.edu.vn\/cs3\/wp-json\/wp\/v2\/media?parent=843"}],"curies":[{"name":"wp","href":"https:\/\/api.w.org\/{rel}","templated":true}]}}