

{"id":82,"date":"2021-09-29T07:46:40","date_gmt":"2021-09-29T07:46:40","guid":{"rendered":"https:\/\/emmaison.edu.vn\/cs3\/?page_id=82"},"modified":"2021-09-30T07:36:31","modified_gmt":"2021-09-30T07:36:31","slug":"about-em-maison","status":"publish","type":"page","link":"https:\/\/emmaison.edu.vn\/cs3\/en\/about-em-maison\/","title":{"rendered":"About Em Maison"},"content":{"rendered":"<p>Em Maison Pre-school Education System is the early childhood education project of Global Embassy with its mission of nurturing and educating children from 2-6 years old, with its pedagogical philosophy deeply-rooted in the Reggio Emilia Approach\u00ae. As an official member of the <strong>Reggio Emilia Approach\u00ae Excellence Pre-schools program in Vietnam<\/strong>, Em Maison prides itself on an authentic Reggio experience for its children and its families.<\/p>\n<p>Em Maison is our <strong>Children&#8217;s Second-Home<\/strong> &#8211; an immersive bi-lingual school with its learning spaces and environment carefully designed and curated to enable our children to discover themselves, their potentials through \u201cone hundred languages\u201d so that they can become the best version of themselves. The Em Maison Pre-school Education System is pioneering in its integrated implementation of the new Early Childhood Education Program issued by the Vietnamese Ministry of Education and Training, and the original and authentic Reggio Emilia Approach\u00ae.<\/p>\n<p>Em Maison Pre-school<\/p>\n<p>Welcoming you to HOME.<\/p>\n","protected":false},"excerpt":{"rendered":"Em Maison Pre-school Education System is the early childhood education project of Global Embassy with its mission of nurturing and educating children from 2-6 years old, with its pedagogical philosophy deeply-rooted in the Reggio Emilia Approach\u00ae. As an official member of the Reggio Emilia Approach\u00ae Excellence Pre-schools program in Vietnam, Em Maison prides itself on [&hellip;]","protected":false},"author":1,"featured_media":87,"parent":0,"menu_order":0,"comment_status":"closed","ping_status":"closed","template":"about.php","meta":[],"yoast_head":"<!-- This site is optimized with the Yoast SEO plugin v17.9 - https:\/\/yoast.com\/wordpress\/plugins\/seo\/ -->\n<meta name=\"robots\" content=\"index, follow, max-snippet:-1, max-image-preview:large, max-video-preview:-1\" \/>\n<link rel=\"canonical\" href=\"https:\/\/emmaison.edu.vn\/cs3\/en\/about-em-maison\/\" \/>\n<meta property=\"og:locale\" content=\"vi_VN\" \/>\n<meta property=\"og:type\" content=\"article\" \/>\n<meta property=\"og:title\" content=\"About Em Maison - Ng\u00f4i nh\u00e0 B\u00e9 con \u2013 Em Maison C\u1ea7n Th\u01a1\" \/>\n<meta property=\"og:description\" content=\"Em Maison Pre-school Education System is the early childhood education project of Global Embassy with its mission of nurturing and educating children from 2-6 years old, with its pedagogical philosophy deeply-rooted in the Reggio Emilia Approach\u00ae. As an official member of the Reggio Emilia Approach\u00ae Excellence Pre-schools program in Vietnam, Em Maison prides itself on [&hellip;]\" \/>\n<meta property=\"og:url\" content=\"https:\/\/emmaison.edu.vn\/cs3\/en\/about-em-maison\/\" \/>\n<meta property=\"og:site_name\" content=\"Ng\u00f4i nh\u00e0 B\u00e9 con \u2013 Em Maison C\u1ea7n Th\u01a1\" \/>\n<meta property=\"article:modified_time\" content=\"2021-09-30T07:36:31+00:00\" \/>\n<meta property=\"og:image\" content=\"https:\/\/emmaison.edu.vn\/cs3\/wp-content\/uploads\/2021\/09\/about_welcome-1.png\" \/>\n\t<meta property=\"og:image:width\" content=\"509\" \/>\n\t<meta property=\"og:image:height\" content=\"322\" \/>\n\t<meta property=\"og:image:type\" content=\"image\/png\" \/>\n<meta name=\"twitter:card\" content=\"summary_large_image\" \/>\n<meta name=\"twitter:label1\" content=\"\u01af\u1edbc t\u00ednh th\u1eddi gian \u0111\u1ecdc\" \/>\n\t<meta name=\"twitter:data1\" content=\"1 ph\u00fat\" \/>\n<script type=\"application\/ld+json\" class=\"yoast-schema-graph\">{\"@context\":\"https:\/\/schema.org\",\"@graph\":[{\"@type\":\"WebSite\",\"@id\":\"https:\/\/emmaison.edu.vn\/cs3\/#website\",\"url\":\"https:\/\/emmaison.edu.vn\/cs3\/\",\"name\":\"Ng\\u00f4i nh\\u00e0 B\\u00e9 con \\u2013 Em Maison C\\u1ea7n Th\\u01a1\",\"description\":\"Learn as you play\",\"potentialAction\":[{\"@type\":\"SearchAction\",\"target\":{\"@type\":\"EntryPoint\",\"urlTemplate\":\"https:\/\/emmaison.edu.vn\/cs3\/?s={search_term_string}\"},\"query-input\":\"required name=search_term_string\"}],\"inLanguage\":\"vi\"},{\"@type\":\"ImageObject\",\"@id\":\"https:\/\/emmaison.edu.vn\/cs3\/en\/about-em-maison\/#primaryimage\",\"inLanguage\":\"vi\",\"url\":\"https:\/\/emmaison.edu.vn\/cs3\/wp-content\/uploads\/2021\/09\/about_welcome-1.png\",\"contentUrl\":\"https:\/\/emmaison.edu.vn\/cs3\/wp-content\/uploads\/2021\/09\/about_welcome-1.png\",\"width\":509,\"height\":322},{\"@type\":\"WebPage\",\"@id\":\"https:\/\/emmaison.edu.vn\/cs3\/en\/about-em-maison\/#webpage\",\"url\":\"https:\/\/emmaison.edu.vn\/cs3\/en\/about-em-maison\/\",\"name\":\"About Em Maison - Ng\\u00f4i nh\\u00e0 B\\u00e9 con \\u2013 Em Maison C\\u1ea7n Th\\u01a1\",\"isPartOf\":{\"@id\":\"https:\/\/emmaison.edu.vn\/cs3\/#website\"},\"primaryImageOfPage\":{\"@id\":\"https:\/\/emmaison.edu.vn\/cs3\/en\/about-em-maison\/#primaryimage\"},\"datePublished\":\"2021-09-29T07:46:40+00:00\",\"dateModified\":\"2021-09-30T07:36:31+00:00\",\"breadcrumb\":{\"@id\":\"https:\/\/emmaison.edu.vn\/cs3\/en\/about-em-maison\/#breadcrumb\"},\"inLanguage\":\"vi\",\"potentialAction\":[{\"@type\":\"ReadAction\",\"target\":[\"https:\/\/emmaison.edu.vn\/cs3\/en\/about-em-maison\/\"]}]},{\"@type\":\"BreadcrumbList\",\"@id\":\"https:\/\/emmaison.edu.vn\/cs3\/en\/about-em-maison\/#breadcrumb\",\"itemListElement\":[{\"@type\":\"ListItem\",\"position\":1,\"name\":\"Home\",\"item\":\"https:\/\/emmaison.edu.vn\/cs3\/\"},{\"@type\":\"ListItem\",\"position\":2,\"name\":\"About Em Maison\"}]}]}<\/script>\n<!-- \/ Yoast SEO plugin. -->","yoast_head_json":{"robots":{"index":"index","follow":"follow","max-snippet":"max-snippet:-1","max-image-preview":"max-image-preview:large","max-video-preview":"max-video-preview:-1"},"canonical":"https:\/\/emmaison.edu.vn\/cs3\/en\/about-em-maison\/","og_locale":"vi_VN","og_type":"article","og_title":"About Em Maison - Ng\u00f4i nh\u00e0 B\u00e9 con \u2013 Em Maison C\u1ea7n Th\u01a1","og_description":"Em Maison Pre-school Education System is the early childhood education project of Global Embassy with its mission of nurturing and educating children from 2-6 years old, with its pedagogical philosophy deeply-rooted in the Reggio Emilia Approach\u00ae. As an official member of the Reggio Emilia Approach\u00ae Excellence Pre-schools program in Vietnam, Em Maison prides itself on [&hellip;]","og_url":"https:\/\/emmaison.edu.vn\/cs3\/en\/about-em-maison\/","og_site_name":"Ng\u00f4i nh\u00e0 B\u00e9 con \u2013 Em Maison C\u1ea7n Th\u01a1","article_modified_time":"2021-09-30T07:36:31+00:00","og_image":[{"width":509,"height":322,"url":"https:\/\/emmaison.edu.vn\/cs3\/wp-content\/uploads\/2021\/09\/about_welcome-1.png","type":"image\/png"}],"twitter_card":"summary_large_image","twitter_misc":{"\u01af\u1edbc t\u00ednh th\u1eddi gian \u0111\u1ecdc":"1 ph\u00fat"},"schema":{"@context":"https:\/\/schema.org","@graph":[{"@type":"WebSite","@id":"https:\/\/emmaison.edu.vn\/cs3\/#website","url":"https:\/\/emmaison.edu.vn\/cs3\/","name":"Ng\u00f4i nh\u00e0 B\u00e9 con \u2013 Em Maison C\u1ea7n Th\u01a1","description":"Learn as you play","potentialAction":[{"@type":"SearchAction","target":{"@type":"EntryPoint","urlTemplate":"https:\/\/emmaison.edu.vn\/cs3\/?s={search_term_string}"},"query-input":"required name=search_term_string"}],"inLanguage":"vi"},{"@type":"ImageObject","@id":"https:\/\/emmaison.edu.vn\/cs3\/en\/about-em-maison\/#primaryimage","inLanguage":"vi","url":"https:\/\/emmaison.edu.vn\/cs3\/wp-content\/uploads\/2021\/09\/about_welcome-1.png","contentUrl":"https:\/\/emmaison.edu.vn\/cs3\/wp-content\/uploads\/2021\/09\/about_welcome-1.png","width":509,"height":322},{"@type":"WebPage","@id":"https:\/\/emmaison.edu.vn\/cs3\/en\/about-em-maison\/#webpage","url":"https:\/\/emmaison.edu.vn\/cs3\/en\/about-em-maison\/","name":"About Em Maison - Ng\u00f4i nh\u00e0 B\u00e9 con \u2013 Em Maison C\u1ea7n Th\u01a1","isPartOf":{"@id":"https:\/\/emmaison.edu.vn\/cs3\/#website"},"primaryImageOfPage":{"@id":"https:\/\/emmaison.edu.vn\/cs3\/en\/about-em-maison\/#primaryimage"},"datePublished":"2021-09-29T07:46:40+00:00","dateModified":"2021-09-30T07:36:31+00:00","breadcrumb":{"@id":"https:\/\/emmaison.edu.vn\/cs3\/en\/about-em-maison\/#breadcrumb"},"inLanguage":"vi","potentialAction":[{"@type":"ReadAction","target":["https:\/\/emmaison.edu.vn\/cs3\/en\/about-em-maison\/"]}]},{"@type":"BreadcrumbList","@id":"https:\/\/emmaison.edu.vn\/cs3\/en\/about-em-maison\/#breadcrumb","itemListElement":[{"@type":"ListItem","position":1,"name":"Home","item":"https:\/\/emmaison.edu.vn\/cs3\/"},{"@type":"ListItem","position":2,"name":"About Em Maison"}]}]}},"lang":"en","translations":{"en":82,"vi":35},"pll_sync_post":[],"_links":{"self":[{"href":"https:\/\/emmaison.edu.vn\/cs3\/wp-json\/wp\/v2\/pages\/82"}],"collection":[{"href":"https:\/\/emmaison.edu.vn\/cs3\/wp-json\/wp\/v2\/pages"}],"about":[{"href":"https:\/\/emmaison.edu.vn\/cs3\/wp-json\/wp\/v2\/types\/page"}],"author":[{"embeddable":true,"href":"https:\/\/emmaison.edu.vn\/cs3\/wp-json\/wp\/v2\/users\/1"}],"replies":[{"embeddable":true,"href":"https:\/\/emmaison.edu.vn\/cs3\/wp-json\/wp\/v2\/comments?post=82"}],"version-history":[{"count":3,"href":"https:\/\/emmaison.edu.vn\/cs3\/wp-json\/wp\/v2\/pages\/82\/revisions"}],"predecessor-version":[{"id":286,"href":"https:\/\/emmaison.edu.vn\/cs3\/wp-json\/wp\/v2\/pages\/82\/revisions\/286"}],"wp:featuredmedia":[{"embeddable":true,"href":"https:\/\/emmaison.edu.vn\/cs3\/wp-json\/wp\/v2\/media\/87"}],"wp:attachment":[{"href":"https:\/\/emmaison.edu.vn\/cs3\/wp-json\/wp\/v2\/media?parent=82"}],"curies":[{"name":"wp","href":"https:\/\/api.w.org\/{rel}","templated":true}]}}