

{"id":674,"date":"2021-12-10T10:28:13","date_gmt":"2021-12-10T10:28:13","guid":{"rendered":"https:\/\/emmaison.edu.vn\/cs3\/?page_id=674"},"modified":"2024-07-27T03:42:09","modified_gmt":"2024-07-27T03:42:09","slug":"chuong-trinh-sang-tao-bo-tro","status":"publish","type":"page","link":"https:\/\/emmaison.edu.vn\/cs3\/chuong-trinh-sang-tao-bo-tro\/","title":{"rendered":"Ch\u01b0\u01a1ng tr\u00ecnh S\u00e1ng t\u1ea1o b\u1ed5 tr\u1ee3"},"content":{"rendered":"\t\t<div data-elementor-type=\"wp-page\" data-elementor-id=\"674\" class=\"elementor elementor-674\" data-elementor-settings=\"[]\">\n\t\t\t\t\t\t\t<div class=\"elementor-section-wrap\">\n\t\t\t\t\t\t\t<section class=\"elementor-section elementor-top-section elementor-element elementor-element-1eb17df elementor-section-boxed elementor-section-height-default elementor-section-height-default\" data-id=\"1eb17df\" data-element_type=\"section\">\n\t\t\t\t\t\t<div class=\"elementor-container elementor-column-gap-default\">\n\t\t\t\t\t<div class=\"elementor-column elementor-col-100 elementor-top-column elementor-element elementor-element-8db83b8\" data-id=\"8db83b8\" data-element_type=\"column\">\n\t\t\t<div class=\"elementor-widget-wrap elementor-element-populated\">\n\t\t\t\t\t\t\t\t<div class=\"elementor-element elementor-element-5e9c4f9 big_title elementor-widget elementor-widget-heading\" data-id=\"5e9c4f9\" data-element_type=\"widget\" data-widget_type=\"heading.default\">\n\t\t\t\t<div class=\"elementor-widget-container\">\n\t\t\t<h2 class=\"elementor-heading-title elementor-size-default\">Ch\u01b0\u01a1ng tr\u00ecnh s\u00e1ng t\u1ea1o b\u1ed5 tr\u1ee3 <\/h2>\t\t<\/div>\n\t\t\t\t<\/div>\n\t\t\t\t\t<\/div>\n\t\t<\/div>\n\t\t\t\t\t\t\t<\/div>\n\t\t<\/section>\n\t\t\t\t<section class=\"elementor-section elementor-top-section elementor-element elementor-element-788c974 elementor-section-boxed elementor-section-height-default elementor-section-height-default\" data-id=\"788c974\" data-element_type=\"section\">\n\t\t\t\t\t\t<div class=\"elementor-container elementor-column-gap-default\">\n\t\t\t\t\t<div class=\"elementor-column elementor-col-100 elementor-top-column elementor-element elementor-element-f5c2814\" data-id=\"f5c2814\" data-element_type=\"column\">\n\t\t\t<div class=\"elementor-widget-wrap elementor-element-populated\">\n\t\t\t\t\t\t\t\t<div class=\"elementor-element elementor-element-b7dd337 elementor-widget elementor-widget-heading\" data-id=\"b7dd337\" data-element_type=\"widget\" data-widget_type=\"heading.default\">\n\t\t\t\t<div class=\"elementor-widget-container\">\n\t\t\t<h2 class=\"elementor-heading-title elementor-size-default\"><b>K\u1ef9 n\u0103ng bao g\u1ed3m: ng\u00f4n ng\u1eef (ti\u1ebfng Anh), Yoga k\u1ec3 chuy\u1ec7n, C\u1ea3m th\u1ee5 \u00e2m nh\u1ea1c, Ngh\u1ec7 thu\u1eadt th\u1ecb gi\u00e1c, V\u1eadn \u0111\u1ed9ng th\u1ec3 ch\u1ea5t<\/b><\/h2>\t\t<\/div>\n\t\t\t\t<\/div>\n\t\t\t\t<div class=\"elementor-element elementor-element-bf3b157 elementor-widget elementor-widget-text-editor\" data-id=\"bf3b157\" data-element_type=\"widget\" data-widget_type=\"text-editor.default\">\n\t\t\t\t<div class=\"elementor-widget-container\">\n\t\t\t\t\t\t\t<p>C\u00e1c k\u1ef9 n\u0103ng c\u1ea7n thi\u1ebft gi\u00fap c\u00e1c con c\u00f3 \u0111\u01b0\u1ee3c s\u1ef1 ph\u00e1t tri\u1ec3n to\u00e0n di\u1ec7n v\u00e0 \u0111a chi\u1ec1u \u0111\u1ec1u \u0111\u01b0\u1ee3c tr\u01b0\u1eddng<span style=\"color: var( --e-global-color-text ); font-family: var( --e-global-typography-text-font-family ), Sans-serif;\">&nbsp;t\u00edch h\u1ee3p m\u1ed9t c\u00e1ch h\u1ee3p l\u00fd, t\u1ef1 nhi\u00ean v\u00e0 nh\u1eb9 nh\u00e0ng v\u00e0o ch\u01b0\u01a1ng tr\u00ecnh ch\u00ednh kho\u00e1 t\u1ea1i tr\u01b0\u1eddng.<\/span><\/p><p>\u0110\u1ed1i v\u1edbi ch\u01b0\u01a1ng tr\u00ecnh ngo\u1ea1i ng\u1eef, tr\u01b0\u1eddng \u00e1p d\u1ee5ng ph\u01b0\u01a1ng ph\u00e1p ng\u00e2m ng\u00f4n ng\u1eef (English Immersion). C\u00e1c b\u00e9 con c\u1ee7a Em Maison ngo\u00e0i c\u00e1c ti\u1ebft h\u1ecdc ti\u1ebfng anh v\u1edbi gi\u00e1o vi\u00ean b\u1ea3n ng\u1eef, c\u00e1c con s\u1ebd c\u00f9ng nhau t\u01b0\u01a1ng t\u00e1c v\u1edbi gi\u00e1o vi\u00ean c\u1ee7a m\u00ecnh trong xuy\u00ean su\u1ed1t c\u00e1c gi\u1edd h\u1ecdc ho\u1eb7c gi\u1edd ho\u1ea1t \u0111\u1ed9ng t\u1eeb trong l\u1edbp \u0111\u1ebfn kh\u00f4ng gian b\u00ean ngo\u00e0i. \u0110\u1ec3 t\u1eeb \u0111\u00f3 con \u0111\u01b0\u1ee3c c\u1ea3m nh\u1eadn v\u00e0 ti\u1ebfp thu ng\u00f4n ng\u1eef m\u1edbi m\u1ed9t c\u00e1ch t\u1ef1 nhi\u00ean nh\u1ea5t.<\/p><p><span style=\"color: var( --e-global-color-text );\">M\u1ed7i tu\u1ea7n t\u1ea1i Em Maison, c\u00e1c con s\u1ebd \u0111\u01b0\u1ee3c h\u1ecdc Yoga K\u1ebf chuy\u1ec7n, tr\u1ea3i nghi\u1ec7m c\u00e1c gi\u1edd h\u1ecdc C\u1ea3m th\u1ee5 \u00e2m nh\u1ea1c, Ngh\u1ec7 thu\u1eadt th\u1ecb gi\u00e1c, V\u1eadn \u0111\u1ed9ng th\u1ec3 ch\u1ea5t c\u00f9ng c\u00e1c gi\u00e1o vi\u00ean chuy\u00ean m\u00f4n v\u1edbi c\u00e1c b\u00e0i h\u1ecdc v\u00e0 d\u1ee5ng c\u1ee5 h\u1ecdc t\u1eadp \u0111a d\u1ea1ng.<\/span><\/p><p><span style=\"color: var( --e-global-color-text );\">Vi\u1ec7c th\u00fac \u0111\u1ea9y c\u00e1c m\u00f4n h\u1ecdc k\u1ef9 n\u0103ng t\u01b0\u01a1ng th\u00edch v\u1edbi H\u01b0\u1edbng ti\u1ebfp c\u1eadn Reggio Emilia Approach s\u1ebd l\u00e0 \u0111\u00f2n b\u1ea9y quan tr\u1ecdng gi\u00fap ph\u00e1t tri\u1ec3n c\u00e1c con tr\u1edf th\u00e0nh phi\u00ean b\u1ea3n ho\u00e0n thi\u1ec7n c\u1ee7a m\u00ecnh.<\/span><\/p>\t\t\t\t\t\t<\/div>\n\t\t\t\t<\/div>\n\t\t\t\t\t<\/div>\n\t\t<\/div>\n\t\t\t\t\t\t\t<\/div>\n\t\t<\/section>\n\t\t\t\t<section class=\"elementor-section elementor-top-section elementor-element elementor-element-d39a537 elementor-section-boxed elementor-section-height-default elementor-section-height-default\" data-id=\"d39a537\" data-element_type=\"section\">\n\t\t\t\t\t\t<div class=\"elementor-container elementor-column-gap-default\">\n\t\t\t\t\t<div class=\"elementor-column elementor-col-33 elementor-top-column elementor-element elementor-element-c0ed8d5\" data-id=\"c0ed8d5\" data-element_type=\"column\">\n\t\t\t<div class=\"elementor-widget-wrap elementor-element-populated\">\n\t\t\t\t\t\t\t\t<div class=\"elementor-element elementor-element-ffce4e9 elementor-widget elementor-widget-image\" data-id=\"ffce4e9\" data-element_type=\"widget\" data-widget_type=\"image.default\">\n\t\t\t\t<div class=\"elementor-widget-container\">\n\t\t\t\t\t\t\t\t\t\t\t\t\t\t\t<img width=\"1024\" height=\"768\" src=\"https:\/\/emmaison.edu.vn\/cs3\/wp-content\/uploads\/2024\/07\/z5667060056674_6ec84b9355bf7ed240a2b9666ca0ecb7-1024x768.jpg\" class=\"attachment-large size-large\" alt=\"Em Maison C\u1ea7n Th\u01a1\" loading=\"lazy\" srcset=\"https:\/\/emmaison.edu.vn\/cs3\/wp-content\/uploads\/2024\/07\/z5667060056674_6ec84b9355bf7ed240a2b9666ca0ecb7-1024x768.jpg 1024w, https:\/\/emmaison.edu.vn\/cs3\/wp-content\/uploads\/2024\/07\/z5667060056674_6ec84b9355bf7ed240a2b9666ca0ecb7-300x225.jpg 300w, https:\/\/emmaison.edu.vn\/cs3\/wp-content\/uploads\/2024\/07\/z5667060056674_6ec84b9355bf7ed240a2b9666ca0ecb7-768x576.jpg 768w, https:\/\/emmaison.edu.vn\/cs3\/wp-content\/uploads\/2024\/07\/z5667060056674_6ec84b9355bf7ed240a2b9666ca0ecb7-1536x1152.jpg 1536w, https:\/\/emmaison.edu.vn\/cs3\/wp-content\/uploads\/2024\/07\/z5667060056674_6ec84b9355bf7ed240a2b9666ca0ecb7-2048x1536.jpg 2048w\" sizes=\"(max-width: 1024px) 100vw, 1024px\" \/>\t\t\t\t\t\t\t\t\t\t\t\t\t\t\t<\/div>\n\t\t\t\t<\/div>\n\t\t\t\t\t<\/div>\n\t\t<\/div>\n\t\t\t\t<div class=\"elementor-column elementor-col-33 elementor-top-column elementor-element elementor-element-11c6720\" data-id=\"11c6720\" data-element_type=\"column\">\n\t\t\t<div class=\"elementor-widget-wrap elementor-element-populated\">\n\t\t\t\t\t\t\t\t<div class=\"elementor-element elementor-element-030c2b1 elementor-widget elementor-widget-image\" data-id=\"030c2b1\" data-element_type=\"widget\" data-widget_type=\"image.default\">\n\t\t\t\t<div class=\"elementor-widget-container\">\n\t\t\t\t\t\t\t\t\t\t\t\t\t\t\t<img width=\"1024\" height=\"768\" src=\"https:\/\/emmaison.edu.vn\/cs3\/wp-content\/uploads\/2024\/07\/z5667132917386_85918d1cd3c7221c62648db51c949b5f-1-1024x768.jpg\" class=\"attachment-large size-large\" alt=\"Em Maison C\u1ea7n Th\u01a1\" loading=\"lazy\" srcset=\"https:\/\/emmaison.edu.vn\/cs3\/wp-content\/uploads\/2024\/07\/z5667132917386_85918d1cd3c7221c62648db51c949b5f-1-1024x768.jpg 1024w, https:\/\/emmaison.edu.vn\/cs3\/wp-content\/uploads\/2024\/07\/z5667132917386_85918d1cd3c7221c62648db51c949b5f-1-300x225.jpg 300w, https:\/\/emmaison.edu.vn\/cs3\/wp-content\/uploads\/2024\/07\/z5667132917386_85918d1cd3c7221c62648db51c949b5f-1-768x576.jpg 768w, https:\/\/emmaison.edu.vn\/cs3\/wp-content\/uploads\/2024\/07\/z5667132917386_85918d1cd3c7221c62648db51c949b5f-1-1536x1152.jpg 1536w, https:\/\/emmaison.edu.vn\/cs3\/wp-content\/uploads\/2024\/07\/z5667132917386_85918d1cd3c7221c62648db51c949b5f-1-2048x1536.jpg 2048w\" sizes=\"(max-width: 1024px) 100vw, 1024px\" \/>\t\t\t\t\t\t\t\t\t\t\t\t\t\t\t<\/div>\n\t\t\t\t<\/div>\n\t\t\t\t\t<\/div>\n\t\t<\/div>\n\t\t\t\t<div class=\"elementor-column elementor-col-33 elementor-top-column elementor-element elementor-element-b150757\" data-id=\"b150757\" data-element_type=\"column\">\n\t\t\t<div class=\"elementor-widget-wrap elementor-element-populated\">\n\t\t\t\t\t\t\t\t<div class=\"elementor-element elementor-element-dc5e859 elementor-widget elementor-widget-image\" data-id=\"dc5e859\" data-element_type=\"widget\" data-widget_type=\"image.default\">\n\t\t\t\t<div class=\"elementor-widget-container\">\n\t\t\t\t\t\t\t\t\t\t\t\t\t\t\t<img width=\"1024\" height=\"768\" src=\"https:\/\/emmaison.edu.vn\/cs3\/wp-content\/uploads\/2024\/07\/z5667134912094_f75233307f41b81506e32b5af15b55da-1024x768.jpg\" class=\"attachment-large size-large\" alt=\"Em Maison C\u1ea7n Th\u01a1\" loading=\"lazy\" srcset=\"https:\/\/emmaison.edu.vn\/cs3\/wp-content\/uploads\/2024\/07\/z5667134912094_f75233307f41b81506e32b5af15b55da-1024x768.jpg 1024w, https:\/\/emmaison.edu.vn\/cs3\/wp-content\/uploads\/2024\/07\/z5667134912094_f75233307f41b81506e32b5af15b55da-300x225.jpg 300w, https:\/\/emmaison.edu.vn\/cs3\/wp-content\/uploads\/2024\/07\/z5667134912094_f75233307f41b81506e32b5af15b55da-768x576.jpg 768w, https:\/\/emmaison.edu.vn\/cs3\/wp-content\/uploads\/2024\/07\/z5667134912094_f75233307f41b81506e32b5af15b55da-1536x1152.jpg 1536w, https:\/\/emmaison.edu.vn\/cs3\/wp-content\/uploads\/2024\/07\/z5667134912094_f75233307f41b81506e32b5af15b55da-2048x1536.jpg 2048w\" sizes=\"(max-width: 1024px) 100vw, 1024px\" \/>\t\t\t\t\t\t\t\t\t\t\t\t\t\t\t<\/div>\n\t\t\t\t<\/div>\n\t\t\t\t\t<\/div>\n\t\t<\/div>\n\t\t\t\t\t\t\t<\/div>\n\t\t<\/section>\n\t\t\t\t<section class=\"elementor-section elementor-top-section elementor-element elementor-element-b4b3b54 elementor-section-boxed elementor-section-height-default elementor-section-height-default\" data-id=\"b4b3b54\" data-element_type=\"section\">\n\t\t\t\t\t\t<div class=\"elementor-container elementor-column-gap-default\">\n\t\t\t\t\t<div class=\"elementor-column elementor-col-33 elementor-top-column elementor-element elementor-element-6d43cfa\" data-id=\"6d43cfa\" data-element_type=\"column\">\n\t\t\t<div class=\"elementor-widget-wrap elementor-element-populated\">\n\t\t\t\t\t\t\t\t<div class=\"elementor-element elementor-element-014ba1b elementor-widget elementor-widget-image\" data-id=\"014ba1b\" data-element_type=\"widget\" data-widget_type=\"image.default\">\n\t\t\t\t<div class=\"elementor-widget-container\">\n\t\t\t\t\t\t\t\t\t\t\t\t\t\t\t<img width=\"1024\" height=\"768\" src=\"https:\/\/emmaison.edu.vn\/cs3\/wp-content\/uploads\/2024\/07\/Thiet-ke-chua-co-ten-15-1024x768.png\" class=\"attachment-large size-large\" alt=\"Em Maison C\u1ea7n Th\u01a1\" loading=\"lazy\" srcset=\"https:\/\/emmaison.edu.vn\/cs3\/wp-content\/uploads\/2024\/07\/Thiet-ke-chua-co-ten-15-1024x768.png 1024w, https:\/\/emmaison.edu.vn\/cs3\/wp-content\/uploads\/2024\/07\/Thiet-ke-chua-co-ten-15-300x225.png 300w, https:\/\/emmaison.edu.vn\/cs3\/wp-content\/uploads\/2024\/07\/Thiet-ke-chua-co-ten-15-768x576.png 768w, https:\/\/emmaison.edu.vn\/cs3\/wp-content\/uploads\/2024\/07\/Thiet-ke-chua-co-ten-15.png 1200w\" sizes=\"(max-width: 1024px) 100vw, 1024px\" \/>\t\t\t\t\t\t\t\t\t\t\t\t\t\t\t<\/div>\n\t\t\t\t<\/div>\n\t\t\t\t\t<\/div>\n\t\t<\/div>\n\t\t\t\t<div class=\"elementor-column elementor-col-33 elementor-top-column elementor-element elementor-element-4b34a64\" data-id=\"4b34a64\" data-element_type=\"column\">\n\t\t\t<div class=\"elementor-widget-wrap elementor-element-populated\">\n\t\t\t\t\t\t\t\t<div class=\"elementor-element elementor-element-fc410b6 elementor-widget elementor-widget-image\" data-id=\"fc410b6\" data-element_type=\"widget\" data-widget_type=\"image.default\">\n\t\t\t\t<div class=\"elementor-widget-container\">\n\t\t\t\t\t\t\t\t\t\t\t\t\t\t\t<img width=\"1024\" height=\"768\" src=\"https:\/\/emmaison.edu.vn\/cs3\/wp-content\/uploads\/2024\/07\/3-1024x768.png\" class=\"attachment-large size-large\" alt=\"\" loading=\"lazy\" srcset=\"https:\/\/emmaison.edu.vn\/cs3\/wp-content\/uploads\/2024\/07\/3-1024x768.png 1024w, https:\/\/emmaison.edu.vn\/cs3\/wp-content\/uploads\/2024\/07\/3-300x225.png 300w, https:\/\/emmaison.edu.vn\/cs3\/wp-content\/uploads\/2024\/07\/3-768x576.png 768w, https:\/\/emmaison.edu.vn\/cs3\/wp-content\/uploads\/2024\/07\/3-1536x1152.png 1536w, https:\/\/emmaison.edu.vn\/cs3\/wp-content\/uploads\/2024\/07\/3-2048x1536.png 2048w\" sizes=\"(max-width: 1024px) 100vw, 1024px\" \/>\t\t\t\t\t\t\t\t\t\t\t\t\t\t\t<\/div>\n\t\t\t\t<\/div>\n\t\t\t\t\t<\/div>\n\t\t<\/div>\n\t\t\t\t<div class=\"elementor-column elementor-col-33 elementor-top-column elementor-element elementor-element-5a6be9d\" data-id=\"5a6be9d\" data-element_type=\"column\">\n\t\t\t<div class=\"elementor-widget-wrap elementor-element-populated\">\n\t\t\t\t\t\t\t\t<div class=\"elementor-element elementor-element-30ffd72 elementor-widget elementor-widget-image\" data-id=\"30ffd72\" data-element_type=\"widget\" data-widget_type=\"image.default\">\n\t\t\t\t<div class=\"elementor-widget-container\">\n\t\t\t\t\t\t\t\t\t\t\t\t\t\t\t<img width=\"1024\" height=\"768\" src=\"https:\/\/emmaison.edu.vn\/cs3\/wp-content\/uploads\/2024\/07\/Thiet-ke-chua-co-ten-14-1024x768.png\" class=\"attachment-large size-large\" alt=\"Em Maison C\u1ea7n Th\u01a1\" loading=\"lazy\" srcset=\"https:\/\/emmaison.edu.vn\/cs3\/wp-content\/uploads\/2024\/07\/Thiet-ke-chua-co-ten-14-1024x768.png 1024w, https:\/\/emmaison.edu.vn\/cs3\/wp-content\/uploads\/2024\/07\/Thiet-ke-chua-co-ten-14-300x225.png 300w, https:\/\/emmaison.edu.vn\/cs3\/wp-content\/uploads\/2024\/07\/Thiet-ke-chua-co-ten-14-768x576.png 768w, https:\/\/emmaison.edu.vn\/cs3\/wp-content\/uploads\/2024\/07\/Thiet-ke-chua-co-ten-14.png 1200w\" sizes=\"(max-width: 1024px) 100vw, 1024px\" \/>\t\t\t\t\t\t\t\t\t\t\t\t\t\t\t<\/div>\n\t\t\t\t<\/div>\n\t\t\t\t\t<\/div>\n\t\t<\/div>\n\t\t\t\t\t\t\t<\/div>\n\t\t<\/section>\n\t\t\t\t\t\t<\/div>\n\t\t\t\t\t<\/div>\n\t\t","protected":false},"excerpt":{"rendered":"Ch\u01b0\u01a1ng tr\u00ecnh s\u00e1ng t\u1ea1o b\u1ed5 tr\u1ee3 K\u1ef9 n\u0103ng bao g\u1ed3m: ng\u00f4n ng\u1eef (ti\u1ebfng Anh), Yoga k\u1ec3 chuy\u1ec7n, C\u1ea3m th\u1ee5 \u00e2m nh\u1ea1c, Ngh\u1ec7 thu\u1eadt th\u1ecb gi\u00e1c, V\u1eadn \u0111\u1ed9ng th\u1ec3 ch\u1ea5t C\u00e1c k\u1ef9 n\u0103ng c\u1ea7n thi\u1ebft gi\u00fap c\u00e1c con c\u00f3 \u0111\u01b0\u1ee3c s\u1ef1 ph\u00e1t tri\u1ec3n to\u00e0n di\u1ec7n v\u00e0 \u0111a chi\u1ec1u \u0111\u1ec1u \u0111\u01b0\u1ee3c tr\u01b0\u1eddng&nbsp;t\u00edch h\u1ee3p m\u1ed9t c\u00e1ch h\u1ee3p l\u00fd, [&hellip;]","protected":false},"author":2,"featured_media":0,"parent":0,"menu_order":0,"comment_status":"closed","ping_status":"closed","template":"","meta":[],"yoast_head":"<!-- This site is optimized with the Yoast SEO plugin v17.9 - https:\/\/yoast.com\/wordpress\/plugins\/seo\/ -->\n<meta name=\"robots\" content=\"index, follow, max-snippet:-1, max-image-preview:large, max-video-preview:-1\" \/>\n<link rel=\"canonical\" href=\"https:\/\/emmaison.edu.vn\/cs3\/chuong-trinh-sang-tao-bo-tro\/\" \/>\n<meta property=\"og:locale\" content=\"vi_VN\" \/>\n<meta property=\"og:type\" content=\"article\" \/>\n<meta property=\"og:title\" content=\"Ch\u01b0\u01a1ng tr\u00ecnh S\u00e1ng t\u1ea1o b\u1ed5 tr\u1ee3 - Ng\u00f4i nh\u00e0 B\u00e9 con \u2013 Em Maison C\u1ea7n Th\u01a1\" \/>\n<meta property=\"og:description\" content=\"Ch\u01b0\u01a1ng tr\u00ecnh s\u00e1ng t\u1ea1o b\u1ed5 tr\u1ee3 K\u1ef9 n\u0103ng bao g\u1ed3m: ng\u00f4n ng\u1eef (ti\u1ebfng Anh), Yoga k\u1ec3 chuy\u1ec7n, C\u1ea3m th\u1ee5 \u00e2m nh\u1ea1c, Ngh\u1ec7 thu\u1eadt th\u1ecb gi\u00e1c, V\u1eadn \u0111\u1ed9ng th\u1ec3 ch\u1ea5t C\u00e1c k\u1ef9 n\u0103ng c\u1ea7n thi\u1ebft gi\u00fap c\u00e1c con c\u00f3 \u0111\u01b0\u1ee3c s\u1ef1 ph\u00e1t tri\u1ec3n to\u00e0n di\u1ec7n v\u00e0 \u0111a chi\u1ec1u \u0111\u1ec1u \u0111\u01b0\u1ee3c tr\u01b0\u1eddng&nbsp;t\u00edch h\u1ee3p m\u1ed9t c\u00e1ch h\u1ee3p l\u00fd, [&hellip;]\" \/>\n<meta property=\"og:url\" content=\"https:\/\/emmaison.edu.vn\/cs3\/chuong-trinh-sang-tao-bo-tro\/\" \/>\n<meta property=\"og:site_name\" content=\"Ng\u00f4i nh\u00e0 B\u00e9 con \u2013 Em Maison C\u1ea7n Th\u01a1\" \/>\n<meta property=\"article:modified_time\" content=\"2024-07-27T03:42:09+00:00\" \/>\n<meta property=\"og:image\" content=\"https:\/\/emmaison.edu.vn\/cs3\/wp-content\/uploads\/2024\/07\/z5667060056674_6ec84b9355bf7ed240a2b9666ca0ecb7-1024x768.jpg\" \/>\n<meta name=\"twitter:card\" content=\"summary_large_image\" \/>\n<meta name=\"twitter:label1\" content=\"\u01af\u1edbc t\u00ednh th\u1eddi gian \u0111\u1ecdc\" \/>\n\t<meta name=\"twitter:data1\" content=\"3 ph\u00fat\" \/>\n<script type=\"application\/ld+json\" class=\"yoast-schema-graph\">{\"@context\":\"https:\/\/schema.org\",\"@graph\":[{\"@type\":\"WebSite\",\"@id\":\"https:\/\/emmaison.edu.vn\/cs3\/#website\",\"url\":\"https:\/\/emmaison.edu.vn\/cs3\/\",\"name\":\"Ng\\u00f4i nh\\u00e0 B\\u00e9 con \\u2013 Em Maison C\\u1ea7n Th\\u01a1\",\"description\":\"Learn as you play\",\"potentialAction\":[{\"@type\":\"SearchAction\",\"target\":{\"@type\":\"EntryPoint\",\"urlTemplate\":\"https:\/\/emmaison.edu.vn\/cs3\/?s={search_term_string}\"},\"query-input\":\"required name=search_term_string\"}],\"inLanguage\":\"vi\"},{\"@type\":\"ImageObject\",\"@id\":\"https:\/\/emmaison.edu.vn\/cs3\/chuong-trinh-sang-tao-bo-tro\/#primaryimage\",\"inLanguage\":\"vi\",\"url\":\"https:\/\/emmaison.edu.vn\/cs3\/wp-content\/uploads\/2024\/07\/z5667060056674_6ec84b9355bf7ed240a2b9666ca0ecb7.jpg\",\"contentUrl\":\"https:\/\/emmaison.edu.vn\/cs3\/wp-content\/uploads\/2024\/07\/z5667060056674_6ec84b9355bf7ed240a2b9666ca0ecb7.jpg\",\"width\":2560,\"height\":1920},{\"@type\":\"WebPage\",\"@id\":\"https:\/\/emmaison.edu.vn\/cs3\/chuong-trinh-sang-tao-bo-tro\/#webpage\",\"url\":\"https:\/\/emmaison.edu.vn\/cs3\/chuong-trinh-sang-tao-bo-tro\/\",\"name\":\"Ch\\u01b0\\u01a1ng tr\\u00ecnh S\\u00e1ng t\\u1ea1o b\\u1ed5 tr\\u1ee3 - Ng\\u00f4i nh\\u00e0 B\\u00e9 con \\u2013 Em Maison C\\u1ea7n Th\\u01a1\",\"isPartOf\":{\"@id\":\"https:\/\/emmaison.edu.vn\/cs3\/#website\"},\"primaryImageOfPage\":{\"@id\":\"https:\/\/emmaison.edu.vn\/cs3\/chuong-trinh-sang-tao-bo-tro\/#primaryimage\"},\"datePublished\":\"2021-12-10T10:28:13+00:00\",\"dateModified\":\"2024-07-27T03:42:09+00:00\",\"breadcrumb\":{\"@id\":\"https:\/\/emmaison.edu.vn\/cs3\/chuong-trinh-sang-tao-bo-tro\/#breadcrumb\"},\"inLanguage\":\"vi\",\"potentialAction\":[{\"@type\":\"ReadAction\",\"target\":[\"https:\/\/emmaison.edu.vn\/cs3\/chuong-trinh-sang-tao-bo-tro\/\"]}]},{\"@type\":\"BreadcrumbList\",\"@id\":\"https:\/\/emmaison.edu.vn\/cs3\/chuong-trinh-sang-tao-bo-tro\/#breadcrumb\",\"itemListElement\":[{\"@type\":\"ListItem\",\"position\":1,\"name\":\"Home\",\"item\":\"https:\/\/emmaison.edu.vn\/cs3\/\"},{\"@type\":\"ListItem\",\"position\":2,\"name\":\"Ch\\u01b0\\u01a1ng tr\\u00ecnh S\\u00e1ng t\\u1ea1o b\\u1ed5 tr\\u1ee3\"}]}]}<\/script>\n<!-- \/ Yoast SEO plugin. -->","yoast_head_json":{"robots":{"index":"index","follow":"follow","max-snippet":"max-snippet:-1","max-image-preview":"max-image-preview:large","max-video-preview":"max-video-preview:-1"},"canonical":"https:\/\/emmaison.edu.vn\/cs3\/chuong-trinh-sang-tao-bo-tro\/","og_locale":"vi_VN","og_type":"article","og_title":"Ch\u01b0\u01a1ng tr\u00ecnh S\u00e1ng t\u1ea1o b\u1ed5 tr\u1ee3 - Ng\u00f4i nh\u00e0 B\u00e9 con \u2013 Em Maison C\u1ea7n Th\u01a1","og_description":"Ch\u01b0\u01a1ng tr\u00ecnh s\u00e1ng t\u1ea1o b\u1ed5 tr\u1ee3 K\u1ef9 n\u0103ng bao g\u1ed3m: ng\u00f4n ng\u1eef (ti\u1ebfng Anh), Yoga k\u1ec3 chuy\u1ec7n, C\u1ea3m th\u1ee5 \u00e2m nh\u1ea1c, Ngh\u1ec7 thu\u1eadt th\u1ecb gi\u00e1c, V\u1eadn \u0111\u1ed9ng th\u1ec3 ch\u1ea5t C\u00e1c k\u1ef9 n\u0103ng c\u1ea7n thi\u1ebft gi\u00fap c\u00e1c con c\u00f3 \u0111\u01b0\u1ee3c s\u1ef1 ph\u00e1t tri\u1ec3n to\u00e0n di\u1ec7n v\u00e0 \u0111a chi\u1ec1u \u0111\u1ec1u \u0111\u01b0\u1ee3c tr\u01b0\u1eddng&nbsp;t\u00edch h\u1ee3p m\u1ed9t c\u00e1ch h\u1ee3p l\u00fd, [&hellip;]","og_url":"https:\/\/emmaison.edu.vn\/cs3\/chuong-trinh-sang-tao-bo-tro\/","og_site_name":"Ng\u00f4i nh\u00e0 B\u00e9 con \u2013 Em Maison C\u1ea7n Th\u01a1","article_modified_time":"2024-07-27T03:42:09+00:00","og_image":[{"url":"https:\/\/emmaison.edu.vn\/cs3\/wp-content\/uploads\/2024\/07\/z5667060056674_6ec84b9355bf7ed240a2b9666ca0ecb7-1024x768.jpg"}],"twitter_card":"summary_large_image","twitter_misc":{"\u01af\u1edbc t\u00ednh th\u1eddi gian \u0111\u1ecdc":"3 ph\u00fat"},"schema":{"@context":"https:\/\/schema.org","@graph":[{"@type":"WebSite","@id":"https:\/\/emmaison.edu.vn\/cs3\/#website","url":"https:\/\/emmaison.edu.vn\/cs3\/","name":"Ng\u00f4i nh\u00e0 B\u00e9 con \u2013 Em Maison C\u1ea7n Th\u01a1","description":"Learn as you play","potentialAction":[{"@type":"SearchAction","target":{"@type":"EntryPoint","urlTemplate":"https:\/\/emmaison.edu.vn\/cs3\/?s={search_term_string}"},"query-input":"required name=search_term_string"}],"inLanguage":"vi"},{"@type":"ImageObject","@id":"https:\/\/emmaison.edu.vn\/cs3\/chuong-trinh-sang-tao-bo-tro\/#primaryimage","inLanguage":"vi","url":"https:\/\/emmaison.edu.vn\/cs3\/wp-content\/uploads\/2024\/07\/z5667060056674_6ec84b9355bf7ed240a2b9666ca0ecb7.jpg","contentUrl":"https:\/\/emmaison.edu.vn\/cs3\/wp-content\/uploads\/2024\/07\/z5667060056674_6ec84b9355bf7ed240a2b9666ca0ecb7.jpg","width":2560,"height":1920},{"@type":"WebPage","@id":"https:\/\/emmaison.edu.vn\/cs3\/chuong-trinh-sang-tao-bo-tro\/#webpage","url":"https:\/\/emmaison.edu.vn\/cs3\/chuong-trinh-sang-tao-bo-tro\/","name":"Ch\u01b0\u01a1ng tr\u00ecnh S\u00e1ng t\u1ea1o b\u1ed5 tr\u1ee3 - Ng\u00f4i nh\u00e0 B\u00e9 con \u2013 Em Maison C\u1ea7n Th\u01a1","isPartOf":{"@id":"https:\/\/emmaison.edu.vn\/cs3\/#website"},"primaryImageOfPage":{"@id":"https:\/\/emmaison.edu.vn\/cs3\/chuong-trinh-sang-tao-bo-tro\/#primaryimage"},"datePublished":"2021-12-10T10:28:13+00:00","dateModified":"2024-07-27T03:42:09+00:00","breadcrumb":{"@id":"https:\/\/emmaison.edu.vn\/cs3\/chuong-trinh-sang-tao-bo-tro\/#breadcrumb"},"inLanguage":"vi","potentialAction":[{"@type":"ReadAction","target":["https:\/\/emmaison.edu.vn\/cs3\/chuong-trinh-sang-tao-bo-tro\/"]}]},{"@type":"BreadcrumbList","@id":"https:\/\/emmaison.edu.vn\/cs3\/chuong-trinh-sang-tao-bo-tro\/#breadcrumb","itemListElement":[{"@type":"ListItem","position":1,"name":"Home","item":"https:\/\/emmaison.edu.vn\/cs3\/"},{"@type":"ListItem","position":2,"name":"Ch\u01b0\u01a1ng tr\u00ecnh S\u00e1ng t\u1ea1o b\u1ed5 tr\u1ee3"}]}]}},"lang":"vi","translations":{"vi":674},"pll_sync_post":[],"_links":{"self":[{"href":"https:\/\/emmaison.edu.vn\/cs3\/wp-json\/wp\/v2\/pages\/674"}],"collection":[{"href":"https:\/\/emmaison.edu.vn\/cs3\/wp-json\/wp\/v2\/pages"}],"about":[{"href":"https:\/\/emmaison.edu.vn\/cs3\/wp-json\/wp\/v2\/types\/page"}],"author":[{"embeddable":true,"href":"https:\/\/emmaison.edu.vn\/cs3\/wp-json\/wp\/v2\/users\/2"}],"replies":[{"embeddable":true,"href":"https:\/\/emmaison.edu.vn\/cs3\/wp-json\/wp\/v2\/comments?post=674"}],"version-history":[{"count":76,"href":"https:\/\/emmaison.edu.vn\/cs3\/wp-json\/wp\/v2\/pages\/674\/revisions"}],"predecessor-version":[{"id":2027,"href":"https:\/\/emmaison.edu.vn\/cs3\/wp-json\/wp\/v2\/pages\/674\/revisions\/2027"}],"wp:attachment":[{"href":"https:\/\/emmaison.edu.vn\/cs3\/wp-json\/wp\/v2\/media?parent=674"}],"curies":[{"name":"wp","href":"https:\/\/api.w.org\/{rel}","templated":true}]}}