

{"id":626,"date":"2021-12-10T09:49:29","date_gmt":"2021-12-10T09:49:29","guid":{"rendered":"https:\/\/emmaison.edu.vn\/cs3\/?page_id=626"},"modified":"2024-07-09T07:12:46","modified_gmt":"2024-07-09T07:12:46","slug":"tai-sao-em-maison","status":"publish","type":"page","link":"https:\/\/emmaison.edu.vn\/cs3\/tai-sao-em-maison\/","title":{"rendered":"T\u1ea1i sao Em Maison"},"content":{"rendered":"\t\t<div data-elementor-type=\"wp-page\" data-elementor-id=\"626\" class=\"elementor elementor-626\" data-elementor-settings=\"[]\">\n\t\t\t\t\t\t\t<div class=\"elementor-section-wrap\">\n\t\t\t\t\t\t\t<section class=\"elementor-section elementor-top-section elementor-element elementor-element-1eb17df elementor-section-boxed elementor-section-height-default elementor-section-height-default\" data-id=\"1eb17df\" data-element_type=\"section\">\n\t\t\t\t\t\t<div class=\"elementor-container elementor-column-gap-default\">\n\t\t\t\t\t<div class=\"elementor-column elementor-col-100 elementor-top-column elementor-element elementor-element-8db83b8\" data-id=\"8db83b8\" data-element_type=\"column\">\n\t\t\t<div class=\"elementor-widget-wrap elementor-element-populated\">\n\t\t\t\t\t\t\t\t<div class=\"elementor-element elementor-element-5e9c4f9 big_title elementor-widget elementor-widget-heading\" data-id=\"5e9c4f9\" data-element_type=\"widget\" data-widget_type=\"heading.default\">\n\t\t\t\t<div class=\"elementor-widget-container\">\n\t\t\t<h2 class=\"elementor-heading-title elementor-size-default\"><a href=\"https:\/\/emmaison.edu.vn\/cs3\/tai-sao-em-maison\/\">T\u1ea0I SAO CH\u1eccN EM MAISON L\u00c0 NG\u00d4I NH\u00c0 TH\u1ee8 2 C\u1ee6A CON<\/a><\/h2>\t\t<\/div>\n\t\t\t\t<\/div>\n\t\t\t\t\t<\/div>\n\t\t<\/div>\n\t\t\t\t\t\t\t<\/div>\n\t\t<\/section>\n\t\t\t\t<section class=\"elementor-section elementor-top-section elementor-element elementor-element-788c974 elementor-section-boxed elementor-section-height-default elementor-section-height-default\" data-id=\"788c974\" data-element_type=\"section\">\n\t\t\t\t\t\t<div class=\"elementor-container elementor-column-gap-default\">\n\t\t\t\t\t<div class=\"elementor-column elementor-col-100 elementor-top-column elementor-element elementor-element-f5c2814\" data-id=\"f5c2814\" data-element_type=\"column\">\n\t\t\t<div class=\"elementor-widget-wrap elementor-element-populated\">\n\t\t\t\t\t\t\t\t<div class=\"elementor-element elementor-element-c9523c8 elementor-widget elementor-widget-lae-features\" data-id=\"c9523c8\" data-element_type=\"widget\" data-widget_type=\"lae-features.default\">\n\t\t\t\t<div class=\"elementor-widget-container\">\n\t\t\t\n<div class=\"lae-features lae-container \">\n\n    \n        \n        \n        \n<div class=\"lae-feature lae-image-text-toggle \">\n\n    \n    <div class=\"lae-feature-image lae-image-content  lae-animate-on-scroll lae-visible-on-scroll\"  data-animation=\"bounceInRight\">\n\n        \n            <img width=\"2400\" height=\"1600\" src=\"https:\/\/emmaison.edu.vn\/cs3\/wp-content\/uploads\/2024\/07\/z5616323030548_737e74bc6f77c061cf7e2a2a42fdfe2f.jpg\" class=\"lae-image attachment-full size-full\" alt=\"Kh\u00f4ng gian Em Maison\" loading=\"lazy\" title=\"Kh\u00f4ng gian Em Maison\" srcset=\"https:\/\/emmaison.edu.vn\/cs3\/wp-content\/uploads\/2024\/07\/z5616323030548_737e74bc6f77c061cf7e2a2a42fdfe2f.jpg 2400w, https:\/\/emmaison.edu.vn\/cs3\/wp-content\/uploads\/2024\/07\/z5616323030548_737e74bc6f77c061cf7e2a2a42fdfe2f-300x200.jpg 300w, https:\/\/emmaison.edu.vn\/cs3\/wp-content\/uploads\/2024\/07\/z5616323030548_737e74bc6f77c061cf7e2a2a42fdfe2f-1024x683.jpg 1024w, https:\/\/emmaison.edu.vn\/cs3\/wp-content\/uploads\/2024\/07\/z5616323030548_737e74bc6f77c061cf7e2a2a42fdfe2f-768x512.jpg 768w, https:\/\/emmaison.edu.vn\/cs3\/wp-content\/uploads\/2024\/07\/z5616323030548_737e74bc6f77c061cf7e2a2a42fdfe2f-1536x1024.jpg 1536w, https:\/\/emmaison.edu.vn\/cs3\/wp-content\/uploads\/2024\/07\/z5616323030548_737e74bc6f77c061cf7e2a2a42fdfe2f-2048x1365.jpg 2048w\" sizes=\"(max-width: 2400px) 100vw, 2400px\" \/>\n        \n    <\/div><!-- .lae-feature-image -->\n\n    \n    <div class=\"lae-feature-text lae-text-content  lae-animate-on-scroll lae-visible-on-scroll\"  data-animation=\"fadeInLeft\">\n\n        <div class=\"lae-subtitle\"><\/div>\n\n        <h3 class=\"lae-title\">Kh\u00f4ng gian h\u1ecdc t\u1eadp<\/h3>\n        <div class=\"lae-feature-details\"><p>V\u1edbi c\u00e1ch s\u1eafp x\u1ebfp h\u1ee3p l\u00fd c\u00e1c h\u1ecdc li\u1ec7u v\u00e0 v\u1eadt li\u1ec7u c\u0169ng nh\u01b0 c\u00e1ch b\u00e0i tr\u00ed \u0111\u01a1n gi\u1ea3n nh\u01b0ng \u1ea5m \u00e1p, c\u00e1c con s\u1ebd th\u1ea5y m\u00ecnh v\u1eeba ch\u01a1i, v\u1eeba h\u1ecdc, v\u1eeba \u0111\u01b0\u1ee3c y\u00eau th\u01b0\u01a1ng v\u00e0 v\u1eeba \u0111\u01b0\u1ee3c th\u1ec3 hi\u1ec7n c\u00e1 t\u00ednh c\u1ee7a m\u00ecnh.<\/p><p>V\u1edbi mong mu\u1ed1n mang l\u1ea1i cho c\u00e1c con m\u1ed9t kh\u00f4ng gian an to\u00e0n v\u00e0 th\u1ea9m m\u1ef9, c\u00e1c ph\u00f2ng h\u1ecdc c\u1ee7a Em Maison \u0111\u01b0\u1ee3c thi\u1ebft k\u1ebf \u0111\u01a1n gi\u1ea3n nh\u01b0ng chuy\u1ec3n t\u1ea3i c\u00e1c ch\u1ee7 \u0111\u1ec1 kh\u01a1i d\u1eady s\u1ef1 t\u00f2 m\u00f2 trong m\u1ed7i c\u0103n ph\u00f2ng. M\u1ed7i c\u0103n ph\u00f2ng l\u00e0 m\u1ed9t c\u0103n nh\u00e0 nh\u1ecf cho c\u00e1c con \u1edf nhi\u1ec1u \u0111\u1ed9 tu\u1ed5i kh\u00e1c nhau.\u00a0<\/p><\/div>\n\n    <\/div><!-- .lae-feature-text -->\n\n<\/div><!-- .lae-feature -->\n        \n    \n        \n        \n        \n<div class=\"lae-feature lae-image-text-toggle \">\n\n    \n    <div class=\"lae-feature-image lae-image-content  lae-animate-on-scroll\"  data-animation=\"wobble\">\n\n        \n            <img width=\"2560\" height=\"1702\" src=\"https:\/\/emmaison.edu.vn\/cs3\/wp-content\/uploads\/2024\/07\/IMG_3151-scaled.jpg\" class=\"lae-image attachment-full size-full\" alt=\"IMG_3151\" loading=\"lazy\" title=\"IMG_3151\" srcset=\"https:\/\/emmaison.edu.vn\/cs3\/wp-content\/uploads\/2024\/07\/IMG_3151-scaled.jpg 2560w, https:\/\/emmaison.edu.vn\/cs3\/wp-content\/uploads\/2024\/07\/IMG_3151-300x199.jpg 300w, https:\/\/emmaison.edu.vn\/cs3\/wp-content\/uploads\/2024\/07\/IMG_3151-1024x681.jpg 1024w, https:\/\/emmaison.edu.vn\/cs3\/wp-content\/uploads\/2024\/07\/IMG_3151-768x511.jpg 768w, https:\/\/emmaison.edu.vn\/cs3\/wp-content\/uploads\/2024\/07\/IMG_3151-1536x1021.jpg 1536w, https:\/\/emmaison.edu.vn\/cs3\/wp-content\/uploads\/2024\/07\/IMG_3151-2048x1362.jpg 2048w, https:\/\/emmaison.edu.vn\/cs3\/wp-content\/uploads\/2024\/07\/IMG_3151-760x505.jpg 760w\" sizes=\"(max-width: 2560px) 100vw, 2560px\" \/>\n        \n    <\/div><!-- .lae-feature-image -->\n\n    \n    <div class=\"lae-feature-text lae-text-content  lae-animate-on-scroll lae-visible-on-scroll\"  data-animation=\"fadeInLeft\">\n\n        <div class=\"lae-subtitle\"><\/div>\n\n        <h3 class=\"lae-title\">Ch\u1ea5t l\u01b0\u1ee3ng gi\u1ea3ng d\u1ea1y<\/h3>\n        <div class=\"lae-feature-details\"><p>H\u01b0\u1edbng ti\u1ebfp c\u1eadn Reggio Emilia\u00ae \u0111\u1ec1 cao vai tr\u00f2 c\u1ee7a c\u00e1c th\u1ea7y c\u00f4. T\u1ea1i Em Maison n\u00f3i ri\u00eang v\u00e0 v\u1edbi H\u01b0\u1edbng ti\u1ebfp c\u1eadn Reggio Emilia\u00ae n\u00f3i chung, c\u00e1c th\u1ea7y c\u00f4 l\u00e0 nh\u1eefng nh\u00e0 nghi\u00ean c\u1ee9u &#8211; lu\u00f4n t\u00ecm t\u00f2i nh\u1eefng c\u00e1ch h\u1ed7 tr\u1ee3 s\u00e1ng t\u1ea1o, l\u00e0 nh\u1eefng ng\u01b0\u1eddi c\u00f9ng c\u00e1c con ki\u1ebfn t\u1ea1o v\u00e0 x\u00e2y d\u1ef1ng h\u00e0nh tr\u00ecnh ph\u00e1t tri\u1ec3n c\u00f9ng con. C\u00e1c th\u1ea7y c\u00f4 t\u1ea1i Em Maison ph\u1ea3i tr\u1ea3i qua qu\u00e1 tr\u00ecnh \u0111\u00e0o t\u1ea1o kh\u1eaft khe \u0111\u01b0\u1ee3c tri\u1ec3n khai b\u1edfi Global Embassy c\u00f9ng c\u00e1c chuy\u00ean gia Reggio Children v\u00e0 chuy\u00ean gia th\u1ef1c nghi\u1ec7m t\u1ea1i Global Embassy. Ch\u01b0\u01a1ng tr\u00ecnh \u0111\u00e0o t\u1ea1o 2 n\u0103m v\u00e0 c\u00e1c ch\u01b0\u01a1ng tr\u00ecnh \u0111\u00e0o t\u1ea1o ti\u1ebfp n\u1ed1i b\u1ed5 tr\u1ee3 nghi\u1ec7p v\u1ee5 t\u1eeb n\u0103m th\u1ee9 3 tr\u1edf \u0111i l\u00e0 quy \u0111\u1ecbnh b\u1eaft bu\u1ed9c d\u00e0nh cho b\u1ea5t k\u1ef3 gi\u00e1o vi\u00ean n\u00e0o tham gia gi\u1ea3ng d\u1ea1y ch\u01b0\u01a1ng tr\u00ecnh t\u00edch h\u1ee3p H\u01b0\u1edbng ti\u1ebfp c\u1eadn Regio Emilia\u00ae c\u00f9ng ch\u01b0\u01a1ng tr\u00ecnh b\u1ed9 Gi\u00e1o d\u1ee5c &#8211; \u0110\u00e0o t\u1ea1o Vi\u1ec7t.<\/p><\/div>\n\n    <\/div><!-- .lae-feature-text -->\n\n<\/div><!-- .lae-feature -->\n        \n    \n<\/div><!-- .lae-features -->\n\n\n\t\t<\/div>\n\t\t\t\t<\/div>\n\t\t\t\t\t<\/div>\n\t\t<\/div>\n\t\t\t\t\t\t\t<\/div>\n\t\t<\/section>\n\t\t\t\t\t\t<\/div>\n\t\t\t\t\t<\/div>\n\t\t","protected":false},"excerpt":{"rendered":"T\u1ea0I SAO CH\u1eccN EM MAISON L\u00c0 NG\u00d4I NH\u00c0 TH\u1ee8 2 C\u1ee6A CON Kh\u00f4ng gian h\u1ecdc t\u1eadp V\u1edbi c\u00e1ch s\u1eafp x\u1ebfp h\u1ee3p l\u00fd c\u00e1c h\u1ecdc li\u1ec7u v\u00e0 v\u1eadt li\u1ec7u c\u0169ng nh\u01b0 c\u00e1ch b\u00e0i tr\u00ed \u0111\u01a1n gi\u1ea3n nh\u01b0ng \u1ea5m \u00e1p, c\u00e1c con s\u1ebd th\u1ea5y m\u00ecnh v\u1eeba ch\u01a1i, v\u1eeba h\u1ecdc, v\u1eeba \u0111\u01b0\u1ee3c y\u00eau th\u01b0\u01a1ng v\u00e0 v\u1eeba \u0111\u01b0\u1ee3c th\u1ec3 [&hellip;]","protected":false},"author":2,"featured_media":0,"parent":0,"menu_order":0,"comment_status":"closed","ping_status":"closed","template":"","meta":[],"yoast_head":"<!-- This site is optimized with the Yoast SEO plugin v17.9 - https:\/\/yoast.com\/wordpress\/plugins\/seo\/ -->\n<meta name=\"robots\" content=\"index, follow, max-snippet:-1, max-image-preview:large, max-video-preview:-1\" \/>\n<link rel=\"canonical\" href=\"https:\/\/emmaison.edu.vn\/cs3\/tai-sao-em-maison\/\" \/>\n<meta property=\"og:locale\" content=\"vi_VN\" \/>\n<meta property=\"og:type\" content=\"article\" \/>\n<meta property=\"og:title\" content=\"T\u1ea1i sao Em Maison - Ng\u00f4i nh\u00e0 B\u00e9 con \u2013 Em Maison C\u1ea7n Th\u01a1\" \/>\n<meta property=\"og:description\" content=\"T\u1ea0I SAO CH\u1eccN EM MAISON L\u00c0 NG\u00d4I NH\u00c0 TH\u1ee8 2 C\u1ee6A CON Kh\u00f4ng gian h\u1ecdc t\u1eadp V\u1edbi c\u00e1ch s\u1eafp x\u1ebfp h\u1ee3p l\u00fd c\u00e1c h\u1ecdc li\u1ec7u v\u00e0 v\u1eadt li\u1ec7u c\u0169ng nh\u01b0 c\u00e1ch b\u00e0i tr\u00ed \u0111\u01a1n gi\u1ea3n nh\u01b0ng \u1ea5m \u00e1p, c\u00e1c con s\u1ebd th\u1ea5y m\u00ecnh v\u1eeba ch\u01a1i, v\u1eeba h\u1ecdc, v\u1eeba \u0111\u01b0\u1ee3c y\u00eau th\u01b0\u01a1ng v\u00e0 v\u1eeba \u0111\u01b0\u1ee3c th\u1ec3 [&hellip;]\" \/>\n<meta property=\"og:url\" content=\"https:\/\/emmaison.edu.vn\/cs3\/tai-sao-em-maison\/\" \/>\n<meta property=\"og:site_name\" content=\"Ng\u00f4i nh\u00e0 B\u00e9 con \u2013 Em Maison C\u1ea7n Th\u01a1\" \/>\n<meta property=\"article:modified_time\" content=\"2024-07-09T07:12:46+00:00\" \/>\n<meta property=\"og:image\" content=\"https:\/\/emmaison.edu.vn\/cs3\/wp-content\/uploads\/2024\/07\/z5616323030548_737e74bc6f77c061cf7e2a2a42fdfe2f.jpg\" \/>\n<meta name=\"twitter:card\" content=\"summary_large_image\" \/>\n<meta name=\"twitter:label1\" content=\"\u01af\u1edbc t\u00ednh th\u1eddi gian \u0111\u1ecdc\" \/>\n\t<meta name=\"twitter:data1\" content=\"2 ph\u00fat\" \/>\n<script type=\"application\/ld+json\" class=\"yoast-schema-graph\">{\"@context\":\"https:\/\/schema.org\",\"@graph\":[{\"@type\":\"WebSite\",\"@id\":\"https:\/\/emmaison.edu.vn\/cs3\/#website\",\"url\":\"https:\/\/emmaison.edu.vn\/cs3\/\",\"name\":\"Ng\\u00f4i nh\\u00e0 B\\u00e9 con \\u2013 Em Maison C\\u1ea7n Th\\u01a1\",\"description\":\"Learn as you play\",\"potentialAction\":[{\"@type\":\"SearchAction\",\"target\":{\"@type\":\"EntryPoint\",\"urlTemplate\":\"https:\/\/emmaison.edu.vn\/cs3\/?s={search_term_string}\"},\"query-input\":\"required name=search_term_string\"}],\"inLanguage\":\"vi\"},{\"@type\":\"ImageObject\",\"@id\":\"https:\/\/emmaison.edu.vn\/cs3\/tai-sao-em-maison\/#primaryimage\",\"inLanguage\":\"vi\",\"url\":\"https:\/\/emmaison.edu.vn\/cs3\/wp-content\/uploads\/2024\/07\/z5616323030548_737e74bc6f77c061cf7e2a2a42fdfe2f.jpg\",\"contentUrl\":\"https:\/\/emmaison.edu.vn\/cs3\/wp-content\/uploads\/2024\/07\/z5616323030548_737e74bc6f77c061cf7e2a2a42fdfe2f.jpg\",\"width\":2400,\"height\":1600},{\"@type\":\"WebPage\",\"@id\":\"https:\/\/emmaison.edu.vn\/cs3\/tai-sao-em-maison\/#webpage\",\"url\":\"https:\/\/emmaison.edu.vn\/cs3\/tai-sao-em-maison\/\",\"name\":\"T\\u1ea1i sao Em Maison - Ng\\u00f4i nh\\u00e0 B\\u00e9 con \\u2013 Em Maison C\\u1ea7n Th\\u01a1\",\"isPartOf\":{\"@id\":\"https:\/\/emmaison.edu.vn\/cs3\/#website\"},\"primaryImageOfPage\":{\"@id\":\"https:\/\/emmaison.edu.vn\/cs3\/tai-sao-em-maison\/#primaryimage\"},\"datePublished\":\"2021-12-10T09:49:29+00:00\",\"dateModified\":\"2024-07-09T07:12:46+00:00\",\"breadcrumb\":{\"@id\":\"https:\/\/emmaison.edu.vn\/cs3\/tai-sao-em-maison\/#breadcrumb\"},\"inLanguage\":\"vi\",\"potentialAction\":[{\"@type\":\"ReadAction\",\"target\":[\"https:\/\/emmaison.edu.vn\/cs3\/tai-sao-em-maison\/\"]}]},{\"@type\":\"BreadcrumbList\",\"@id\":\"https:\/\/emmaison.edu.vn\/cs3\/tai-sao-em-maison\/#breadcrumb\",\"itemListElement\":[{\"@type\":\"ListItem\",\"position\":1,\"name\":\"Home\",\"item\":\"https:\/\/emmaison.edu.vn\/cs3\/\"},{\"@type\":\"ListItem\",\"position\":2,\"name\":\"T\\u1ea1i sao Em Maison\"}]}]}<\/script>\n<!-- \/ Yoast SEO plugin. -->","yoast_head_json":{"robots":{"index":"index","follow":"follow","max-snippet":"max-snippet:-1","max-image-preview":"max-image-preview:large","max-video-preview":"max-video-preview:-1"},"canonical":"https:\/\/emmaison.edu.vn\/cs3\/tai-sao-em-maison\/","og_locale":"vi_VN","og_type":"article","og_title":"T\u1ea1i sao Em Maison - Ng\u00f4i nh\u00e0 B\u00e9 con \u2013 Em Maison C\u1ea7n Th\u01a1","og_description":"T\u1ea0I SAO CH\u1eccN EM MAISON L\u00c0 NG\u00d4I NH\u00c0 TH\u1ee8 2 C\u1ee6A CON Kh\u00f4ng gian h\u1ecdc t\u1eadp V\u1edbi c\u00e1ch s\u1eafp x\u1ebfp h\u1ee3p l\u00fd c\u00e1c h\u1ecdc li\u1ec7u v\u00e0 v\u1eadt li\u1ec7u c\u0169ng nh\u01b0 c\u00e1ch b\u00e0i tr\u00ed \u0111\u01a1n gi\u1ea3n nh\u01b0ng \u1ea5m \u00e1p, c\u00e1c con s\u1ebd th\u1ea5y m\u00ecnh v\u1eeba ch\u01a1i, v\u1eeba h\u1ecdc, v\u1eeba \u0111\u01b0\u1ee3c y\u00eau th\u01b0\u01a1ng v\u00e0 v\u1eeba \u0111\u01b0\u1ee3c th\u1ec3 [&hellip;]","og_url":"https:\/\/emmaison.edu.vn\/cs3\/tai-sao-em-maison\/","og_site_name":"Ng\u00f4i nh\u00e0 B\u00e9 con \u2013 Em Maison C\u1ea7n Th\u01a1","article_modified_time":"2024-07-09T07:12:46+00:00","og_image":[{"url":"https:\/\/emmaison.edu.vn\/cs3\/wp-content\/uploads\/2024\/07\/z5616323030548_737e74bc6f77c061cf7e2a2a42fdfe2f.jpg"}],"twitter_card":"summary_large_image","twitter_misc":{"\u01af\u1edbc t\u00ednh th\u1eddi gian \u0111\u1ecdc":"2 ph\u00fat"},"schema":{"@context":"https:\/\/schema.org","@graph":[{"@type":"WebSite","@id":"https:\/\/emmaison.edu.vn\/cs3\/#website","url":"https:\/\/emmaison.edu.vn\/cs3\/","name":"Ng\u00f4i nh\u00e0 B\u00e9 con \u2013 Em Maison C\u1ea7n Th\u01a1","description":"Learn as you play","potentialAction":[{"@type":"SearchAction","target":{"@type":"EntryPoint","urlTemplate":"https:\/\/emmaison.edu.vn\/cs3\/?s={search_term_string}"},"query-input":"required name=search_term_string"}],"inLanguage":"vi"},{"@type":"ImageObject","@id":"https:\/\/emmaison.edu.vn\/cs3\/tai-sao-em-maison\/#primaryimage","inLanguage":"vi","url":"https:\/\/emmaison.edu.vn\/cs3\/wp-content\/uploads\/2024\/07\/z5616323030548_737e74bc6f77c061cf7e2a2a42fdfe2f.jpg","contentUrl":"https:\/\/emmaison.edu.vn\/cs3\/wp-content\/uploads\/2024\/07\/z5616323030548_737e74bc6f77c061cf7e2a2a42fdfe2f.jpg","width":2400,"height":1600},{"@type":"WebPage","@id":"https:\/\/emmaison.edu.vn\/cs3\/tai-sao-em-maison\/#webpage","url":"https:\/\/emmaison.edu.vn\/cs3\/tai-sao-em-maison\/","name":"T\u1ea1i sao Em Maison - Ng\u00f4i nh\u00e0 B\u00e9 con \u2013 Em Maison C\u1ea7n Th\u01a1","isPartOf":{"@id":"https:\/\/emmaison.edu.vn\/cs3\/#website"},"primaryImageOfPage":{"@id":"https:\/\/emmaison.edu.vn\/cs3\/tai-sao-em-maison\/#primaryimage"},"datePublished":"2021-12-10T09:49:29+00:00","dateModified":"2024-07-09T07:12:46+00:00","breadcrumb":{"@id":"https:\/\/emmaison.edu.vn\/cs3\/tai-sao-em-maison\/#breadcrumb"},"inLanguage":"vi","potentialAction":[{"@type":"ReadAction","target":["https:\/\/emmaison.edu.vn\/cs3\/tai-sao-em-maison\/"]}]},{"@type":"BreadcrumbList","@id":"https:\/\/emmaison.edu.vn\/cs3\/tai-sao-em-maison\/#breadcrumb","itemListElement":[{"@type":"ListItem","position":1,"name":"Home","item":"https:\/\/emmaison.edu.vn\/cs3\/"},{"@type":"ListItem","position":2,"name":"T\u1ea1i sao Em Maison"}]}]}},"lang":"vi","translations":{"vi":626},"pll_sync_post":[],"_links":{"self":[{"href":"https:\/\/emmaison.edu.vn\/cs3\/wp-json\/wp\/v2\/pages\/626"}],"collection":[{"href":"https:\/\/emmaison.edu.vn\/cs3\/wp-json\/wp\/v2\/pages"}],"about":[{"href":"https:\/\/emmaison.edu.vn\/cs3\/wp-json\/wp\/v2\/types\/page"}],"author":[{"embeddable":true,"href":"https:\/\/emmaison.edu.vn\/cs3\/wp-json\/wp\/v2\/users\/2"}],"replies":[{"embeddable":true,"href":"https:\/\/emmaison.edu.vn\/cs3\/wp-json\/wp\/v2\/comments?post=626"}],"version-history":[{"count":38,"href":"https:\/\/emmaison.edu.vn\/cs3\/wp-json\/wp\/v2\/pages\/626\/revisions"}],"predecessor-version":[{"id":1885,"href":"https:\/\/emmaison.edu.vn\/cs3\/wp-json\/wp\/v2\/pages\/626\/revisions\/1885"}],"wp:attachment":[{"href":"https:\/\/emmaison.edu.vn\/cs3\/wp-json\/wp\/v2\/media?parent=626"}],"curies":[{"name":"wp","href":"https:\/\/api.w.org\/{rel}","templated":true}]}}