

{"id":475,"date":"2021-12-07T01:11:27","date_gmt":"2021-12-07T01:11:27","guid":{"rendered":"https:\/\/emmaison.edu.vn\/cs3\/?page_id=475"},"modified":"2023-06-21T03:01:34","modified_gmt":"2023-06-21T03:01:34","slug":"dang-ky-vao-nha","status":"publish","type":"page","link":"https:\/\/emmaison.edu.vn\/cs3\/dang-ky-vao-nha\/","title":{"rendered":"\u0110\u0103ng k\u00fd v\u00e0o &#8220;Nh\u00e0&#8221;"},"content":{"rendered":"","protected":false},"excerpt":{"rendered":"","protected":false},"author":2,"featured_media":0,"parent":0,"menu_order":0,"comment_status":"closed","ping_status":"closed","template":"contact.php","meta":[],"yoast_head":"<!-- This site is optimized with the Yoast SEO plugin v17.9 - https:\/\/yoast.com\/wordpress\/plugins\/seo\/ -->\n<meta name=\"robots\" content=\"index, follow, max-snippet:-1, max-image-preview:large, max-video-preview:-1\" \/>\n<link rel=\"canonical\" href=\"https:\/\/emmaison.edu.vn\/cs3\/dang-ky-vao-nha\/\" \/>\n<meta property=\"og:locale\" content=\"vi_VN\" \/>\n<meta property=\"og:type\" content=\"article\" \/>\n<meta property=\"og:title\" content=\"\u0110\u0103ng k\u00fd v\u00e0o &quot;Nh\u00e0&quot; - Ng\u00f4i nh\u00e0 B\u00e9 con \u2013 Em Maison C\u1ea7n Th\u01a1\" \/>\n<meta property=\"og:url\" content=\"https:\/\/emmaison.edu.vn\/cs3\/dang-ky-vao-nha\/\" \/>\n<meta property=\"og:site_name\" content=\"Ng\u00f4i nh\u00e0 B\u00e9 con \u2013 Em Maison C\u1ea7n Th\u01a1\" \/>\n<meta property=\"article:modified_time\" content=\"2023-06-21T03:01:34+00:00\" \/>\n<meta name=\"twitter:card\" content=\"summary_large_image\" \/>\n<script type=\"application\/ld+json\" class=\"yoast-schema-graph\">{\"@context\":\"https:\/\/schema.org\",\"@graph\":[{\"@type\":\"WebSite\",\"@id\":\"https:\/\/emmaison.edu.vn\/cs3\/#website\",\"url\":\"https:\/\/emmaison.edu.vn\/cs3\/\",\"name\":\"Ng\\u00f4i nh\\u00e0 B\\u00e9 con \\u2013 Em Maison C\\u1ea7n Th\\u01a1\",\"description\":\"Learn as you play\",\"potentialAction\":[{\"@type\":\"SearchAction\",\"target\":{\"@type\":\"EntryPoint\",\"urlTemplate\":\"https:\/\/emmaison.edu.vn\/cs3\/?s={search_term_string}\"},\"query-input\":\"required name=search_term_string\"}],\"inLanguage\":\"vi\"},{\"@type\":\"WebPage\",\"@id\":\"https:\/\/emmaison.edu.vn\/cs3\/dang-ky-vao-nha\/#webpage\",\"url\":\"https:\/\/emmaison.edu.vn\/cs3\/dang-ky-vao-nha\/\",\"name\":\"\\u0110\\u0103ng k\\u00fd v\\u00e0o \\\"Nh\\u00e0\\\" - Ng\\u00f4i nh\\u00e0 B\\u00e9 con \\u2013 Em Maison C\\u1ea7n Th\\u01a1\",\"isPartOf\":{\"@id\":\"https:\/\/emmaison.edu.vn\/cs3\/#website\"},\"datePublished\":\"2021-12-07T01:11:27+00:00\",\"dateModified\":\"2023-06-21T03:01:34+00:00\",\"breadcrumb\":{\"@id\":\"https:\/\/emmaison.edu.vn\/cs3\/dang-ky-vao-nha\/#breadcrumb\"},\"inLanguage\":\"vi\",\"potentialAction\":[{\"@type\":\"ReadAction\",\"target\":[\"https:\/\/emmaison.edu.vn\/cs3\/dang-ky-vao-nha\/\"]}]},{\"@type\":\"BreadcrumbList\",\"@id\":\"https:\/\/emmaison.edu.vn\/cs3\/dang-ky-vao-nha\/#breadcrumb\",\"itemListElement\":[{\"@type\":\"ListItem\",\"position\":1,\"name\":\"Home\",\"item\":\"https:\/\/emmaison.edu.vn\/cs3\/\"},{\"@type\":\"ListItem\",\"position\":2,\"name\":\"\\u0110\\u0103ng k\\u00fd v\\u00e0o &#8220;Nh\\u00e0&#8221;\"}]}]}<\/script>\n<!-- \/ Yoast SEO plugin. -->","yoast_head_json":{"robots":{"index":"index","follow":"follow","max-snippet":"max-snippet:-1","max-image-preview":"max-image-preview:large","max-video-preview":"max-video-preview:-1"},"canonical":"https:\/\/emmaison.edu.vn\/cs3\/dang-ky-vao-nha\/","og_locale":"vi_VN","og_type":"article","og_title":"\u0110\u0103ng k\u00fd v\u00e0o \"Nh\u00e0\" - Ng\u00f4i nh\u00e0 B\u00e9 con \u2013 Em Maison C\u1ea7n Th\u01a1","og_url":"https:\/\/emmaison.edu.vn\/cs3\/dang-ky-vao-nha\/","og_site_name":"Ng\u00f4i nh\u00e0 B\u00e9 con \u2013 Em Maison C\u1ea7n Th\u01a1","article_modified_time":"2023-06-21T03:01:34+00:00","twitter_card":"summary_large_image","schema":{"@context":"https:\/\/schema.org","@graph":[{"@type":"WebSite","@id":"https:\/\/emmaison.edu.vn\/cs3\/#website","url":"https:\/\/emmaison.edu.vn\/cs3\/","name":"Ng\u00f4i nh\u00e0 B\u00e9 con \u2013 Em Maison C\u1ea7n Th\u01a1","description":"Learn as you play","potentialAction":[{"@type":"SearchAction","target":{"@type":"EntryPoint","urlTemplate":"https:\/\/emmaison.edu.vn\/cs3\/?s={search_term_string}"},"query-input":"required name=search_term_string"}],"inLanguage":"vi"},{"@type":"WebPage","@id":"https:\/\/emmaison.edu.vn\/cs3\/dang-ky-vao-nha\/#webpage","url":"https:\/\/emmaison.edu.vn\/cs3\/dang-ky-vao-nha\/","name":"\u0110\u0103ng k\u00fd v\u00e0o \"Nh\u00e0\" - Ng\u00f4i nh\u00e0 B\u00e9 con \u2013 Em Maison C\u1ea7n Th\u01a1","isPartOf":{"@id":"https:\/\/emmaison.edu.vn\/cs3\/#website"},"datePublished":"2021-12-07T01:11:27+00:00","dateModified":"2023-06-21T03:01:34+00:00","breadcrumb":{"@id":"https:\/\/emmaison.edu.vn\/cs3\/dang-ky-vao-nha\/#breadcrumb"},"inLanguage":"vi","potentialAction":[{"@type":"ReadAction","target":["https:\/\/emmaison.edu.vn\/cs3\/dang-ky-vao-nha\/"]}]},{"@type":"BreadcrumbList","@id":"https:\/\/emmaison.edu.vn\/cs3\/dang-ky-vao-nha\/#breadcrumb","itemListElement":[{"@type":"ListItem","position":1,"name":"Home","item":"https:\/\/emmaison.edu.vn\/cs3\/"},{"@type":"ListItem","position":2,"name":"\u0110\u0103ng k\u00fd v\u00e0o &#8220;Nh\u00e0&#8221;"}]}]}},"lang":"vi","translations":{"vi":475},"pll_sync_post":[],"_links":{"self":[{"href":"https:\/\/emmaison.edu.vn\/cs3\/wp-json\/wp\/v2\/pages\/475"}],"collection":[{"href":"https:\/\/emmaison.edu.vn\/cs3\/wp-json\/wp\/v2\/pages"}],"about":[{"href":"https:\/\/emmaison.edu.vn\/cs3\/wp-json\/wp\/v2\/types\/page"}],"author":[{"embeddable":true,"href":"https:\/\/emmaison.edu.vn\/cs3\/wp-json\/wp\/v2\/users\/2"}],"replies":[{"embeddable":true,"href":"https:\/\/emmaison.edu.vn\/cs3\/wp-json\/wp\/v2\/comments?post=475"}],"version-history":[{"count":7,"href":"https:\/\/emmaison.edu.vn\/cs3\/wp-json\/wp\/v2\/pages\/475\/revisions"}],"predecessor-version":[{"id":1709,"href":"https:\/\/emmaison.edu.vn\/cs3\/wp-json\/wp\/v2\/pages\/475\/revisions\/1709"}],"wp:attachment":[{"href":"https:\/\/emmaison.edu.vn\/cs3\/wp-json\/wp\/v2\/media?parent=475"}],"curies":[{"name":"wp","href":"https:\/\/api.w.org\/{rel}","templated":true}]}}