

{"id":472,"date":"2021-12-07T01:08:34","date_gmt":"2021-12-07T01:08:34","guid":{"rendered":"https:\/\/emmaison.edu.vn\/cs3\/?page_id=472"},"modified":"2024-07-27T04:27:35","modified_gmt":"2024-07-27T04:27:35","slug":"con-va-nha","status":"publish","type":"page","link":"https:\/\/emmaison.edu.vn\/cs3\/con-va-nha\/","title":{"rendered":"Con v\u00e0 &#8220;Nh\u00e0&#8221;"},"content":{"rendered":"\t\t<div data-elementor-type=\"wp-page\" data-elementor-id=\"472\" class=\"elementor elementor-472\" data-elementor-settings=\"[]\">\n\t\t\t\t\t\t\t<div class=\"elementor-section-wrap\">\n\t\t\t\t\t\t\t<section class=\"elementor-section elementor-top-section elementor-element elementor-element-6be0ce2 elementor-section-boxed elementor-section-height-default elementor-section-height-default\" data-id=\"6be0ce2\" data-element_type=\"section\">\n\t\t\t\t\t\t<div class=\"elementor-container elementor-column-gap-default\">\n\t\t\t\t\t<div class=\"elementor-column elementor-col-100 elementor-top-column elementor-element elementor-element-03a85a8\" data-id=\"03a85a8\" data-element_type=\"column\">\n\t\t\t<div class=\"elementor-widget-wrap\">\n\t\t\t\t\t\t\t\t\t<\/div>\n\t\t<\/div>\n\t\t\t\t\t\t\t<\/div>\n\t\t<\/section>\n\t\t\t\t<section class=\"elementor-section elementor-top-section elementor-element elementor-element-3b53f77 elementor-section-boxed elementor-section-height-default elementor-section-height-default\" data-id=\"3b53f77\" data-element_type=\"section\">\n\t\t\t\t\t\t<div class=\"elementor-container elementor-column-gap-default\">\n\t\t\t\t\t<div class=\"elementor-column elementor-col-100 elementor-top-column elementor-element elementor-element-5863037\" data-id=\"5863037\" data-element_type=\"column\">\n\t\t\t<div class=\"elementor-widget-wrap elementor-element-populated\">\n\t\t\t\t\t\t\t\t<div class=\"elementor-element elementor-element-2f9d61e big_title elementor-widget elementor-widget-heading\" data-id=\"2f9d61e\" data-element_type=\"widget\" data-widget_type=\"heading.default\">\n\t\t\t\t<div class=\"elementor-widget-container\">\n\t\t\t<h2 class=\"elementor-heading-title elementor-size-default\">CON V\u00c0 \"NH\u00c0\"<\/h2>\t\t<\/div>\n\t\t\t\t<\/div>\n\t\t\t\t\t<\/div>\n\t\t<\/div>\n\t\t\t\t\t\t\t<\/div>\n\t\t<\/section>\n\t\t\t\t<section class=\"elementor-section elementor-top-section elementor-element elementor-element-598daaf elementor-section-boxed elementor-section-height-default elementor-section-height-default\" data-id=\"598daaf\" data-element_type=\"section\">\n\t\t\t\t\t\t<div class=\"elementor-container elementor-column-gap-default\">\n\t\t\t\t\t<div class=\"elementor-column elementor-col-100 elementor-top-column elementor-element elementor-element-79237b6\" data-id=\"79237b6\" data-element_type=\"column\">\n\t\t\t<div class=\"elementor-widget-wrap\">\n\t\t\t\t\t\t\t\t\t<\/div>\n\t\t<\/div>\n\t\t\t\t\t\t\t<\/div>\n\t\t<\/section>\n\t\t\t\t<section class=\"elementor-section elementor-top-section elementor-element elementor-element-25288aa elementor-section-boxed elementor-section-height-default elementor-section-height-default\" data-id=\"25288aa\" data-element_type=\"section\">\n\t\t\t\t\t\t<div class=\"elementor-container elementor-column-gap-default\">\n\t\t\t\t\t<div class=\"elementor-column elementor-col-100 elementor-top-column elementor-element elementor-element-8fbcaeb\" data-id=\"8fbcaeb\" data-element_type=\"column\">\n\t\t\t<div class=\"elementor-widget-wrap elementor-element-populated\">\n\t\t\t\t\t\t\t\t<div class=\"elementor-element elementor-element-a866f1f elementor-widget elementor-widget-text-editor\" data-id=\"a866f1f\" data-element_type=\"widget\" data-widget_type=\"text-editor.default\">\n\t\t\t\t<div class=\"elementor-widget-container\">\n\t\t\t\t\t\t\t\t\t\t\t\t\t<\/div>\n\t\t\t\t<\/div>\n\t\t\t\t<div class=\"elementor-element elementor-element-1171d97 elementor-widget elementor-widget-lae-portfolio\" data-id=\"1171d97\" data-element_type=\"widget\" data-settings=\"{&quot;per_line&quot;:&quot;3&quot;,&quot;per_line_tablet&quot;:&quot;2&quot;,&quot;per_line_mobile&quot;:&quot;1&quot;}\" data-widget_type=\"lae-portfolio.default\">\n\t\t\t\t<div class=\"elementor-widget-container\">\n\t\t\t<div id=\"lae-block-uid-69d10fe9cc2ae\" class=\"lae-container lae-block lae-block-grid lae-block-grid-1 lae-gapless-grid lae-block-header-expanded lae-block-header-6 grid-1 lae-block-uid-69d10fe9cc2ae\"  data-block-uid='lae-block-uid-69d10fe9cc2ae' data-action='lae_load_posts_block' data-query='{\"orderby\":\"date\",\"order\":\"DESC\",\"ignore_sticky_posts\":1,\"post_status\":\"publish\",\"posts_per_page\":6,\"offset\":0,\"post_type\":[\"\",\"album\"],\"paged\":1}' data-settings='{\"block_class\":\"grid-1\",\"heading\":\"\",\"heading_url\":{\"url\":\"\",\"is_external\":\"true\",\"nofollow\":\"\",\"custom_attributes\":\"\"},\"taxonomy_chosen\":\"category\",\"header_template\":\"block_header_6\",\"block_type\":\"block_grid_1\",\"grid_skin\":\"classic_skin\",\"item_template\":\"\",\"grid_template\":\"\",\"display_title_on_thumbnail\":true,\"display_taxonomy_on_thumbnail\":true,\"display_title\":true,\"display_summary\":false,\"rich_text_excerpt\":false,\"display_excerpt_lightbox\":true,\"display_read_more\":false,\"read_more_text\":\"Read More\",\"display_author\":false,\"display_post_date\":false,\"display_comments\":false,\"display_taxonomy\":false,\"display_product_quick_view\":true,\"display_product_price\":true,\"display_add_to_cart_button\":true,\"display_wish_list_button\":true,\"display_product_rating\":true,\"thumbnail_size_size\":\"custom\",\"thumbnail_size_custom_dimension\":{\"width\":\"800\",\"height\":\"600\"},\"filterable\":false,\"layout_mode\":\"fitRows\",\"per_line\":3,\"per_line_tablet\":2,\"per_line_mobile\":1,\"per_line1\":2,\"per_line2\":4,\"per_line2_tablet\":2,\"per_line2_mobile\":1,\"image_linkable\":true,\"post_link_new_window\":false,\"excerpt_length\":25,\"enable_lightbox\":true,\"pagination\":\"none\",\"show_remaining\":true,\"heading_tag\":\"h3\",\"title_tag\":\"h3\",\"entry_title_tag\":\"h3\",\"taxonomies\":[\"category\"]}' data-taxonomies='[\"category\"]' data-total='3' data-current='1' data-maxpages='1' data-filter-term='' data-filter-taxonomy=''><div class=\"lae-block-inner lae-grid-container  lae-grid-desktop-3 lae-grid-tablet-2 lae-grid-mobile-1\"><div class=\"lae-block-column lae-grid-item\">\n        <article\n                class=\"lae-module-11 lae-module post-1447 album type-album status-publish has-post-thumbnail hentry\">\n\n            \n                <div class=\"lae-module-image\">\n\n                    <a class=\"lae-post-link\" href=\"https:\/\/emmaison.edu.vn\/cs3\/album\/lien-hoan-ke-chuyen-nhung-chuyen-du-hanh-voi-cau-chuyen-how-the-turtle-got-its-shell\/\"><img width=\"800\" height=\"600\" loading=eager data-no-lazy=1 src=\"https:\/\/emmaison.edu.vn\/cs3\/wp-content\/uploads\/elementor\/thumbs\/SOL_0480-min-scaled-pvmaso02w23sm2q7ct8smb851zy8gkqtagie6c0i28.jpg\" title=\"SOL_0480-min\" alt=\"SOL_0480-min\" class=\"lae-image skip-lazy no-lazyload exclude-me a3-notlazy\" \/><\/a>\n                    <a class=\"lae-lightbox-item lae-click-icon\" data-elementor-open-lightbox=\"no\" data-fancybox=\"grid-1\" data-thumb=\"https:\/\/emmaison.edu.vn\/cs3\/wp-content\/uploads\/2022\/05\/SOL_0480-min-150x150.jpg\" data-post-link=\"https:\/\/emmaison.edu.vn\/cs3\/album\/lien-hoan-ke-chuyen-nhung-chuyen-du-hanh-voi-cau-chuyen-how-the-turtle-got-its-shell\/\" data-post-excerpt=\"\" href=\"https:\/\/emmaison.edu.vn\/cs3\/wp-content\/uploads\/2022\/05\/SOL_0480-min-scaled.jpg\" title=\"Li\u00ean Hoan K\u1ec3 Chuy\u1ec7n &#8220;Nh\u1eefng Chuy\u1ebfn Du H\u00e0nh&#8221; v\u1edbi C\u00e2u chuy\u1ec7n &#8220;How The Turtle Got Its Shell&#8221;\"><i class=\"lae-icon-full-screen\"><\/i><\/a>\n                    <div class=\"lae-module-image-info\">\n\n                        <div class=\"lae-module-entry-info\">\n\n                            <h3 class=\"lae-post-title\"><a href=\"https:\/\/emmaison.edu.vn\/cs3\/album\/lien-hoan-ke-chuyen-nhung-chuyen-du-hanh-voi-cau-chuyen-how-the-turtle-got-its-shell\/\" title=\"Li\u00ean Hoan K\u1ec3 Chuy\u1ec7n &#8220;Nh\u1eefng Chuy\u1ebfn Du H\u00e0nh&#8221; v\u1edbi C\u00e2u chuy\u1ec7n &#8220;How The Turtle Got Its Shell&#8221;\" rel=\"bookmark\">Li\u00ean Hoan K\u1ec3 Chuy\u1ec7n &#8220;Nh\u1eefng Chuy\u1ebfn Du H\u00e0nh&#8221; v\u1edbi C\u00e2u chuy\u1ec7n &#8220;How The Turtle Got Its Shell&#8221;<\/a><\/h3>\n                            \n                        <\/div>\n\n                    <\/div>\n\n                <\/div>\n\n            \n            <div class=\"lae-module-entry-text\">\n\n                <h3 class=\"entry-title\"><a href=\"https:\/\/emmaison.edu.vn\/cs3\/album\/lien-hoan-ke-chuyen-nhung-chuyen-du-hanh-voi-cau-chuyen-how-the-turtle-got-its-shell\/\" title=\"Li\u00ean Hoan K\u1ec3 Chuy\u1ec7n &#8220;Nh\u1eefng Chuy\u1ebfn Du H\u00e0nh&#8221; v\u1edbi C\u00e2u chuy\u1ec7n &#8220;How The Turtle Got Its Shell&#8221;\" rel=\"bookmark\">Li\u00ean Hoan K\u1ec3 Chuy\u1ec7n &#8220;Nh\u1eefng Chuy\u1ebfn Du H\u00e0nh&#8221; v\u1edbi C\u00e2u chuy\u1ec7n &#8220;How The Turtle Got Its Shell&#8221;<\/a><\/h3>\n                <div class=\"lae-module-meta\">\n                                                                            <\/div>\n\n                <div class=\"lae-excerpt\">\n                                    <\/div>\n\n                \n            <\/div>\n\n        <\/article><!-- .hentry -->\n\n        <\/div><div class=\"lae-block-column lae-grid-item\">\n        <article\n                class=\"lae-module-11 lae-module post-1425 album type-album status-publish has-post-thumbnail hentry\">\n\n            \n                <div class=\"lae-module-image\">\n\n                    <a class=\"lae-post-link\" href=\"https:\/\/emmaison.edu.vn\/cs3\/album\/lien-hoan-ke-chuyen-three-little-pigs\/\"><img width=\"800\" height=\"600\" loading=eager data-no-lazy=1 src=\"https:\/\/emmaison.edu.vn\/cs3\/wp-content\/uploads\/elementor\/thumbs\/LHKC15-min-scaled-pvmaso02w23sm2q7ct8smb851zy8gkqtagie6c0i28.jpg\" title=\"LHKC15-min\" alt=\"LHKC15-min\" class=\"lae-image skip-lazy no-lazyload exclude-me a3-notlazy\" \/><\/a>\n                    <a class=\"lae-lightbox-item lae-click-icon\" data-elementor-open-lightbox=\"no\" data-fancybox=\"grid-1\" data-thumb=\"https:\/\/emmaison.edu.vn\/cs3\/wp-content\/uploads\/2022\/05\/LHKC15-min-150x150.jpg\" data-post-link=\"https:\/\/emmaison.edu.vn\/cs3\/album\/lien-hoan-ke-chuyen-three-little-pigs\/\" data-post-excerpt=\"\" href=\"https:\/\/emmaison.edu.vn\/cs3\/wp-content\/uploads\/2022\/05\/LHKC15-min-scaled.jpg\" title=\"Li\u00ean hoan K\u1ec3 chuy\u1ec7n &#8220;Nh\u1eefng chuy\u1ebfn du h\u00e0nh&#8221; &#8211; C\u00e2u chuy\u1ec7n &#8220;Three Little Pigs&#8221;\"><i class=\"lae-icon-full-screen\"><\/i><\/a>\n                    <div class=\"lae-module-image-info\">\n\n                        <div class=\"lae-module-entry-info\">\n\n                            <h3 class=\"lae-post-title\"><a href=\"https:\/\/emmaison.edu.vn\/cs3\/album\/lien-hoan-ke-chuyen-three-little-pigs\/\" title=\"Li\u00ean hoan K\u1ec3 chuy\u1ec7n &#8220;Nh\u1eefng chuy\u1ebfn du h\u00e0nh&#8221; &#8211; C\u00e2u chuy\u1ec7n &#8220;Three Little Pigs&#8221;\" rel=\"bookmark\">Li\u00ean hoan K\u1ec3 chuy\u1ec7n &#8220;Nh\u1eefng chuy\u1ebfn du h\u00e0nh&#8221; &#8211; C\u00e2u chuy\u1ec7n &#8220;Three Little Pigs&#8221;<\/a><\/h3>\n                            \n                        <\/div>\n\n                    <\/div>\n\n                <\/div>\n\n            \n            <div class=\"lae-module-entry-text\">\n\n                <h3 class=\"entry-title\"><a href=\"https:\/\/emmaison.edu.vn\/cs3\/album\/lien-hoan-ke-chuyen-three-little-pigs\/\" title=\"Li\u00ean hoan K\u1ec3 chuy\u1ec7n &#8220;Nh\u1eefng chuy\u1ebfn du h\u00e0nh&#8221; &#8211; C\u00e2u chuy\u1ec7n &#8220;Three Little Pigs&#8221;\" rel=\"bookmark\">Li\u00ean hoan K\u1ec3 chuy\u1ec7n &#8220;Nh\u1eefng chuy\u1ebfn du h\u00e0nh&#8221; &#8211; C\u00e2u chuy\u1ec7n &#8220;Three Little Pigs&#8221;<\/a><\/h3>\n                <div class=\"lae-module-meta\">\n                                                                            <\/div>\n\n                <div class=\"lae-excerpt\">\n                                    <\/div>\n\n                \n            <\/div>\n\n        <\/article><!-- .hentry -->\n\n        <\/div><div class=\"lae-block-column lae-grid-item\">\n        <article\n                class=\"lae-module-11 lae-module post-1304 album type-album status-publish has-post-thumbnail hentry\">\n\n            \n                <div class=\"lae-module-image\">\n\n                    <a class=\"lae-post-link\" href=\"https:\/\/emmaison.edu.vn\/cs3\/album\/merry-chrismas-2021\/\"><img width=\"800\" height=\"600\" loading=eager data-no-lazy=1 src=\"https:\/\/emmaison.edu.vn\/cs3\/wp-content\/uploads\/elementor\/thumbs\/xmas001-pvmaso02w23sm2q7ct8smb851zy8gkqtagie6c0i28.jpg\" title=\"xmas001\" alt=\"xmas001\" class=\"lae-image skip-lazy no-lazyload exclude-me a3-notlazy\" \/><\/a>\n                    <a class=\"lae-lightbox-item lae-click-icon\" data-elementor-open-lightbox=\"no\" data-fancybox=\"grid-1\" data-thumb=\"https:\/\/emmaison.edu.vn\/cs3\/wp-content\/uploads\/2021\/12\/xmas001-150x150.jpg\" data-post-link=\"https:\/\/emmaison.edu.vn\/cs3\/album\/merry-chrismas-2021\/\" data-post-excerpt=\"\" href=\"https:\/\/emmaison.edu.vn\/cs3\/wp-content\/uploads\/2021\/12\/xmas001.jpg\" title=\"Merry Chrismas 2021\"><i class=\"lae-icon-full-screen\"><\/i><\/a>\n                    <div class=\"lae-module-image-info\">\n\n                        <div class=\"lae-module-entry-info\">\n\n                            <h3 class=\"lae-post-title\"><a href=\"https:\/\/emmaison.edu.vn\/cs3\/album\/merry-chrismas-2021\/\" title=\"Merry Chrismas 2021\" rel=\"bookmark\">Merry Chrismas 2021<\/a><\/h3>\n                            \n                        <\/div>\n\n                    <\/div>\n\n                <\/div>\n\n            \n            <div class=\"lae-module-entry-text\">\n\n                <h3 class=\"entry-title\"><a href=\"https:\/\/emmaison.edu.vn\/cs3\/album\/merry-chrismas-2021\/\" title=\"Merry Chrismas 2021\" rel=\"bookmark\">Merry Chrismas 2021<\/a><\/h3>\n                <div class=\"lae-module-meta\">\n                                                                            <\/div>\n\n                <div class=\"lae-excerpt\">\n                                    <\/div>\n\n                \n            <\/div>\n\n        <\/article><!-- .hentry -->\n\n        <\/div><\/div><!-- .block-inner --><\/div><!-- .block -->\t\t<\/div>\n\t\t\t\t<\/div>\n\t\t\t\t\t<\/div>\n\t\t<\/div>\n\t\t\t\t\t\t\t<\/div>\n\t\t<\/section>\n\t\t\t\t\t\t<\/div>\n\t\t\t\t\t<\/div>\n\t\t","protected":false},"excerpt":{"rendered":"CON V\u00c0 &#8220;NH\u00c0&#8221; Li\u00ean Hoan K\u1ec3 Chuy\u1ec7n &#8220;Nh\u1eefng Chuy\u1ebfn Du H\u00e0nh&#8221; v\u1edbi C\u00e2u chuy\u1ec7n &#8220;How The Turtle Got Its Shell&#8221; Li\u00ean Hoan K\u1ec3 Chuy\u1ec7n &#8220;Nh\u1eefng Chuy\u1ebfn Du H\u00e0nh&#8221; v\u1edbi C\u00e2u chuy\u1ec7n &#8220;How The Turtle Got Its Shell&#8221; Li\u00ean hoan K\u1ec3 chuy\u1ec7n &#8220;Nh\u1eefng chuy\u1ebfn du h\u00e0nh&#8221; &#8211; C\u00e2u chuy\u1ec7n &#8220;Three Little Pigs&#8221; Li\u00ean hoan K\u1ec3 chuy\u1ec7n [&hellip;]","protected":false},"author":2,"featured_media":0,"parent":0,"menu_order":0,"comment_status":"closed","ping_status":"closed","template":"","meta":[],"yoast_head":"<!-- This site is optimized with the Yoast SEO plugin v17.9 - https:\/\/yoast.com\/wordpress\/plugins\/seo\/ -->\n<meta name=\"robots\" content=\"index, follow, max-snippet:-1, max-image-preview:large, max-video-preview:-1\" \/>\n<link rel=\"canonical\" href=\"https:\/\/emmaison.edu.vn\/cs3\/con-va-nha\/\" \/>\n<meta property=\"og:locale\" content=\"vi_VN\" \/>\n<meta property=\"og:type\" content=\"article\" \/>\n<meta property=\"og:title\" content=\"Con v\u00e0 &quot;Nh\u00e0&quot; - Ng\u00f4i nh\u00e0 B\u00e9 con \u2013 Em Maison C\u1ea7n Th\u01a1\" \/>\n<meta property=\"og:description\" content=\"CON V\u00c0 &#8220;NH\u00c0&#8221; Li\u00ean Hoan K\u1ec3 Chuy\u1ec7n &#8220;Nh\u1eefng Chuy\u1ebfn Du H\u00e0nh&#8221; v\u1edbi C\u00e2u chuy\u1ec7n &#8220;How The Turtle Got Its Shell&#8221; Li\u00ean Hoan K\u1ec3 Chuy\u1ec7n &#8220;Nh\u1eefng Chuy\u1ebfn Du H\u00e0nh&#8221; v\u1edbi C\u00e2u chuy\u1ec7n &#8220;How The Turtle Got Its Shell&#8221; Li\u00ean hoan K\u1ec3 chuy\u1ec7n &#8220;Nh\u1eefng chuy\u1ebfn du h\u00e0nh&#8221; &#8211; C\u00e2u chuy\u1ec7n &#8220;Three Little Pigs&#8221; Li\u00ean hoan K\u1ec3 chuy\u1ec7n [&hellip;]\" \/>\n<meta property=\"og:url\" content=\"https:\/\/emmaison.edu.vn\/cs3\/con-va-nha\/\" \/>\n<meta property=\"og:site_name\" content=\"Ng\u00f4i nh\u00e0 B\u00e9 con \u2013 Em Maison C\u1ea7n Th\u01a1\" \/>\n<meta property=\"article:modified_time\" content=\"2024-07-27T04:27:35+00:00\" \/>\n<meta property=\"og:image\" content=\"https:\/\/emmaison.edu.vn\/cs3\/wp-content\/uploads\/elementor\/thumbs\/SOL_0480-min-scaled-pvmaso02w23sm2q7ct8smb851zy8gkqtagie6c0i28.jpg\" \/>\n<meta name=\"twitter:card\" content=\"summary_large_image\" \/>\n<meta name=\"twitter:label1\" content=\"\u01af\u1edbc t\u00ednh th\u1eddi gian \u0111\u1ecdc\" \/>\n\t<meta name=\"twitter:data1\" content=\"1 ph\u00fat\" \/>\n<script type=\"application\/ld+json\" class=\"yoast-schema-graph\">{\"@context\":\"https:\/\/schema.org\",\"@graph\":[{\"@type\":\"WebSite\",\"@id\":\"https:\/\/emmaison.edu.vn\/cs3\/#website\",\"url\":\"https:\/\/emmaison.edu.vn\/cs3\/\",\"name\":\"Ng\\u00f4i nh\\u00e0 B\\u00e9 con \\u2013 Em Maison C\\u1ea7n Th\\u01a1\",\"description\":\"Learn as you play\",\"potentialAction\":[{\"@type\":\"SearchAction\",\"target\":{\"@type\":\"EntryPoint\",\"urlTemplate\":\"https:\/\/emmaison.edu.vn\/cs3\/?s={search_term_string}\"},\"query-input\":\"required name=search_term_string\"}],\"inLanguage\":\"vi\"},{\"@type\":\"ImageObject\",\"@id\":\"https:\/\/emmaison.edu.vn\/cs3\/con-va-nha\/#primaryimage\",\"inLanguage\":\"vi\",\"url\":\"https:\/\/emmaison.edu.vn\/cs3\/wp-content\/uploads\/elementor\/thumbs\/SOL_0480-min-scaled-pvmaso02w23sm2q7ct8smb851zy8gkqtagie6c0i28.jpg\",\"contentUrl\":\"https:\/\/emmaison.edu.vn\/cs3\/wp-content\/uploads\/elementor\/thumbs\/SOL_0480-min-scaled-pvmaso02w23sm2q7ct8smb851zy8gkqtagie6c0i28.jpg\"},{\"@type\":\"WebPage\",\"@id\":\"https:\/\/emmaison.edu.vn\/cs3\/con-va-nha\/#webpage\",\"url\":\"https:\/\/emmaison.edu.vn\/cs3\/con-va-nha\/\",\"name\":\"Con v\\u00e0 \\\"Nh\\u00e0\\\" - Ng\\u00f4i nh\\u00e0 B\\u00e9 con \\u2013 Em Maison C\\u1ea7n Th\\u01a1\",\"isPartOf\":{\"@id\":\"https:\/\/emmaison.edu.vn\/cs3\/#website\"},\"primaryImageOfPage\":{\"@id\":\"https:\/\/emmaison.edu.vn\/cs3\/con-va-nha\/#primaryimage\"},\"datePublished\":\"2021-12-07T01:08:34+00:00\",\"dateModified\":\"2024-07-27T04:27:35+00:00\",\"breadcrumb\":{\"@id\":\"https:\/\/emmaison.edu.vn\/cs3\/con-va-nha\/#breadcrumb\"},\"inLanguage\":\"vi\",\"potentialAction\":[{\"@type\":\"ReadAction\",\"target\":[\"https:\/\/emmaison.edu.vn\/cs3\/con-va-nha\/\"]}]},{\"@type\":\"BreadcrumbList\",\"@id\":\"https:\/\/emmaison.edu.vn\/cs3\/con-va-nha\/#breadcrumb\",\"itemListElement\":[{\"@type\":\"ListItem\",\"position\":1,\"name\":\"Home\",\"item\":\"https:\/\/emmaison.edu.vn\/cs3\/\"},{\"@type\":\"ListItem\",\"position\":2,\"name\":\"Con v\\u00e0 &#8220;Nh\\u00e0&#8221;\"}]}]}<\/script>\n<!-- \/ Yoast SEO plugin. -->","yoast_head_json":{"robots":{"index":"index","follow":"follow","max-snippet":"max-snippet:-1","max-image-preview":"max-image-preview:large","max-video-preview":"max-video-preview:-1"},"canonical":"https:\/\/emmaison.edu.vn\/cs3\/con-va-nha\/","og_locale":"vi_VN","og_type":"article","og_title":"Con v\u00e0 \"Nh\u00e0\" - Ng\u00f4i nh\u00e0 B\u00e9 con \u2013 Em Maison C\u1ea7n Th\u01a1","og_description":"CON V\u00c0 &#8220;NH\u00c0&#8221; Li\u00ean Hoan K\u1ec3 Chuy\u1ec7n &#8220;Nh\u1eefng Chuy\u1ebfn Du H\u00e0nh&#8221; v\u1edbi C\u00e2u chuy\u1ec7n &#8220;How The Turtle Got Its Shell&#8221; Li\u00ean Hoan K\u1ec3 Chuy\u1ec7n &#8220;Nh\u1eefng Chuy\u1ebfn Du H\u00e0nh&#8221; v\u1edbi C\u00e2u chuy\u1ec7n &#8220;How The Turtle Got Its Shell&#8221; Li\u00ean hoan K\u1ec3 chuy\u1ec7n &#8220;Nh\u1eefng chuy\u1ebfn du h\u00e0nh&#8221; &#8211; C\u00e2u chuy\u1ec7n &#8220;Three Little Pigs&#8221; Li\u00ean hoan K\u1ec3 chuy\u1ec7n [&hellip;]","og_url":"https:\/\/emmaison.edu.vn\/cs3\/con-va-nha\/","og_site_name":"Ng\u00f4i nh\u00e0 B\u00e9 con \u2013 Em Maison C\u1ea7n Th\u01a1","article_modified_time":"2024-07-27T04:27:35+00:00","og_image":[{"url":"https:\/\/emmaison.edu.vn\/cs3\/wp-content\/uploads\/elementor\/thumbs\/SOL_0480-min-scaled-pvmaso02w23sm2q7ct8smb851zy8gkqtagie6c0i28.jpg"}],"twitter_card":"summary_large_image","twitter_misc":{"\u01af\u1edbc t\u00ednh th\u1eddi gian \u0111\u1ecdc":"1 ph\u00fat"},"schema":{"@context":"https:\/\/schema.org","@graph":[{"@type":"WebSite","@id":"https:\/\/emmaison.edu.vn\/cs3\/#website","url":"https:\/\/emmaison.edu.vn\/cs3\/","name":"Ng\u00f4i nh\u00e0 B\u00e9 con \u2013 Em Maison C\u1ea7n Th\u01a1","description":"Learn as you play","potentialAction":[{"@type":"SearchAction","target":{"@type":"EntryPoint","urlTemplate":"https:\/\/emmaison.edu.vn\/cs3\/?s={search_term_string}"},"query-input":"required name=search_term_string"}],"inLanguage":"vi"},{"@type":"ImageObject","@id":"https:\/\/emmaison.edu.vn\/cs3\/con-va-nha\/#primaryimage","inLanguage":"vi","url":"https:\/\/emmaison.edu.vn\/cs3\/wp-content\/uploads\/elementor\/thumbs\/SOL_0480-min-scaled-pvmaso02w23sm2q7ct8smb851zy8gkqtagie6c0i28.jpg","contentUrl":"https:\/\/emmaison.edu.vn\/cs3\/wp-content\/uploads\/elementor\/thumbs\/SOL_0480-min-scaled-pvmaso02w23sm2q7ct8smb851zy8gkqtagie6c0i28.jpg"},{"@type":"WebPage","@id":"https:\/\/emmaison.edu.vn\/cs3\/con-va-nha\/#webpage","url":"https:\/\/emmaison.edu.vn\/cs3\/con-va-nha\/","name":"Con v\u00e0 \"Nh\u00e0\" - Ng\u00f4i nh\u00e0 B\u00e9 con \u2013 Em Maison C\u1ea7n Th\u01a1","isPartOf":{"@id":"https:\/\/emmaison.edu.vn\/cs3\/#website"},"primaryImageOfPage":{"@id":"https:\/\/emmaison.edu.vn\/cs3\/con-va-nha\/#primaryimage"},"datePublished":"2021-12-07T01:08:34+00:00","dateModified":"2024-07-27T04:27:35+00:00","breadcrumb":{"@id":"https:\/\/emmaison.edu.vn\/cs3\/con-va-nha\/#breadcrumb"},"inLanguage":"vi","potentialAction":[{"@type":"ReadAction","target":["https:\/\/emmaison.edu.vn\/cs3\/con-va-nha\/"]}]},{"@type":"BreadcrumbList","@id":"https:\/\/emmaison.edu.vn\/cs3\/con-va-nha\/#breadcrumb","itemListElement":[{"@type":"ListItem","position":1,"name":"Home","item":"https:\/\/emmaison.edu.vn\/cs3\/"},{"@type":"ListItem","position":2,"name":"Con v\u00e0 &#8220;Nh\u00e0&#8221;"}]}]}},"lang":"vi","translations":{"vi":472},"pll_sync_post":[],"_links":{"self":[{"href":"https:\/\/emmaison.edu.vn\/cs3\/wp-json\/wp\/v2\/pages\/472"}],"collection":[{"href":"https:\/\/emmaison.edu.vn\/cs3\/wp-json\/wp\/v2\/pages"}],"about":[{"href":"https:\/\/emmaison.edu.vn\/cs3\/wp-json\/wp\/v2\/types\/page"}],"author":[{"embeddable":true,"href":"https:\/\/emmaison.edu.vn\/cs3\/wp-json\/wp\/v2\/users\/2"}],"replies":[{"embeddable":true,"href":"https:\/\/emmaison.edu.vn\/cs3\/wp-json\/wp\/v2\/comments?post=472"}],"version-history":[{"count":36,"href":"https:\/\/emmaison.edu.vn\/cs3\/wp-json\/wp\/v2\/pages\/472\/revisions"}],"predecessor-version":[{"id":2032,"href":"https:\/\/emmaison.edu.vn\/cs3\/wp-json\/wp\/v2\/pages\/472\/revisions\/2032"}],"wp:attachment":[{"href":"https:\/\/emmaison.edu.vn\/cs3\/wp-json\/wp\/v2\/media?parent=472"}],"curies":[{"name":"wp","href":"https:\/\/api.w.org\/{rel}","templated":true}]}}