

{"id":466,"date":"2021-12-07T01:02:49","date_gmt":"2021-12-07T01:02:49","guid":{"rendered":"https:\/\/emmaison.edu.vn\/cs3\/?page_id=466"},"modified":"2024-07-27T04:32:28","modified_gmt":"2024-07-27T04:32:28","slug":"thay-co-cua-con","status":"publish","type":"page","link":"https:\/\/emmaison.edu.vn\/cs3\/thay-co-cua-con\/","title":{"rendered":"Th\u1ea7y C\u00f4 c\u1ee7a Con"},"content":{"rendered":"\t\t<div data-elementor-type=\"wp-page\" data-elementor-id=\"466\" class=\"elementor elementor-466\" data-elementor-settings=\"[]\">\n\t\t\t\t\t\t\t<div class=\"elementor-section-wrap\">\n\t\t\t\t\t\t\t<section class=\"elementor-section elementor-top-section elementor-element elementor-element-1eb17df elementor-section-boxed elementor-section-height-default elementor-section-height-default\" data-id=\"1eb17df\" data-element_type=\"section\">\n\t\t\t\t\t\t<div class=\"elementor-container elementor-column-gap-default\">\n\t\t\t\t\t<div class=\"elementor-column elementor-col-100 elementor-top-column elementor-element elementor-element-8db83b8\" data-id=\"8db83b8\" data-element_type=\"column\">\n\t\t\t<div class=\"elementor-widget-wrap elementor-element-populated\">\n\t\t\t\t\t\t\t\t<div class=\"elementor-element elementor-element-840368a elementor-widget elementor-widget-text-editor\" data-id=\"840368a\" data-element_type=\"widget\" data-widget_type=\"text-editor.default\">\n\t\t\t\t<div class=\"elementor-widget-container\">\n\t\t\t\t\t\t\t<p>\u1ede b\u1ea5t c\u1ee9 n\u01a1i \u0111\u00e2u trong Ng\u00f4i nh\u00e0 B\u00e9 con &#8211; Em Maison, c\u00e1c con c\u0169ng \u0111\u1ec1u c\u00f3 nh\u1eefng ng\u01b0\u1eddi Th\u1ea7y, ng\u01b0\u1eddi C\u00f4 \u0111\u1ed3ng h\u00e0nh tr\u00ean h\u00e0nh tr\u00ecnh kh\u00f4n l\u1edbn.<\/p><p>Em Maison \u0111\u1ea7u t\u01b0 n\u00e2ng cao ch\u1ea5t l\u01b0\u1ee3ng gi\u1ea3ng d\u1ea1y, tr\u00ecnh \u0111\u1ed9 chuy\u00ean m\u00f4n cho c\u00e1c gi\u00e1o vi\u00ean th\u00f4ng qua ch\u01b0\u01a1ng tr\u00ecnh \u201cC\u00e1c \u0110\u1ea1i di\u1ec7n Tr\u01b0\u1eddng m\u1ea7m non ti\u00eau bi\u1ec3u t\u00edch h\u1ee3p H\u01b0\u1edbng ti\u1ebfp c\u1eadn Reggio Emilia\u00ae t\u1ea1i Vi\u1ec7t Nam\u201d (The Reggio Emilia Approach\u00ae Excellence Preschools Program in Vietnam) \u0111\u01b0\u1ee3c thi\u1ebft k\u1ebf v\u00e0 t\u1ed5 ch\u1ee9c b\u1edfi Global Embassy d\u01b0\u1edbi s\u1ef1 h\u01b0\u1edbng d\u1eabn c\u1ee7a T\u1ed5 ch\u1ee9c Reggio Children (\u00dd). \u0110\u1ed9i ng\u0169 gi\u00e1o vi\u00ean \u0111\u01b0\u1ee3c \u0111\u00e0o t\u1ea1o tr\u1ef1c ti\u1ebfp b\u1edfi c\u00e1c chuy\u00ean gia gi\u00e1o d\u1ee5c h\u00e0ng \u0111\u1ea7u t\u1ea1i Reggio Children v\u00e0 c\u00e1c chuy\u00ean gia\/gi\u1ea3ng vi\u00ean th\u1ef1c nghi\u1ec7m \u01b0u t\u00fa c\u1ee7a Global Embassy.<\/p><p>Th\u1ea7y C\u00f4 \u1edf Em Maison kh\u00f4ng ch\u1ec9 l\u00e0 nh\u1eefng nh\u00e0 gi\u00e1o chuy\u00ean m\u00f4n tr\u1ef1c ti\u1ebfp \u0111\u1ee9ng l\u1edbp gi\u1ea3ng d\u1ea1y, chia s\u1ebb ki\u1ebfn th\u1ee9c m\u00e0 c\u00f2n l\u00e0 nh\u1eefng ng\u01b0\u1eddi h\u01b0\u1edbng d\u1eabn, cho con nh\u1eefng \u0111i\u1ec1u hay ho, th\u00fa v\u1ecb t\u1eeb nh\u1eefng vi\u1ec7c nh\u1ecf nh\u1ea5t. Ng\u01b0\u1eddi \u0111\u00f3 c\u00f3 th\u1ec3 l\u00e0:<\/p><ul><li>Ch\u00fa b\u1ea3o v\u1ec7 lu\u00f4n \u00e2n c\u1ea7n ch\u1ec9 con n\u01a1i \u0111\u1eb7t m\u0169 n\u00f3n, c\u00e1ch r\u1eeda tay, t\u01b0\u1edbi c\u00e2y, nh\u1ed5 c\u1ecf, ch\u0103m s\u00f3c khu v\u01b0\u1eddn<\/li><li>C\u00f4 \u0111\u1ea7u b\u1ebfp \u0111\u01b0a c\u00e1c con kh\u00e1m ph\u00e1 th\u1ebf gi\u1edbi \u1ea9m th\u1ef1c v\u1edbi nhi\u1ec1u lo\u1ea1i th\u1ef1c ph\u1ea9m, ngu\u1ed3n dinh d\u01b0\u1ee1ng, c\u00e1ch ch\u1ebf bi\u1ebfn v\u00e0 trang tr\u00ed kh\u00e1c nhau<\/li><li>C\u00f4 t\u1ea1p v\u1ee5 gi\u00fap c\u00e1c con hi\u1ec3u \u0111\u01b0\u1ee3c t\u1ea7m quan tr\u1ecdng c\u1ee7a kh\u00f4ng gian s\u1ed1ng g\u1ecdn g\u00e0ng, s\u1ea1ch s\u1ebd v\u00e0 c\u00e1ch s\u1eafp \u0111\u1eb7t, gi\u1eef g\u00ecn kh\u00f4ng gian s\u1ed1ng \u1ea5y<\/li><\/ul><p>C\u00e1c con s\u1ebd hi\u1ec3u r\u1eb1ng m\u1ed7i ng\u01b0\u1eddi \u0111\u1ec1u c\u00f3 nh\u1eefng t\u00e0i n\u0103ng, s\u1edf tr\u01b0\u1eddng ri\u00eang bi\u1ec7t m\u00e0 m\u00ecnh c\u1ea7n h\u1ecdc h\u1ecfi; v\u00e0 vai tr\u00f2 c\u1ee7a m\u1ed7i ng\u01b0\u1eddi l\u00e0 quan tr\u1ecdng kh\u00f4ng k\u00e9m h\u01a1n.<\/p>\t\t\t\t\t\t<\/div>\n\t\t\t\t<\/div>\n\t\t\t\t\t<\/div>\n\t\t<\/div>\n\t\t\t\t\t\t\t<\/div>\n\t\t<\/section>\n\t\t\t\t\t\t<\/div>\n\t\t\t\t\t<\/div>\n\t\t","protected":false},"excerpt":{"rendered":"\u1ede b\u1ea5t c\u1ee9 n\u01a1i \u0111\u00e2u trong Ng\u00f4i nh\u00e0 B\u00e9 con &#8211; Em Maison, c\u00e1c con c\u0169ng \u0111\u1ec1u c\u00f3 nh\u1eefng ng\u01b0\u1eddi Th\u1ea7y, ng\u01b0\u1eddi C\u00f4 \u0111\u1ed3ng h\u00e0nh tr\u00ean h\u00e0nh tr\u00ecnh kh\u00f4n l\u1edbn. Em Maison \u0111\u1ea7u t\u01b0 n\u00e2ng cao ch\u1ea5t l\u01b0\u1ee3ng gi\u1ea3ng d\u1ea1y, tr\u00ecnh \u0111\u1ed9 chuy\u00ean m\u00f4n cho c\u00e1c gi\u00e1o vi\u00ean th\u00f4ng qua ch\u01b0\u01a1ng tr\u00ecnh \u201cC\u00e1c \u0110\u1ea1i di\u1ec7n [&hellip;]","protected":false},"author":2,"featured_media":0,"parent":0,"menu_order":0,"comment_status":"closed","ping_status":"closed","template":"","meta":[],"yoast_head":"<!-- This site is optimized with the Yoast SEO plugin v17.9 - https:\/\/yoast.com\/wordpress\/plugins\/seo\/ -->\n<meta name=\"robots\" content=\"index, follow, max-snippet:-1, max-image-preview:large, max-video-preview:-1\" \/>\n<link rel=\"canonical\" href=\"https:\/\/emmaison.edu.vn\/cs3\/thay-co-cua-con\/\" \/>\n<meta property=\"og:locale\" content=\"vi_VN\" \/>\n<meta property=\"og:type\" content=\"article\" \/>\n<meta property=\"og:title\" content=\"Th\u1ea7y C\u00f4 c\u1ee7a Con - Ng\u00f4i nh\u00e0 B\u00e9 con \u2013 Em Maison C\u1ea7n Th\u01a1\" \/>\n<meta property=\"og:description\" content=\"\u1ede b\u1ea5t c\u1ee9 n\u01a1i \u0111\u00e2u trong Ng\u00f4i nh\u00e0 B\u00e9 con &#8211; Em Maison, c\u00e1c con c\u0169ng \u0111\u1ec1u c\u00f3 nh\u1eefng ng\u01b0\u1eddi Th\u1ea7y, ng\u01b0\u1eddi C\u00f4 \u0111\u1ed3ng h\u00e0nh tr\u00ean h\u00e0nh tr\u00ecnh kh\u00f4n l\u1edbn. Em Maison \u0111\u1ea7u t\u01b0 n\u00e2ng cao ch\u1ea5t l\u01b0\u1ee3ng gi\u1ea3ng d\u1ea1y, tr\u00ecnh \u0111\u1ed9 chuy\u00ean m\u00f4n cho c\u00e1c gi\u00e1o vi\u00ean th\u00f4ng qua ch\u01b0\u01a1ng tr\u00ecnh \u201cC\u00e1c \u0110\u1ea1i di\u1ec7n [&hellip;]\" \/>\n<meta property=\"og:url\" content=\"https:\/\/emmaison.edu.vn\/cs3\/thay-co-cua-con\/\" \/>\n<meta property=\"og:site_name\" content=\"Ng\u00f4i nh\u00e0 B\u00e9 con \u2013 Em Maison C\u1ea7n Th\u01a1\" \/>\n<meta property=\"article:modified_time\" content=\"2024-07-27T04:32:28+00:00\" \/>\n<meta name=\"twitter:card\" content=\"summary_large_image\" \/>\n<meta name=\"twitter:label1\" content=\"\u01af\u1edbc t\u00ednh th\u1eddi gian \u0111\u1ecdc\" \/>\n\t<meta name=\"twitter:data1\" content=\"2 ph\u00fat\" \/>\n<script type=\"application\/ld+json\" class=\"yoast-schema-graph\">{\"@context\":\"https:\/\/schema.org\",\"@graph\":[{\"@type\":\"WebSite\",\"@id\":\"https:\/\/emmaison.edu.vn\/cs3\/#website\",\"url\":\"https:\/\/emmaison.edu.vn\/cs3\/\",\"name\":\"Ng\\u00f4i nh\\u00e0 B\\u00e9 con \\u2013 Em Maison C\\u1ea7n Th\\u01a1\",\"description\":\"Learn as you play\",\"potentialAction\":[{\"@type\":\"SearchAction\",\"target\":{\"@type\":\"EntryPoint\",\"urlTemplate\":\"https:\/\/emmaison.edu.vn\/cs3\/?s={search_term_string}\"},\"query-input\":\"required name=search_term_string\"}],\"inLanguage\":\"vi\"},{\"@type\":\"WebPage\",\"@id\":\"https:\/\/emmaison.edu.vn\/cs3\/thay-co-cua-con\/#webpage\",\"url\":\"https:\/\/emmaison.edu.vn\/cs3\/thay-co-cua-con\/\",\"name\":\"Th\\u1ea7y C\\u00f4 c\\u1ee7a Con - Ng\\u00f4i nh\\u00e0 B\\u00e9 con \\u2013 Em Maison C\\u1ea7n Th\\u01a1\",\"isPartOf\":{\"@id\":\"https:\/\/emmaison.edu.vn\/cs3\/#website\"},\"datePublished\":\"2021-12-07T01:02:49+00:00\",\"dateModified\":\"2024-07-27T04:32:28+00:00\",\"breadcrumb\":{\"@id\":\"https:\/\/emmaison.edu.vn\/cs3\/thay-co-cua-con\/#breadcrumb\"},\"inLanguage\":\"vi\",\"potentialAction\":[{\"@type\":\"ReadAction\",\"target\":[\"https:\/\/emmaison.edu.vn\/cs3\/thay-co-cua-con\/\"]}]},{\"@type\":\"BreadcrumbList\",\"@id\":\"https:\/\/emmaison.edu.vn\/cs3\/thay-co-cua-con\/#breadcrumb\",\"itemListElement\":[{\"@type\":\"ListItem\",\"position\":1,\"name\":\"Home\",\"item\":\"https:\/\/emmaison.edu.vn\/cs3\/\"},{\"@type\":\"ListItem\",\"position\":2,\"name\":\"Th\\u1ea7y C\\u00f4 c\\u1ee7a Con\"}]}]}<\/script>\n<!-- \/ Yoast SEO plugin. -->","yoast_head_json":{"robots":{"index":"index","follow":"follow","max-snippet":"max-snippet:-1","max-image-preview":"max-image-preview:large","max-video-preview":"max-video-preview:-1"},"canonical":"https:\/\/emmaison.edu.vn\/cs3\/thay-co-cua-con\/","og_locale":"vi_VN","og_type":"article","og_title":"Th\u1ea7y C\u00f4 c\u1ee7a Con - Ng\u00f4i nh\u00e0 B\u00e9 con \u2013 Em Maison C\u1ea7n Th\u01a1","og_description":"\u1ede b\u1ea5t c\u1ee9 n\u01a1i \u0111\u00e2u trong Ng\u00f4i nh\u00e0 B\u00e9 con &#8211; Em Maison, c\u00e1c con c\u0169ng \u0111\u1ec1u c\u00f3 nh\u1eefng ng\u01b0\u1eddi Th\u1ea7y, ng\u01b0\u1eddi C\u00f4 \u0111\u1ed3ng h\u00e0nh tr\u00ean h\u00e0nh tr\u00ecnh kh\u00f4n l\u1edbn. Em Maison \u0111\u1ea7u t\u01b0 n\u00e2ng cao ch\u1ea5t l\u01b0\u1ee3ng gi\u1ea3ng d\u1ea1y, tr\u00ecnh \u0111\u1ed9 chuy\u00ean m\u00f4n cho c\u00e1c gi\u00e1o vi\u00ean th\u00f4ng qua ch\u01b0\u01a1ng tr\u00ecnh \u201cC\u00e1c \u0110\u1ea1i di\u1ec7n [&hellip;]","og_url":"https:\/\/emmaison.edu.vn\/cs3\/thay-co-cua-con\/","og_site_name":"Ng\u00f4i nh\u00e0 B\u00e9 con \u2013 Em Maison C\u1ea7n Th\u01a1","article_modified_time":"2024-07-27T04:32:28+00:00","twitter_card":"summary_large_image","twitter_misc":{"\u01af\u1edbc t\u00ednh th\u1eddi gian \u0111\u1ecdc":"2 ph\u00fat"},"schema":{"@context":"https:\/\/schema.org","@graph":[{"@type":"WebSite","@id":"https:\/\/emmaison.edu.vn\/cs3\/#website","url":"https:\/\/emmaison.edu.vn\/cs3\/","name":"Ng\u00f4i nh\u00e0 B\u00e9 con \u2013 Em Maison C\u1ea7n Th\u01a1","description":"Learn as you play","potentialAction":[{"@type":"SearchAction","target":{"@type":"EntryPoint","urlTemplate":"https:\/\/emmaison.edu.vn\/cs3\/?s={search_term_string}"},"query-input":"required name=search_term_string"}],"inLanguage":"vi"},{"@type":"WebPage","@id":"https:\/\/emmaison.edu.vn\/cs3\/thay-co-cua-con\/#webpage","url":"https:\/\/emmaison.edu.vn\/cs3\/thay-co-cua-con\/","name":"Th\u1ea7y C\u00f4 c\u1ee7a Con - Ng\u00f4i nh\u00e0 B\u00e9 con \u2013 Em Maison C\u1ea7n Th\u01a1","isPartOf":{"@id":"https:\/\/emmaison.edu.vn\/cs3\/#website"},"datePublished":"2021-12-07T01:02:49+00:00","dateModified":"2024-07-27T04:32:28+00:00","breadcrumb":{"@id":"https:\/\/emmaison.edu.vn\/cs3\/thay-co-cua-con\/#breadcrumb"},"inLanguage":"vi","potentialAction":[{"@type":"ReadAction","target":["https:\/\/emmaison.edu.vn\/cs3\/thay-co-cua-con\/"]}]},{"@type":"BreadcrumbList","@id":"https:\/\/emmaison.edu.vn\/cs3\/thay-co-cua-con\/#breadcrumb","itemListElement":[{"@type":"ListItem","position":1,"name":"Home","item":"https:\/\/emmaison.edu.vn\/cs3\/"},{"@type":"ListItem","position":2,"name":"Th\u1ea7y C\u00f4 c\u1ee7a Con"}]}]}},"lang":"vi","translations":{"vi":466},"pll_sync_post":[],"_links":{"self":[{"href":"https:\/\/emmaison.edu.vn\/cs3\/wp-json\/wp\/v2\/pages\/466"}],"collection":[{"href":"https:\/\/emmaison.edu.vn\/cs3\/wp-json\/wp\/v2\/pages"}],"about":[{"href":"https:\/\/emmaison.edu.vn\/cs3\/wp-json\/wp\/v2\/types\/page"}],"author":[{"embeddable":true,"href":"https:\/\/emmaison.edu.vn\/cs3\/wp-json\/wp\/v2\/users\/2"}],"replies":[{"embeddable":true,"href":"https:\/\/emmaison.edu.vn\/cs3\/wp-json\/wp\/v2\/comments?post=466"}],"version-history":[{"count":144,"href":"https:\/\/emmaison.edu.vn\/cs3\/wp-json\/wp\/v2\/pages\/466\/revisions"}],"predecessor-version":[{"id":2044,"href":"https:\/\/emmaison.edu.vn\/cs3\/wp-json\/wp\/v2\/pages\/466\/revisions\/2044"}],"wp:attachment":[{"href":"https:\/\/emmaison.edu.vn\/cs3\/wp-json\/wp\/v2\/media?parent=466"}],"curies":[{"name":"wp","href":"https:\/\/api.w.org\/{rel}","templated":true}]}}