

{"id":35,"date":"2021-09-29T03:40:46","date_gmt":"2021-09-29T03:40:46","guid":{"rendered":"https:\/\/emmaison.edu.vn\/cs3\/?page_id=35"},"modified":"2022-01-17T08:14:23","modified_gmt":"2022-01-17T08:14:23","slug":"chuyen-ve-nha","status":"publish","type":"page","link":"https:\/\/emmaison.edu.vn\/cs3\/chuyen-ve-nha\/","title":{"rendered":"Chuy\u1ec7n v\u1ec1 &#8220;Nh\u00e0&#8221;"},"content":{"rendered":"\t\t<div data-elementor-type=\"wp-page\" data-elementor-id=\"35\" class=\"elementor elementor-35\" data-elementor-settings=\"[]\">\n\t\t\t\t\t\t\t<div class=\"elementor-section-wrap\">\n\t\t\t\t\t\t\t<section class=\"elementor-section elementor-top-section elementor-element elementor-element-b80662e elementor-section-boxed elementor-section-height-default elementor-section-height-default\" data-id=\"b80662e\" data-element_type=\"section\" data-settings=\"{&quot;background_background&quot;:&quot;classic&quot;}\">\n\t\t\t\t\t\t<div class=\"elementor-container elementor-column-gap-default\">\n\t\t\t\t\t<div class=\"elementor-column elementor-col-100 elementor-top-column elementor-element elementor-element-e884c74\" data-id=\"e884c74\" data-element_type=\"column\">\n\t\t\t<div class=\"elementor-widget-wrap elementor-element-populated\">\n\t\t\t\t\t\t\t\t<div class=\"elementor-element elementor-element-521da80 elementor-widget elementor-widget-image\" data-id=\"521da80\" data-element_type=\"widget\" data-widget_type=\"image.default\">\n\t\t\t\t<div class=\"elementor-widget-container\">\n\t\t\t\t\t\t\t\t\t\t\t\t\t\t\t<img src=\"https:\/\/emmaison.edu.vn\/cs3\/wp-content\/uploads\/2022\/01\/emmaison-brand-story.jpg\" title=\"\" alt=\"\" \/>\t\t\t\t\t\t\t\t\t\t\t\t\t\t\t<\/div>\n\t\t\t\t<\/div>\n\t\t\t\t\t<\/div>\n\t\t<\/div>\n\t\t\t\t\t\t\t<\/div>\n\t\t<\/section>\n\t\t\t\t\t\t<\/div>\n\t\t\t\t\t<\/div>\n\t\t","protected":false},"excerpt":{"rendered":"","protected":false},"author":1,"featured_media":84,"parent":0,"menu_order":0,"comment_status":"closed","ping_status":"closed","template":"","meta":[],"yoast_head":"<!-- This site is optimized with the Yoast SEO plugin v17.9 - https:\/\/yoast.com\/wordpress\/plugins\/seo\/ -->\n<meta name=\"robots\" content=\"index, follow, max-snippet:-1, max-image-preview:large, max-video-preview:-1\" \/>\n<link rel=\"canonical\" href=\"https:\/\/emmaison.edu.vn\/cs3\/chuyen-ve-nha\/\" \/>\n<meta property=\"og:locale\" content=\"vi_VN\" \/>\n<meta property=\"og:type\" content=\"article\" \/>\n<meta property=\"og:title\" content=\"Chuy\u1ec7n v\u1ec1 &quot;Nh\u00e0&quot; - Ng\u00f4i nh\u00e0 B\u00e9 con \u2013 Em Maison C\u1ea7n Th\u01a1\" \/>\n<meta property=\"og:url\" content=\"https:\/\/emmaison.edu.vn\/cs3\/chuyen-ve-nha\/\" \/>\n<meta property=\"og:site_name\" content=\"Ng\u00f4i nh\u00e0 B\u00e9 con \u2013 Em Maison C\u1ea7n Th\u01a1\" \/>\n<meta property=\"article:modified_time\" content=\"2022-01-17T08:14:23+00:00\" \/>\n<meta property=\"og:image\" content=\"https:\/\/emmaison.edu.vn\/cs3\/wp-content\/uploads\/2021\/09\/about_welcome.png\" \/>\n\t<meta property=\"og:image:width\" content=\"509\" \/>\n\t<meta property=\"og:image:height\" content=\"322\" \/>\n\t<meta property=\"og:image:type\" content=\"image\/png\" \/>\n<meta name=\"twitter:card\" content=\"summary_large_image\" \/>\n<script type=\"application\/ld+json\" class=\"yoast-schema-graph\">{\"@context\":\"https:\/\/schema.org\",\"@graph\":[{\"@type\":\"WebSite\",\"@id\":\"https:\/\/emmaison.edu.vn\/cs3\/#website\",\"url\":\"https:\/\/emmaison.edu.vn\/cs3\/\",\"name\":\"Ng\\u00f4i nh\\u00e0 B\\u00e9 con \\u2013 Em Maison C\\u1ea7n Th\\u01a1\",\"description\":\"Learn as you play\",\"potentialAction\":[{\"@type\":\"SearchAction\",\"target\":{\"@type\":\"EntryPoint\",\"urlTemplate\":\"https:\/\/emmaison.edu.vn\/cs3\/?s={search_term_string}\"},\"query-input\":\"required name=search_term_string\"}],\"inLanguage\":\"vi\"},{\"@type\":\"ImageObject\",\"@id\":\"https:\/\/emmaison.edu.vn\/cs3\/chuyen-ve-nha\/#primaryimage\",\"inLanguage\":\"vi\",\"url\":\"https:\/\/emmaison.edu.vn\/cs3\/wp-content\/uploads\/2021\/09\/about_welcome.png\",\"contentUrl\":\"https:\/\/emmaison.edu.vn\/cs3\/wp-content\/uploads\/2021\/09\/about_welcome.png\",\"width\":509,\"height\":322},{\"@type\":\"WebPage\",\"@id\":\"https:\/\/emmaison.edu.vn\/cs3\/chuyen-ve-nha\/#webpage\",\"url\":\"https:\/\/emmaison.edu.vn\/cs3\/chuyen-ve-nha\/\",\"name\":\"Chuy\\u1ec7n v\\u1ec1 \\\"Nh\\u00e0\\\" - Ng\\u00f4i nh\\u00e0 B\\u00e9 con \\u2013 Em Maison C\\u1ea7n Th\\u01a1\",\"isPartOf\":{\"@id\":\"https:\/\/emmaison.edu.vn\/cs3\/#website\"},\"primaryImageOfPage\":{\"@id\":\"https:\/\/emmaison.edu.vn\/cs3\/chuyen-ve-nha\/#primaryimage\"},\"datePublished\":\"2021-09-29T03:40:46+00:00\",\"dateModified\":\"2022-01-17T08:14:23+00:00\",\"breadcrumb\":{\"@id\":\"https:\/\/emmaison.edu.vn\/cs3\/chuyen-ve-nha\/#breadcrumb\"},\"inLanguage\":\"vi\",\"potentialAction\":[{\"@type\":\"ReadAction\",\"target\":[\"https:\/\/emmaison.edu.vn\/cs3\/chuyen-ve-nha\/\"]}]},{\"@type\":\"BreadcrumbList\",\"@id\":\"https:\/\/emmaison.edu.vn\/cs3\/chuyen-ve-nha\/#breadcrumb\",\"itemListElement\":[{\"@type\":\"ListItem\",\"position\":1,\"name\":\"Home\",\"item\":\"https:\/\/emmaison.edu.vn\/cs3\/\"},{\"@type\":\"ListItem\",\"position\":2,\"name\":\"Chuy\\u1ec7n v\\u1ec1 &#8220;Nh\\u00e0&#8221;\"}]}]}<\/script>\n<!-- \/ Yoast SEO plugin. -->","yoast_head_json":{"robots":{"index":"index","follow":"follow","max-snippet":"max-snippet:-1","max-image-preview":"max-image-preview:large","max-video-preview":"max-video-preview:-1"},"canonical":"https:\/\/emmaison.edu.vn\/cs3\/chuyen-ve-nha\/","og_locale":"vi_VN","og_type":"article","og_title":"Chuy\u1ec7n v\u1ec1 \"Nh\u00e0\" - Ng\u00f4i nh\u00e0 B\u00e9 con \u2013 Em Maison C\u1ea7n Th\u01a1","og_url":"https:\/\/emmaison.edu.vn\/cs3\/chuyen-ve-nha\/","og_site_name":"Ng\u00f4i nh\u00e0 B\u00e9 con \u2013 Em Maison C\u1ea7n Th\u01a1","article_modified_time":"2022-01-17T08:14:23+00:00","og_image":[{"width":509,"height":322,"url":"https:\/\/emmaison.edu.vn\/cs3\/wp-content\/uploads\/2021\/09\/about_welcome.png","type":"image\/png"}],"twitter_card":"summary_large_image","schema":{"@context":"https:\/\/schema.org","@graph":[{"@type":"WebSite","@id":"https:\/\/emmaison.edu.vn\/cs3\/#website","url":"https:\/\/emmaison.edu.vn\/cs3\/","name":"Ng\u00f4i nh\u00e0 B\u00e9 con \u2013 Em Maison C\u1ea7n Th\u01a1","description":"Learn as you play","potentialAction":[{"@type":"SearchAction","target":{"@type":"EntryPoint","urlTemplate":"https:\/\/emmaison.edu.vn\/cs3\/?s={search_term_string}"},"query-input":"required name=search_term_string"}],"inLanguage":"vi"},{"@type":"ImageObject","@id":"https:\/\/emmaison.edu.vn\/cs3\/chuyen-ve-nha\/#primaryimage","inLanguage":"vi","url":"https:\/\/emmaison.edu.vn\/cs3\/wp-content\/uploads\/2021\/09\/about_welcome.png","contentUrl":"https:\/\/emmaison.edu.vn\/cs3\/wp-content\/uploads\/2021\/09\/about_welcome.png","width":509,"height":322},{"@type":"WebPage","@id":"https:\/\/emmaison.edu.vn\/cs3\/chuyen-ve-nha\/#webpage","url":"https:\/\/emmaison.edu.vn\/cs3\/chuyen-ve-nha\/","name":"Chuy\u1ec7n v\u1ec1 \"Nh\u00e0\" - Ng\u00f4i nh\u00e0 B\u00e9 con \u2013 Em Maison C\u1ea7n Th\u01a1","isPartOf":{"@id":"https:\/\/emmaison.edu.vn\/cs3\/#website"},"primaryImageOfPage":{"@id":"https:\/\/emmaison.edu.vn\/cs3\/chuyen-ve-nha\/#primaryimage"},"datePublished":"2021-09-29T03:40:46+00:00","dateModified":"2022-01-17T08:14:23+00:00","breadcrumb":{"@id":"https:\/\/emmaison.edu.vn\/cs3\/chuyen-ve-nha\/#breadcrumb"},"inLanguage":"vi","potentialAction":[{"@type":"ReadAction","target":["https:\/\/emmaison.edu.vn\/cs3\/chuyen-ve-nha\/"]}]},{"@type":"BreadcrumbList","@id":"https:\/\/emmaison.edu.vn\/cs3\/chuyen-ve-nha\/#breadcrumb","itemListElement":[{"@type":"ListItem","position":1,"name":"Home","item":"https:\/\/emmaison.edu.vn\/cs3\/"},{"@type":"ListItem","position":2,"name":"Chuy\u1ec7n v\u1ec1 &#8220;Nh\u00e0&#8221;"}]}]}},"lang":"vi","translations":{"en":82,"vi":35},"pll_sync_post":[],"_links":{"self":[{"href":"https:\/\/emmaison.edu.vn\/cs3\/wp-json\/wp\/v2\/pages\/35"}],"collection":[{"href":"https:\/\/emmaison.edu.vn\/cs3\/wp-json\/wp\/v2\/pages"}],"about":[{"href":"https:\/\/emmaison.edu.vn\/cs3\/wp-json\/wp\/v2\/types\/page"}],"author":[{"embeddable":true,"href":"https:\/\/emmaison.edu.vn\/cs3\/wp-json\/wp\/v2\/users\/1"}],"replies":[{"embeddable":true,"href":"https:\/\/emmaison.edu.vn\/cs3\/wp-json\/wp\/v2\/comments?post=35"}],"version-history":[{"count":68,"href":"https:\/\/emmaison.edu.vn\/cs3\/wp-json\/wp\/v2\/pages\/35\/revisions"}],"predecessor-version":[{"id":1168,"href":"https:\/\/emmaison.edu.vn\/cs3\/wp-json\/wp\/v2\/pages\/35\/revisions\/1168"}],"wp:featuredmedia":[{"embeddable":true,"href":"https:\/\/emmaison.edu.vn\/cs3\/wp-json\/wp\/v2\/media\/84"}],"wp:attachment":[{"href":"https:\/\/emmaison.edu.vn\/cs3\/wp-json\/wp\/v2\/media?parent=35"}],"curies":[{"name":"wp","href":"https:\/\/api.w.org\/{rel}","templated":true}]}}