

{"id":28,"date":"2021-09-29T03:16:06","date_gmt":"2021-09-29T03:16:06","guid":{"rendered":"https:\/\/emmaison.edu.vn\/cs3\/?page_id=28"},"modified":"2025-09-30T08:50:24","modified_gmt":"2025-09-30T08:50:24","slug":"https-emmaison-edu-vn-cs3","status":"publish","type":"page","link":"https:\/\/emmaison.edu.vn\/cs3\/","title":{"rendered":"Trang ch\u1ee7"},"content":{"rendered":"\t\t<div data-elementor-type=\"wp-page\" data-elementor-id=\"28\" class=\"elementor elementor-28\" data-elementor-settings=\"[]\">\n\t\t\t\t\t\t\t<div class=\"elementor-section-wrap\">\n\t\t\t\t\t\t\t<section class=\"elementor-section elementor-top-section elementor-element elementor-element-48c9e5a elementor-section-boxed elementor-section-height-default elementor-section-height-default\" data-id=\"48c9e5a\" data-element_type=\"section\">\n\t\t\t\t\t\t<div class=\"elementor-container elementor-column-gap-default\">\n\t\t\t\t\t<div class=\"elementor-column elementor-col-100 elementor-top-column elementor-element elementor-element-3efc61d\" data-id=\"3efc61d\" data-element_type=\"column\">\n\t\t\t<div class=\"elementor-widget-wrap elementor-element-populated\">\n\t\t\t\t\t\t\t\t<div class=\"elementor-element elementor-element-a69181a big_title elementor-widget elementor-widget-heading\" data-id=\"a69181a\" data-element_type=\"widget\" data-widget_type=\"heading.default\">\n\t\t\t\t<div class=\"elementor-widget-container\">\n\t\t\t<h2 class=\"elementor-heading-title elementor-size-xl\">CH\u00c0O M\u1eeaNG \u0110\u1ebeN NG\u00d4I NH\u00c0 B\u00c9 CON \u2013 EM MAISON C\u1ea6N TH\u01a0<\/h2>\t\t<\/div>\n\t\t\t\t<\/div>\n\t\t\t\t\t<\/div>\n\t\t<\/div>\n\t\t\t\t\t\t\t<\/div>\n\t\t<\/section>\n\t\t\t\t<section class=\"elementor-section elementor-top-section elementor-element elementor-element-b3b5f58 elementor-section-boxed elementor-section-height-default elementor-section-height-default\" data-id=\"b3b5f58\" data-element_type=\"section\">\n\t\t\t\t\t\t<div class=\"elementor-container elementor-column-gap-default\">\n\t\t\t\t\t<div class=\"elementor-column elementor-col-50 elementor-top-column elementor-element elementor-element-672cf86\" data-id=\"672cf86\" data-element_type=\"column\">\n\t\t\t<div class=\"elementor-widget-wrap elementor-element-populated\">\n\t\t\t\t\t\t\t\t<div class=\"elementor-element elementor-element-0e77060 elementor-widget elementor-widget-image\" data-id=\"0e77060\" data-element_type=\"widget\" data-widget_type=\"image.default\">\n\t\t\t\t<div class=\"elementor-widget-container\">\n\t\t\t\t\t\t\t\t\t\t\t\t\t\t\t<img width=\"1024\" height=\"682\" src=\"https:\/\/emmaison.edu.vn\/cs3\/wp-content\/uploads\/2024\/06\/z4566575066775_5472ce3d295ac3547d99abcf36391b9f-1-1024x682.jpg\" class=\"attachment-large size-large\" alt=\"Em Maison C\u1ea7n Th\u01a1\" loading=\"lazy\" srcset=\"https:\/\/emmaison.edu.vn\/cs3\/wp-content\/uploads\/2024\/06\/z4566575066775_5472ce3d295ac3547d99abcf36391b9f-1-1024x682.jpg 1024w, https:\/\/emmaison.edu.vn\/cs3\/wp-content\/uploads\/2024\/06\/z4566575066775_5472ce3d295ac3547d99abcf36391b9f-1-300x200.jpg 300w, https:\/\/emmaison.edu.vn\/cs3\/wp-content\/uploads\/2024\/06\/z4566575066775_5472ce3d295ac3547d99abcf36391b9f-1-768x512.jpg 768w, https:\/\/emmaison.edu.vn\/cs3\/wp-content\/uploads\/2024\/06\/z4566575066775_5472ce3d295ac3547d99abcf36391b9f-1-1536x1024.jpg 1536w, https:\/\/emmaison.edu.vn\/cs3\/wp-content\/uploads\/2024\/06\/z4566575066775_5472ce3d295ac3547d99abcf36391b9f-1-2048x1365.jpg 2048w, https:\/\/emmaison.edu.vn\/cs3\/wp-content\/uploads\/2024\/06\/z4566575066775_5472ce3d295ac3547d99abcf36391b9f-1-760x505.jpg 760w\" sizes=\"(max-width: 1024px) 100vw, 1024px\" \/>\t\t\t\t\t\t\t\t\t\t\t\t\t\t\t<\/div>\n\t\t\t\t<\/div>\n\t\t\t\t\t<\/div>\n\t\t<\/div>\n\t\t\t\t<div class=\"elementor-column elementor-col-50 elementor-top-column elementor-element elementor-element-e618de6\" data-id=\"e618de6\" data-element_type=\"column\">\n\t\t\t<div class=\"elementor-widget-wrap elementor-element-populated\">\n\t\t\t\t\t\t\t\t<div class=\"elementor-element elementor-element-24abcc0e elementor-widget elementor-widget-text-editor\" data-id=\"24abcc0e\" data-element_type=\"widget\" data-widget_type=\"text-editor.default\">\n\t\t\t\t<div class=\"elementor-widget-container\">\n\t\t\t\t\t\t\t<p>H\u1ec7 th\u1ed1ng Gi\u00e1o d\u1ee5c M\u1ea7m non Em Maison l\u00e0 d\u1ef1 \u00e1n thu\u1ed9c T\u1ed5 ch\u1ee9c Gi\u00e1o d\u1ee5c Global Embassy v\u1edbi s\u1ee9 m\u1ec7nh nu\u00f4i d\u01b0\u1ee1ng v\u00e0 gi\u00e1o d\u1ee5c tr\u1ebb t\u1eeb 12 th\u00e1ng \u0111\u1ebfn 6 tu\u1ed5i, g\u1eafn li\u1ec1n v\u1edbi tri\u1ebft l\u00fd s\u01b0 ph\u1ea1m s\u00e2u s\u1eafc c\u1ee7a H\u01b0\u1edbng ti\u1ebfp c\u1eadn Reggio Emilia\u00ae. L\u00e0 th\u00e0nh vi\u00ean ch\u00ednh th\u1ee9c c\u1ee7a ch\u01b0\u01a1ng tr\u00ecnh <strong>\u201cC\u00e1c \u0110\u1ea1i di\u1ec7n Tr\u01b0\u1eddng m\u1ea7m non ti\u00eau bi\u1ec3u t\u00edch h\u1ee3p H\u01b0\u1edbng ti\u1ebfp c\u1eadn Reggio Emilia\u00ae t\u1ea1i Vi\u1ec7t Nam\u201d<\/strong>, Em Maison t\u1ef1 h\u00e0o v\u1ec1 tr\u1ea3i nghi\u1ec7m \u0111\u00edch th\u1ef1c v\u00e0 nguy\u00ean b\u1ea3n d\u00e0nh cho tr\u1ebb v\u00e0 c\u00e1c gia \u0111\u00ecnh.<\/p>\n<p>Em Maison l\u00e0 <strong>Ng\u00f4i Nh\u00e0 Th\u1ee9 Hai c\u1ee7a c\u00e1c con<\/strong> \u2013 m\u1ed9t m\u00f4i tr\u01b0\u1eddng h\u1ecdc t\u1eadp song ng\u1eef v\u1edbi kh\u00f4ng gian h\u1ecdc t\u1eadp \u0111\u01b0\u1ee3c thi\u1ebft k\u1ebf ph\u00f9 h\u1ee3p nh\u1eb1m th\u00fac \u0111\u1ea9y ti\u1ec1m n\u0103ng c\u1ee7a tr\u1ebb th\u00f4ng qua \u201c100 ng\u00f4n ng\u1eef\u201d, gi\u00fap tr\u1ebb tr\u1edf th\u00e0nh phi\u00ean b\u1ea3n \u01b0u t\u00fa nh\u1ea5t. H\u1ec7 th\u1ed1ng Gi\u00e1o d\u1ee5c M\u1ea7m non Em Maison ti\u00ean phong tri\u1ec3n khai t\u00edch h\u1ee3p H\u01b0\u1edbng ti\u1ebfp c\u1eadn Reggio Emilia\u00ae ch\u00ednh th\u1ed1ng v\u00e0o ch\u01b0\u01a1ng tr\u00ecnh m\u1ea7m non m\u1edbi c\u1ee7a B\u1ed9 Gi\u00e1o d\u1ee5c &amp; \u0110\u00e0o t\u1ea1o Vi\u1ec7t Nam.<\/p>\t\t\t\t\t\t<\/div>\n\t\t\t\t<\/div>\n\t\t\t\t\t<\/div>\n\t\t<\/div>\n\t\t\t\t\t\t\t<\/div>\n\t\t<\/section>\n\t\t\t\t<section class=\"elementor-section elementor-top-section elementor-element elementor-element-a16e5f9 elementor-section-boxed elementor-section-height-default elementor-section-height-default\" data-id=\"a16e5f9\" data-element_type=\"section\">\n\t\t\t\t\t\t<div class=\"elementor-container elementor-column-gap-default\">\n\t\t\t\t\t<div class=\"elementor-column elementor-col-100 elementor-top-column elementor-element elementor-element-64bfdab\" data-id=\"64bfdab\" data-element_type=\"column\">\n\t\t\t<div class=\"elementor-widget-wrap elementor-element-populated\">\n\t\t\t\t\t\t\t\t<div class=\"elementor-element elementor-element-362f89e elementor-widget elementor-widget-spacer\" data-id=\"362f89e\" data-element_type=\"widget\" data-widget_type=\"spacer.default\">\n\t\t\t\t<div class=\"elementor-widget-container\">\n\t\t\t\t\t<div class=\"elementor-spacer\">\n\t\t\t<div class=\"elementor-spacer-inner\"><\/div>\n\t\t<\/div>\n\t\t\t\t<\/div>\n\t\t\t\t<\/div>\n\t\t\t\t\t<\/div>\n\t\t<\/div>\n\t\t\t\t\t\t\t<\/div>\n\t\t<\/section>\n\t\t\t\t<section class=\"elementor-section elementor-top-section elementor-element elementor-element-5358ac3 elementor-section-boxed elementor-section-height-default elementor-section-height-default\" data-id=\"5358ac3\" data-element_type=\"section\">\n\t\t\t\t\t\t<div class=\"elementor-container elementor-column-gap-default\">\n\t\t\t\t\t<div class=\"elementor-column elementor-col-100 elementor-top-column elementor-element elementor-element-4acfd80\" data-id=\"4acfd80\" data-element_type=\"column\">\n\t\t\t<div class=\"elementor-widget-wrap elementor-element-populated\">\n\t\t\t\t\t\t\t\t<div class=\"elementor-element elementor-element-d84db58 elementor-hidden-desktop elementor-hidden-tablet elementor-widget elementor-widget-heading\" data-id=\"d84db58\" data-element_type=\"widget\" data-widget_type=\"heading.default\">\n\t\t\t\t<div class=\"elementor-widget-container\">\n\t\t\t<h2 class=\"elementor-heading-title elementor-size-default\">THAM QUAN \"NH\u00c0\"<\/h2>\t\t<\/div>\n\t\t\t\t<\/div>\n\t\t\t\t\t<\/div>\n\t\t<\/div>\n\t\t\t\t\t\t\t<\/div>\n\t\t<\/section>\n\t\t\t\t<section class=\"elementor-section elementor-top-section elementor-element elementor-element-f36d395 elementor-section-boxed elementor-section-height-default elementor-section-height-default\" data-id=\"f36d395\" data-element_type=\"section\">\n\t\t\t\t\t\t<div class=\"elementor-container elementor-column-gap-default\">\n\t\t\t\t\t<div class=\"elementor-column elementor-col-100 elementor-top-column elementor-element elementor-element-f20d514\" data-id=\"f20d514\" data-element_type=\"column\">\n\t\t\t<div class=\"elementor-widget-wrap elementor-element-populated\">\n\t\t\t\t\t\t\t\t<div class=\"elementor-element elementor-element-9846473 elementor-hidden-mobile elementor-widget elementor-widget-heading\" data-id=\"9846473\" data-element_type=\"widget\" data-widget_type=\"heading.default\">\n\t\t\t\t<div class=\"elementor-widget-container\">\n\t\t\t<h2 class=\"elementor-heading-title elementor-size-xl\">LI\u00caN H\u1ec6 THAM QUAN \"NH\u00c0\"<\/h2>\t\t<\/div>\n\t\t\t\t<\/div>\n\t\t\t\t\t<\/div>\n\t\t<\/div>\n\t\t\t\t\t\t\t<\/div>\n\t\t<\/section>\n\t\t\t\t<section class=\"elementor-section elementor-top-section elementor-element elementor-element-a46d789 elementor-section-boxed elementor-section-height-default elementor-section-height-default\" data-id=\"a46d789\" data-element_type=\"section\">\n\t\t\t\t\t\t<div class=\"elementor-container elementor-column-gap-default\">\n\t\t\t\t\t<div class=\"elementor-column elementor-col-50 elementor-top-column elementor-element elementor-element-a54e6ee elementor-hidden-mobile\" data-id=\"a54e6ee\" data-element_type=\"column\">\n\t\t\t<div class=\"elementor-widget-wrap elementor-element-populated\">\n\t\t\t\t\t\t\t\t<div class=\"elementor-element elementor-element-55e3b18 elementor-position-left elementor-view-default elementor-vertical-align-top elementor-widget elementor-widget-icon-box\" data-id=\"55e3b18\" data-element_type=\"widget\" data-widget_type=\"icon-box.default\">\n\t\t\t\t<div class=\"elementor-widget-container\">\n\t\t\t\t\t<div class=\"elementor-icon-box-wrapper\">\n\t\t\t\t\t\t<div class=\"elementor-icon-box-icon\">\n\t\t\t\t<a class=\"elementor-icon elementor-animation-\" href=\"tel:02926286666\">\n\t\t\t\t<i aria-hidden=\"true\" class=\"fas fa-phone-alt\"><\/i>\t\t\t\t<\/a>\n\t\t\t<\/div>\n\t\t\t\t\t\t<div class=\"elementor-icon-box-content\">\n\t\t\t\t<h2 class=\"elementor-icon-box-title\">\n\t\t\t\t\t<a href=\"tel:02926286666\" >\n\t\t\t\t\t\t\u0110i\u1ec7n tho\u1ea1i:\t\t\t\t\t<\/a>\n\t\t\t\t<\/h2>\n\t\t\t\t\t\t\t\t\t<p class=\"elementor-icon-box-description\">\n\t\t\t\t\t\t029 2628 6666\t\t\t\t\t<\/p>\n\t\t\t\t\t\t\t<\/div>\n\t\t<\/div>\n\t\t\t\t<\/div>\n\t\t\t\t<\/div>\n\t\t\t\t<div class=\"elementor-element elementor-element-2ebae69 elementor-position-left elementor-view-default elementor-vertical-align-top elementor-widget elementor-widget-icon-box\" data-id=\"2ebae69\" data-element_type=\"widget\" data-widget_type=\"icon-box.default\">\n\t\t\t\t<div class=\"elementor-widget-container\">\n\t\t\t\t\t<div class=\"elementor-icon-box-wrapper\">\n\t\t\t\t\t\t<div class=\"elementor-icon-box-icon\">\n\t\t\t\t<a class=\"elementor-icon elementor-animation-\" href=\"mailto:emmaisoncantho@gmail.com\">\n\t\t\t\t<i aria-hidden=\"true\" class=\"far fa-envelope\"><\/i>\t\t\t\t<\/a>\n\t\t\t<\/div>\n\t\t\t\t\t\t<div class=\"elementor-icon-box-content\">\n\t\t\t\t<h2 class=\"elementor-icon-box-title\">\n\t\t\t\t\t<a href=\"mailto:emmaisoncantho@gmail.com\" >\n\t\t\t\t\t\tEmail:\t\t\t\t\t<\/a>\n\t\t\t\t<\/h2>\n\t\t\t\t\t\t\t\t\t<p class=\"elementor-icon-box-description\">\n\t\t\t\t\t\temmaisoncantho@gmail.com\t\t\t\t\t<\/p>\n\t\t\t\t\t\t\t<\/div>\n\t\t<\/div>\n\t\t\t\t<\/div>\n\t\t\t\t<\/div>\n\t\t\t\t<div class=\"elementor-element elementor-element-5d80483 elementor-position-left elementor-view-default elementor-vertical-align-top elementor-widget elementor-widget-icon-box\" data-id=\"5d80483\" data-element_type=\"widget\" data-widget_type=\"icon-box.default\">\n\t\t\t\t<div class=\"elementor-widget-container\">\n\t\t\t\t\t<div class=\"elementor-icon-box-wrapper\">\n\t\t\t\t\t\t<div class=\"elementor-icon-box-icon\">\n\t\t\t\t<a class=\"elementor-icon elementor-animation-\" href=\"https:\/\/maps.app.goo.gl\/p23y4DsSz9BrTGsw7\">\n\t\t\t\t<i aria-hidden=\"true\" class=\"fas fa-map-marker-alt\"><\/i>\t\t\t\t<\/a>\n\t\t\t<\/div>\n\t\t\t\t\t\t<div class=\"elementor-icon-box-content\">\n\t\t\t\t<h2 class=\"elementor-icon-box-title\">\n\t\t\t\t\t<a href=\"https:\/\/maps.app.goo.gl\/p23y4DsSz9BrTGsw7\" >\n\t\t\t\t\t\t\u0110\u1ecba ch\u1ec9:\t\t\t\t\t<\/a>\n\t\t\t\t<\/h2>\n\t\t\t\t\t\t\t\t\t<p class=\"elementor-icon-box-description\">\n\t\t\t\t\t\t776 \u0111\u01b0\u1eddng 30\/4, ph\u01b0\u1eddng H\u01b0ng L\u1ee3i, qu\u1eadn Ninh Ki\u1ec1u, TPCT.\t\t\t\t\t<\/p>\n\t\t\t\t\t\t\t<\/div>\n\t\t<\/div>\n\t\t\t\t<\/div>\n\t\t\t\t<\/div>\n\t\t\t\t\t<\/div>\n\t\t<\/div>\n\t\t\t\t<div class=\"elementor-column elementor-col-50 elementor-top-column elementor-element elementor-element-b8391b7\" data-id=\"b8391b7\" data-element_type=\"column\">\n\t\t\t<div class=\"elementor-widget-wrap elementor-element-populated\">\n\t\t\t\t\t\t\t\t<div class=\"elementor-element elementor-element-6a7964e elementor-widget elementor-widget-google_maps\" data-id=\"6a7964e\" data-element_type=\"widget\" data-widget_type=\"google_maps.default\">\n\t\t\t\t<div class=\"elementor-widget-container\">\n\t\t\t\t\t<div class=\"elementor-custom-embed\">\n\t\t\t<iframe frameborder=\"0\" scrolling=\"no\" marginheight=\"0\" marginwidth=\"0\"\n\t\t\t\t\tsrc=\"https:\/\/maps.google.com\/maps?q=Em%20Maison%20Preschool%2C%20776%20%C4%90.%2030%20Th%C3%A1ng%204%2C%20H%C6%B0ng%20L%E1%BB%A3i%2C%20Ninh%20Ki%E1%BB%81u%2C%20C%E1%BA%A7n%20Th%C6%A1%2092000%2C%20Vietnam&#038;t=m&#038;z=16&#038;output=embed&#038;iwloc=near\"\n\t\t\t\t\ttitle=\"Em Maison Preschool, 776 \u0110. 30 Th\u00e1ng 4, H\u01b0ng L\u1ee3i, Ninh Ki\u1ec1u, C\u1ea7n Th\u01a1 92000, Vietnam\"\n\t\t\t\t\taria-label=\"Em Maison Preschool, 776 \u0110. 30 Th\u00e1ng 4, H\u01b0ng L\u1ee3i, Ninh Ki\u1ec1u, C\u1ea7n Th\u01a1 92000, Vietnam\"\n\t\t\t><\/iframe>\n\t\t<\/div>\n\t\t\t\t<\/div>\n\t\t\t\t<\/div>\n\t\t\t\t\t<\/div>\n\t\t<\/div>\n\t\t\t\t\t\t\t<\/div>\n\t\t<\/section>\n\t\t\t\t\t\t<\/div>\n\t\t\t\t\t<\/div>\n\t\t","protected":false},"excerpt":{"rendered":"CH\u00c0O M\u1eeaNG \u0110\u1ebeN NG\u00d4I NH\u00c0 B\u00c9 CON \u2013 EM MAISON C\u1ea6N TH\u01a0 H\u1ec7 th\u1ed1ng Gi\u00e1o d\u1ee5c M\u1ea7m non Em Maison l\u00e0 d\u1ef1 \u00e1n thu\u1ed9c T\u1ed5 ch\u1ee9c Gi\u00e1o d\u1ee5c Global Embassy v\u1edbi s\u1ee9 m\u1ec7nh nu\u00f4i d\u01b0\u1ee1ng v\u00e0 gi\u00e1o d\u1ee5c tr\u1ebb t\u1eeb 12 th\u00e1ng \u0111\u1ebfn 6 tu\u1ed5i, g\u1eafn li\u1ec1n v\u1edbi tri\u1ebft l\u00fd s\u01b0 ph\u1ea1m s\u00e2u s\u1eafc c\u1ee7a [&hellip;]","protected":false},"author":1,"featured_media":1841,"parent":0,"menu_order":0,"comment_status":"closed","ping_status":"closed","template":"front-page.php","meta":[],"yoast_head":"<!-- This site is optimized with the Yoast SEO plugin v17.9 - https:\/\/yoast.com\/wordpress\/plugins\/seo\/ -->\n<meta name=\"description\" content=\"H\u1ec7 th\u1ed1ng Gi\u00e1o d\u1ee5c M\u1ea7m non Em Maison l\u00e0 d\u1ef1 \u00e1n thu\u1ed9c T\u1ed5 ch\u1ee9c Gi\u00e1o d\u1ee5c Global Embassy v\u1edbi s\u1ee9 m\u1ec7nh nu\u00f4i d\u01b0\u1ee1ng v\u00e0 gi\u00e1o d\u1ee5c tr\u1ebb t\u1eeb 12 th\u00e1ng \u0111\u1ebfn 6 tu\u1ed5i, g\u1eafn li\u1ec1n v\u1edbi tri\u1ebft l\u00fd s\u01b0 ph\u1ea1m s\u00e2u s\u1eafc c\u1ee7a H\u01b0\u1edbng ti\u1ebfp c\u1eadn Reggio Emilia\u00ae.\" \/>\n<meta name=\"robots\" content=\"index, follow, max-snippet:-1, max-image-preview:large, max-video-preview:-1\" \/>\n<link rel=\"canonical\" href=\"https:\/\/emmaison.edu.vn\/cs3\/\" \/>\n<meta property=\"og:locale\" content=\"vi_VN\" \/>\n<meta property=\"og:type\" content=\"article\" \/>\n<meta property=\"og:title\" content=\"CH\u00c0O M\u1eeaNG \u0110\u1ebeN NG\u00d4I NH\u00c0 B\u00c9 CON \u2013 EM MAISON C\u1ea6N TH\u01a0\" \/>\n<meta property=\"og:description\" content=\"H\u1ec7 th\u1ed1ng Gi\u00e1o d\u1ee5c M\u1ea7m non Em Maison l\u00e0 d\u1ef1 \u00e1n thu\u1ed9c T\u1ed5 ch\u1ee9c Gi\u00e1o d\u1ee5c Global Embassy v\u1edbi s\u1ee9 m\u1ec7nh nu\u00f4i d\u01b0\u1ee1ng v\u00e0 gi\u00e1o d\u1ee5c tr\u1ebb t\u1eeb 12 th\u00e1ng \u0111\u1ebfn 6 tu\u1ed5i, g\u1eafn li\u1ec1n v\u1edbi tri\u1ebft l\u00fd s\u01b0 ph\u1ea1m s\u00e2u s\u1eafc c\u1ee7a H\u01b0\u1edbng ti\u1ebfp c\u1eadn Reggio Emilia\u00ae.\" \/>\n<meta property=\"og:url\" content=\"https:\/\/emmaison.edu.vn\/cs3\/\" \/>\n<meta property=\"og:site_name\" content=\"Ng\u00f4i nh\u00e0 B\u00e9 con \u2013 Em Maison C\u1ea7n Th\u01a1\" \/>\n<meta property=\"article:modified_time\" content=\"2025-09-30T08:50:24+00:00\" \/>\n<meta property=\"og:image\" content=\"https:\/\/emmaison.edu.vn\/cs3\/wp-content\/uploads\/2024\/06\/z5534716711139_4105a58a9752296fc7d9ee12f5cfae3d.jpg\" \/>\n\t<meta property=\"og:image:width\" content=\"2560\" \/>\n\t<meta property=\"og:image:height\" content=\"1707\" \/>\n\t<meta property=\"og:image:type\" content=\"image\/jpeg\" \/>\n<meta name=\"twitter:card\" content=\"summary_large_image\" \/>\n<meta name=\"twitter:title\" content=\"CH\u00c0O M\u1eeaNG \u0110\u1ebeN NG\u00d4I NH\u00c0 B\u00c9 CON \u2013 EM MAISON C\u1ea6N TH\u01a0\" \/>\n<meta name=\"twitter:description\" content=\"H\u1ec7 th\u1ed1ng Gi\u00e1o d\u1ee5c M\u1ea7m non Em Maison l\u00e0 d\u1ef1 \u00e1n thu\u1ed9c T\u1ed5 ch\u1ee9c Gi\u00e1o d\u1ee5c Global Embassy v\u1edbi s\u1ee9 m\u1ec7nh nu\u00f4i d\u01b0\u1ee1ng v\u00e0 gi\u00e1o d\u1ee5c tr\u1ebb t\u1eeb 12 th\u00e1ng \u0111\u1ebfn 6 tu\u1ed5i, g\u1eafn li\u1ec1n v\u1edbi tri\u1ebft l\u00fd s\u01b0 ph\u1ea1m s\u00e2u s\u1eafc c\u1ee7a H\u01b0\u1edbng ti\u1ebfp c\u1eadn Reggio Emilia\u00ae.\" \/>\n<meta name=\"twitter:image\" content=\"https:\/\/emmaison.edu.vn\/cs3\/wp-content\/uploads\/2024\/06\/z5534716711139_4105a58a9752296fc7d9ee12f5cfae3d.jpg\" \/>\n<meta name=\"twitter:label1\" content=\"\u01af\u1edbc t\u00ednh th\u1eddi gian \u0111\u1ecdc\" \/>\n\t<meta name=\"twitter:data1\" content=\"2 ph\u00fat\" \/>\n<script type=\"application\/ld+json\" class=\"yoast-schema-graph\">{\"@context\":\"https:\/\/schema.org\",\"@graph\":[{\"@type\":\"WebSite\",\"@id\":\"https:\/\/emmaison.edu.vn\/cs3\/#website\",\"url\":\"https:\/\/emmaison.edu.vn\/cs3\/\",\"name\":\"Ng\\u00f4i nh\\u00e0 B\\u00e9 con \\u2013 Em Maison C\\u1ea7n Th\\u01a1\",\"description\":\"Learn as you play\",\"potentialAction\":[{\"@type\":\"SearchAction\",\"target\":{\"@type\":\"EntryPoint\",\"urlTemplate\":\"https:\/\/emmaison.edu.vn\/cs3\/?s={search_term_string}\"},\"query-input\":\"required name=search_term_string\"}],\"inLanguage\":\"vi\"},{\"@type\":\"ImageObject\",\"@id\":\"https:\/\/emmaison.edu.vn\/cs3\/#primaryimage\",\"inLanguage\":\"vi\",\"url\":\"https:\/\/emmaison.edu.vn\/cs3\/wp-content\/uploads\/2024\/06\/z5534716711139_4105a58a9752296fc7d9ee12f5cfae3d.jpg\",\"contentUrl\":\"https:\/\/emmaison.edu.vn\/cs3\/wp-content\/uploads\/2024\/06\/z5534716711139_4105a58a9752296fc7d9ee12f5cfae3d.jpg\",\"width\":2560,\"height\":1707},{\"@type\":\"WebPage\",\"@id\":\"https:\/\/emmaison.edu.vn\/cs3\/#webpage\",\"url\":\"https:\/\/emmaison.edu.vn\/cs3\/\",\"name\":\"Trang ch\\u1ee7 - Ng\\u00f4i nh\\u00e0 B\\u00e9 con \\u2013 Em Maison C\\u1ea7n Th\\u01a1\",\"isPartOf\":{\"@id\":\"https:\/\/emmaison.edu.vn\/cs3\/#website\"},\"primaryImageOfPage\":{\"@id\":\"https:\/\/emmaison.edu.vn\/cs3\/#primaryimage\"},\"datePublished\":\"2021-09-29T03:16:06+00:00\",\"dateModified\":\"2025-09-30T08:50:24+00:00\",\"description\":\"H\\u1ec7 th\\u1ed1ng Gi\\u00e1o d\\u1ee5c M\\u1ea7m non Em Maison l\\u00e0 d\\u1ef1 \\u00e1n thu\\u1ed9c T\\u1ed5 ch\\u1ee9c Gi\\u00e1o d\\u1ee5c Global Embassy v\\u1edbi s\\u1ee9 m\\u1ec7nh nu\\u00f4i d\\u01b0\\u1ee1ng v\\u00e0 gi\\u00e1o d\\u1ee5c tr\\u1ebb t\\u1eeb 12 th\\u00e1ng \\u0111\\u1ebfn 6 tu\\u1ed5i, g\\u1eafn li\\u1ec1n v\\u1edbi tri\\u1ebft l\\u00fd s\\u01b0 ph\\u1ea1m s\\u00e2u s\\u1eafc c\\u1ee7a H\\u01b0\\u1edbng ti\\u1ebfp c\\u1eadn Reggio Emilia\\u00ae.\",\"breadcrumb\":{\"@id\":\"https:\/\/emmaison.edu.vn\/cs3\/#breadcrumb\"},\"inLanguage\":\"vi\",\"potentialAction\":[{\"@type\":\"ReadAction\",\"target\":[\"https:\/\/emmaison.edu.vn\/cs3\/\"]}]},{\"@type\":\"BreadcrumbList\",\"@id\":\"https:\/\/emmaison.edu.vn\/cs3\/#breadcrumb\",\"itemListElement\":[{\"@type\":\"ListItem\",\"position\":1,\"name\":\"Home\",\"item\":\"https:\/\/emmaison.edu.vn\/cs3\/\"},{\"@type\":\"ListItem\",\"position\":2,\"name\":\"Trang ch\\u1ee7\"}]}]}<\/script>\n<!-- \/ Yoast SEO plugin. -->","yoast_head_json":{"description":"H\u1ec7 th\u1ed1ng Gi\u00e1o d\u1ee5c M\u1ea7m non Em Maison l\u00e0 d\u1ef1 \u00e1n thu\u1ed9c T\u1ed5 ch\u1ee9c Gi\u00e1o d\u1ee5c Global Embassy v\u1edbi s\u1ee9 m\u1ec7nh nu\u00f4i d\u01b0\u1ee1ng v\u00e0 gi\u00e1o d\u1ee5c tr\u1ebb t\u1eeb 12 th\u00e1ng \u0111\u1ebfn 6 tu\u1ed5i, g\u1eafn li\u1ec1n v\u1edbi tri\u1ebft l\u00fd s\u01b0 ph\u1ea1m s\u00e2u s\u1eafc c\u1ee7a H\u01b0\u1edbng ti\u1ebfp c\u1eadn Reggio Emilia\u00ae.","robots":{"index":"index","follow":"follow","max-snippet":"max-snippet:-1","max-image-preview":"max-image-preview:large","max-video-preview":"max-video-preview:-1"},"canonical":"https:\/\/emmaison.edu.vn\/cs3\/","og_locale":"vi_VN","og_type":"article","og_title":"CH\u00c0O M\u1eeaNG \u0110\u1ebeN NG\u00d4I NH\u00c0 B\u00c9 CON \u2013 EM MAISON C\u1ea6N TH\u01a0","og_description":"H\u1ec7 th\u1ed1ng Gi\u00e1o d\u1ee5c M\u1ea7m non Em Maison l\u00e0 d\u1ef1 \u00e1n thu\u1ed9c T\u1ed5 ch\u1ee9c Gi\u00e1o d\u1ee5c Global Embassy v\u1edbi s\u1ee9 m\u1ec7nh nu\u00f4i d\u01b0\u1ee1ng v\u00e0 gi\u00e1o d\u1ee5c tr\u1ebb t\u1eeb 12 th\u00e1ng \u0111\u1ebfn 6 tu\u1ed5i, g\u1eafn li\u1ec1n v\u1edbi tri\u1ebft l\u00fd s\u01b0 ph\u1ea1m s\u00e2u s\u1eafc c\u1ee7a H\u01b0\u1edbng ti\u1ebfp c\u1eadn Reggio Emilia\u00ae.","og_url":"https:\/\/emmaison.edu.vn\/cs3\/","og_site_name":"Ng\u00f4i nh\u00e0 B\u00e9 con \u2013 Em Maison C\u1ea7n Th\u01a1","article_modified_time":"2025-09-30T08:50:24+00:00","og_image":[{"width":2560,"height":1707,"url":"https:\/\/emmaison.edu.vn\/cs3\/wp-content\/uploads\/2024\/06\/z5534716711139_4105a58a9752296fc7d9ee12f5cfae3d.jpg","type":"image\/jpeg"}],"twitter_card":"summary_large_image","twitter_title":"CH\u00c0O M\u1eeaNG \u0110\u1ebeN NG\u00d4I NH\u00c0 B\u00c9 CON \u2013 EM MAISON C\u1ea6N TH\u01a0","twitter_description":"H\u1ec7 th\u1ed1ng Gi\u00e1o d\u1ee5c M\u1ea7m non Em Maison l\u00e0 d\u1ef1 \u00e1n thu\u1ed9c T\u1ed5 ch\u1ee9c Gi\u00e1o d\u1ee5c Global Embassy v\u1edbi s\u1ee9 m\u1ec7nh nu\u00f4i d\u01b0\u1ee1ng v\u00e0 gi\u00e1o d\u1ee5c tr\u1ebb t\u1eeb 12 th\u00e1ng \u0111\u1ebfn 6 tu\u1ed5i, g\u1eafn li\u1ec1n v\u1edbi tri\u1ebft l\u00fd s\u01b0 ph\u1ea1m s\u00e2u s\u1eafc c\u1ee7a H\u01b0\u1edbng ti\u1ebfp c\u1eadn Reggio Emilia\u00ae.","twitter_image":"https:\/\/emmaison.edu.vn\/cs3\/wp-content\/uploads\/2024\/06\/z5534716711139_4105a58a9752296fc7d9ee12f5cfae3d.jpg","twitter_misc":{"\u01af\u1edbc t\u00ednh th\u1eddi gian \u0111\u1ecdc":"2 ph\u00fat"},"schema":{"@context":"https:\/\/schema.org","@graph":[{"@type":"WebSite","@id":"https:\/\/emmaison.edu.vn\/cs3\/#website","url":"https:\/\/emmaison.edu.vn\/cs3\/","name":"Ng\u00f4i nh\u00e0 B\u00e9 con \u2013 Em Maison C\u1ea7n Th\u01a1","description":"Learn as you play","potentialAction":[{"@type":"SearchAction","target":{"@type":"EntryPoint","urlTemplate":"https:\/\/emmaison.edu.vn\/cs3\/?s={search_term_string}"},"query-input":"required name=search_term_string"}],"inLanguage":"vi"},{"@type":"ImageObject","@id":"https:\/\/emmaison.edu.vn\/cs3\/#primaryimage","inLanguage":"vi","url":"https:\/\/emmaison.edu.vn\/cs3\/wp-content\/uploads\/2024\/06\/z5534716711139_4105a58a9752296fc7d9ee12f5cfae3d.jpg","contentUrl":"https:\/\/emmaison.edu.vn\/cs3\/wp-content\/uploads\/2024\/06\/z5534716711139_4105a58a9752296fc7d9ee12f5cfae3d.jpg","width":2560,"height":1707},{"@type":"WebPage","@id":"https:\/\/emmaison.edu.vn\/cs3\/#webpage","url":"https:\/\/emmaison.edu.vn\/cs3\/","name":"Trang ch\u1ee7 - Ng\u00f4i nh\u00e0 B\u00e9 con \u2013 Em Maison C\u1ea7n Th\u01a1","isPartOf":{"@id":"https:\/\/emmaison.edu.vn\/cs3\/#website"},"primaryImageOfPage":{"@id":"https:\/\/emmaison.edu.vn\/cs3\/#primaryimage"},"datePublished":"2021-09-29T03:16:06+00:00","dateModified":"2025-09-30T08:50:24+00:00","description":"H\u1ec7 th\u1ed1ng Gi\u00e1o d\u1ee5c M\u1ea7m non Em Maison l\u00e0 d\u1ef1 \u00e1n thu\u1ed9c T\u1ed5 ch\u1ee9c Gi\u00e1o d\u1ee5c Global Embassy v\u1edbi s\u1ee9 m\u1ec7nh nu\u00f4i d\u01b0\u1ee1ng v\u00e0 gi\u00e1o d\u1ee5c tr\u1ebb t\u1eeb 12 th\u00e1ng \u0111\u1ebfn 6 tu\u1ed5i, g\u1eafn li\u1ec1n v\u1edbi tri\u1ebft l\u00fd s\u01b0 ph\u1ea1m s\u00e2u s\u1eafc c\u1ee7a H\u01b0\u1edbng ti\u1ebfp c\u1eadn Reggio Emilia\u00ae.","breadcrumb":{"@id":"https:\/\/emmaison.edu.vn\/cs3\/#breadcrumb"},"inLanguage":"vi","potentialAction":[{"@type":"ReadAction","target":["https:\/\/emmaison.edu.vn\/cs3\/"]}]},{"@type":"BreadcrumbList","@id":"https:\/\/emmaison.edu.vn\/cs3\/#breadcrumb","itemListElement":[{"@type":"ListItem","position":1,"name":"Home","item":"https:\/\/emmaison.edu.vn\/cs3\/"},{"@type":"ListItem","position":2,"name":"Trang ch\u1ee7"}]}]}},"lang":"vi","translations":{"vi":28},"pll_sync_post":[],"_links":{"self":[{"href":"https:\/\/emmaison.edu.vn\/cs3\/wp-json\/wp\/v2\/pages\/28"}],"collection":[{"href":"https:\/\/emmaison.edu.vn\/cs3\/wp-json\/wp\/v2\/pages"}],"about":[{"href":"https:\/\/emmaison.edu.vn\/cs3\/wp-json\/wp\/v2\/types\/page"}],"author":[{"embeddable":true,"href":"https:\/\/emmaison.edu.vn\/cs3\/wp-json\/wp\/v2\/users\/1"}],"replies":[{"embeddable":true,"href":"https:\/\/emmaison.edu.vn\/cs3\/wp-json\/wp\/v2\/comments?post=28"}],"version-history":[{"count":199,"href":"https:\/\/emmaison.edu.vn\/cs3\/wp-json\/wp\/v2\/pages\/28\/revisions"}],"predecessor-version":[{"id":2115,"href":"https:\/\/emmaison.edu.vn\/cs3\/wp-json\/wp\/v2\/pages\/28\/revisions\/2115"}],"wp:featuredmedia":[{"embeddable":true,"href":"https:\/\/emmaison.edu.vn\/cs3\/wp-json\/wp\/v2\/media\/1841"}],"wp:attachment":[{"href":"https:\/\/emmaison.edu.vn\/cs3\/wp-json\/wp\/v2\/media?parent=28"}],"curies":[{"name":"wp","href":"https:\/\/api.w.org\/{rel}","templated":true}]}}