

{"id":626,"date":"2021-12-10T09:49:29","date_gmt":"2021-12-10T09:49:29","guid":{"rendered":"http:\/\/emmaison.edu.vn\/cs1\/?page_id=626"},"modified":"2021-12-28T06:37:36","modified_gmt":"2021-12-28T06:37:36","slug":"tai-sao-em-maison","status":"publish","type":"page","link":"https:\/\/emmaison.edu.vn\/cs1\/tai-sao-em-maison\/","title":{"rendered":"T\u1ea1i sao Em Maison"},"content":{"rendered":"\t\t<div data-elementor-type=\"wp-page\" data-elementor-id=\"626\" class=\"elementor elementor-626\" data-elementor-settings=\"[]\">\n\t\t\t\t\t\t\t<div class=\"elementor-section-wrap\">\n\t\t\t\t\t\t\t<section class=\"elementor-section elementor-top-section elementor-element elementor-element-1eb17df elementor-section-boxed elementor-section-height-default elementor-section-height-default\" data-id=\"1eb17df\" data-element_type=\"section\">\n\t\t\t\t\t\t<div class=\"elementor-container elementor-column-gap-default\">\n\t\t\t\t\t<div class=\"elementor-column elementor-col-100 elementor-top-column elementor-element elementor-element-8db83b8\" data-id=\"8db83b8\" data-element_type=\"column\">\n\t\t\t<div class=\"elementor-widget-wrap elementor-element-populated\">\n\t\t\t\t\t\t\t\t<div class=\"elementor-element elementor-element-5e9c4f9 big_title elementor-widget elementor-widget-heading\" data-id=\"5e9c4f9\" data-element_type=\"widget\" data-widget_type=\"heading.default\">\n\t\t\t\t<div class=\"elementor-widget-container\">\n\t\t\t<h2 class=\"elementor-heading-title elementor-size-default\">T\u1ea1i sao ch\u1ecdn Em Maison<\/h2>\t\t<\/div>\n\t\t\t\t<\/div>\n\t\t\t\t\t<\/div>\n\t\t<\/div>\n\t\t\t\t\t\t\t<\/div>\n\t\t<\/section>\n\t\t\t\t<section class=\"elementor-section elementor-top-section elementor-element elementor-element-788c974 elementor-section-boxed elementor-section-height-default elementor-section-height-default\" data-id=\"788c974\" data-element_type=\"section\">\n\t\t\t\t\t\t<div class=\"elementor-container elementor-column-gap-default\">\n\t\t\t\t\t<div class=\"elementor-column elementor-col-100 elementor-top-column elementor-element elementor-element-f5c2814\" data-id=\"f5c2814\" data-element_type=\"column\">\n\t\t\t<div class=\"elementor-widget-wrap\">\n\t\t\t\t\t\t\t\t\t<\/div>\n\t\t<\/div>\n\t\t\t\t\t\t\t<\/div>\n\t\t<\/section>\n\t\t\t\t\t\t<\/div>\n\t\t\t\t\t<\/div>\n\t\t","protected":false},"excerpt":{"rendered":"T\u1ea1i sao ch\u1ecdn Em Maison Kh\u00f4ng gian h\u1ecdc t\u1eadp V\u1edbi c\u00e1ch s\u1eafp x\u1ebfp h\u1ee3p l\u00fd c\u00e1c h\u1ecdc li\u1ec7u v\u00e0 v\u1eadt li\u1ec7u c\u0169ng nh\u01b0 c\u00e1ch b\u00e0i tr\u00ed \u0111\u01a1n gi\u1ea3n nh\u01b0ng \u1ea5m \u00e1p, c\u00e1c con s\u1ebd th\u1ea5y m\u00ecnh v\u1eeba ch\u01a1i, v\u1eeba h\u1ecdc, v\u1eeba \u0111\u01b0\u1ee3c y\u00eau th\u01b0\u01a1ng v\u00e0 v\u1eeba \u0111\u01b0\u1ee3c th\u1ec3 hi\u1ec7n c\u00e1 t\u00ednh c\u1ee7a m\u00ecnh. V\u1edbi mong [&hellip;]","protected":false},"author":2,"featured_media":0,"parent":0,"menu_order":14,"comment_status":"closed","ping_status":"closed","template":"","meta":[],"yoast_head":"<!-- This site is optimized with the Yoast SEO plugin v17.9 - https:\/\/yoast.com\/wordpress\/plugins\/seo\/ -->\n<meta name=\"robots\" content=\"index, follow, max-snippet:-1, max-image-preview:large, max-video-preview:-1\" \/>\n<link rel=\"canonical\" href=\"https:\/\/emmaison.edu.vn\/cs1\/tai-sao-em-maison\/\" \/>\n<meta property=\"og:locale\" content=\"en_US\" \/>\n<meta property=\"og:type\" content=\"article\" \/>\n<meta property=\"og:title\" content=\"T\u1ea1i sao Em Maison - Tr\u01b0\u1eddng m\u1ea7m non Ng\u00f4i Nh\u00e0 B\u00e9 Con \u2013 Em Maison\" \/>\n<meta property=\"og:description\" content=\"T\u1ea1i sao ch\u1ecdn Em Maison Kh\u00f4ng gian h\u1ecdc t\u1eadp V\u1edbi c\u00e1ch s\u1eafp x\u1ebfp h\u1ee3p l\u00fd c\u00e1c h\u1ecdc li\u1ec7u v\u00e0 v\u1eadt li\u1ec7u c\u0169ng nh\u01b0 c\u00e1ch b\u00e0i tr\u00ed \u0111\u01a1n gi\u1ea3n nh\u01b0ng \u1ea5m \u00e1p, c\u00e1c con s\u1ebd th\u1ea5y m\u00ecnh v\u1eeba ch\u01a1i, v\u1eeba h\u1ecdc, v\u1eeba \u0111\u01b0\u1ee3c y\u00eau th\u01b0\u01a1ng v\u00e0 v\u1eeba \u0111\u01b0\u1ee3c th\u1ec3 hi\u1ec7n c\u00e1 t\u00ednh c\u1ee7a m\u00ecnh. V\u1edbi mong [&hellip;]\" \/>\n<meta property=\"og:url\" content=\"https:\/\/emmaison.edu.vn\/cs1\/tai-sao-em-maison\/\" \/>\n<meta property=\"og:site_name\" content=\"Tr\u01b0\u1eddng m\u1ea7m non Ng\u00f4i Nh\u00e0 B\u00e9 Con \u2013 Em Maison\" \/>\n<meta property=\"article:modified_time\" content=\"2021-12-28T06:37:36+00:00\" \/>\n<meta property=\"og:image\" content=\"http:\/\/emmaison.edu.vn\/cs1\/wp-content\/uploads\/2021\/12\/khong-gian.jpg\" \/>\n<meta name=\"twitter:card\" content=\"summary_large_image\" \/>\n<meta name=\"twitter:label1\" content=\"Est. reading time\" \/>\n\t<meta name=\"twitter:data1\" content=\"2 minutes\" \/>\n<script type=\"application\/ld+json\" class=\"yoast-schema-graph\">{\"@context\":\"https:\/\/schema.org\",\"@graph\":[{\"@type\":\"WebSite\",\"@id\":\"https:\/\/emmaison.edu.vn\/cs1\/#website\",\"url\":\"https:\/\/emmaison.edu.vn\/cs1\/\",\"name\":\"Tr\\u01b0\\u1eddng m\\u1ea7m non Ng\\u00f4i Nh\\u00e0 B\\u00e9 Con \\u2013 Em Maison\",\"description\":\"Bilingual Mind - Global Inspired T\\u01b0 duy Song ng\\u1eef - C\\u1ea3m h\\u1ee9ng To\\u00e0n c\\u1ea7u\",\"potentialAction\":[{\"@type\":\"SearchAction\",\"target\":{\"@type\":\"EntryPoint\",\"urlTemplate\":\"https:\/\/emmaison.edu.vn\/cs1\/?s={search_term_string}\"},\"query-input\":\"required name=search_term_string\"}],\"inLanguage\":\"en-US\"},{\"@type\":\"ImageObject\",\"@id\":\"https:\/\/emmaison.edu.vn\/cs1\/tai-sao-em-maison\/#primaryimage\",\"inLanguage\":\"en-US\",\"url\":\"http:\/\/emmaison.edu.vn\/cs1\/wp-content\/uploads\/2021\/12\/khong-gian.jpg\",\"contentUrl\":\"http:\/\/emmaison.edu.vn\/cs1\/wp-content\/uploads\/2021\/12\/khong-gian.jpg\"},{\"@type\":\"WebPage\",\"@id\":\"https:\/\/emmaison.edu.vn\/cs1\/tai-sao-em-maison\/#webpage\",\"url\":\"https:\/\/emmaison.edu.vn\/cs1\/tai-sao-em-maison\/\",\"name\":\"T\\u1ea1i sao Em Maison - Tr\\u01b0\\u1eddng m\\u1ea7m non Ng\\u00f4i Nh\\u00e0 B\\u00e9 Con \\u2013 Em Maison\",\"isPartOf\":{\"@id\":\"https:\/\/emmaison.edu.vn\/cs1\/#website\"},\"primaryImageOfPage\":{\"@id\":\"https:\/\/emmaison.edu.vn\/cs1\/tai-sao-em-maison\/#primaryimage\"},\"datePublished\":\"2021-12-10T09:49:29+00:00\",\"dateModified\":\"2021-12-28T06:37:36+00:00\",\"breadcrumb\":{\"@id\":\"https:\/\/emmaison.edu.vn\/cs1\/tai-sao-em-maison\/#breadcrumb\"},\"inLanguage\":\"en-US\",\"potentialAction\":[{\"@type\":\"ReadAction\",\"target\":[\"https:\/\/emmaison.edu.vn\/cs1\/tai-sao-em-maison\/\"]}]},{\"@type\":\"BreadcrumbList\",\"@id\":\"https:\/\/emmaison.edu.vn\/cs1\/tai-sao-em-maison\/#breadcrumb\",\"itemListElement\":[{\"@type\":\"ListItem\",\"position\":1,\"name\":\"Home\",\"item\":\"https:\/\/emmaison.edu.vn\/cs1\/\"},{\"@type\":\"ListItem\",\"position\":2,\"name\":\"T\\u1ea1i sao Em Maison\"}]}]}<\/script>\n<!-- \/ Yoast SEO plugin. -->","yoast_head_json":{"robots":{"index":"index","follow":"follow","max-snippet":"max-snippet:-1","max-image-preview":"max-image-preview:large","max-video-preview":"max-video-preview:-1"},"canonical":"https:\/\/emmaison.edu.vn\/cs1\/tai-sao-em-maison\/","og_locale":"en_US","og_type":"article","og_title":"T\u1ea1i sao Em Maison - Tr\u01b0\u1eddng m\u1ea7m non Ng\u00f4i Nh\u00e0 B\u00e9 Con \u2013 Em Maison","og_description":"T\u1ea1i sao ch\u1ecdn Em Maison Kh\u00f4ng gian h\u1ecdc t\u1eadp V\u1edbi c\u00e1ch s\u1eafp x\u1ebfp h\u1ee3p l\u00fd c\u00e1c h\u1ecdc li\u1ec7u v\u00e0 v\u1eadt li\u1ec7u c\u0169ng nh\u01b0 c\u00e1ch b\u00e0i tr\u00ed \u0111\u01a1n gi\u1ea3n nh\u01b0ng \u1ea5m \u00e1p, c\u00e1c con s\u1ebd th\u1ea5y m\u00ecnh v\u1eeba ch\u01a1i, v\u1eeba h\u1ecdc, v\u1eeba \u0111\u01b0\u1ee3c y\u00eau th\u01b0\u01a1ng v\u00e0 v\u1eeba \u0111\u01b0\u1ee3c th\u1ec3 hi\u1ec7n c\u00e1 t\u00ednh c\u1ee7a m\u00ecnh. V\u1edbi mong [&hellip;]","og_url":"https:\/\/emmaison.edu.vn\/cs1\/tai-sao-em-maison\/","og_site_name":"Tr\u01b0\u1eddng m\u1ea7m non Ng\u00f4i Nh\u00e0 B\u00e9 Con \u2013 Em Maison","article_modified_time":"2021-12-28T06:37:36+00:00","og_image":[{"url":"http:\/\/emmaison.edu.vn\/cs1\/wp-content\/uploads\/2021\/12\/khong-gian.jpg"}],"twitter_card":"summary_large_image","twitter_misc":{"Est. reading time":"2 minutes"},"schema":{"@context":"https:\/\/schema.org","@graph":[{"@type":"WebSite","@id":"https:\/\/emmaison.edu.vn\/cs1\/#website","url":"https:\/\/emmaison.edu.vn\/cs1\/","name":"Tr\u01b0\u1eddng m\u1ea7m non Ng\u00f4i Nh\u00e0 B\u00e9 Con \u2013 Em Maison","description":"Bilingual Mind - Global Inspired T\u01b0 duy Song ng\u1eef - C\u1ea3m h\u1ee9ng To\u00e0n c\u1ea7u","potentialAction":[{"@type":"SearchAction","target":{"@type":"EntryPoint","urlTemplate":"https:\/\/emmaison.edu.vn\/cs1\/?s={search_term_string}"},"query-input":"required name=search_term_string"}],"inLanguage":"en-US"},{"@type":"ImageObject","@id":"https:\/\/emmaison.edu.vn\/cs1\/tai-sao-em-maison\/#primaryimage","inLanguage":"en-US","url":"http:\/\/emmaison.edu.vn\/cs1\/wp-content\/uploads\/2021\/12\/khong-gian.jpg","contentUrl":"http:\/\/emmaison.edu.vn\/cs1\/wp-content\/uploads\/2021\/12\/khong-gian.jpg"},{"@type":"WebPage","@id":"https:\/\/emmaison.edu.vn\/cs1\/tai-sao-em-maison\/#webpage","url":"https:\/\/emmaison.edu.vn\/cs1\/tai-sao-em-maison\/","name":"T\u1ea1i sao Em Maison - Tr\u01b0\u1eddng m\u1ea7m non Ng\u00f4i Nh\u00e0 B\u00e9 Con \u2013 Em Maison","isPartOf":{"@id":"https:\/\/emmaison.edu.vn\/cs1\/#website"},"primaryImageOfPage":{"@id":"https:\/\/emmaison.edu.vn\/cs1\/tai-sao-em-maison\/#primaryimage"},"datePublished":"2021-12-10T09:49:29+00:00","dateModified":"2021-12-28T06:37:36+00:00","breadcrumb":{"@id":"https:\/\/emmaison.edu.vn\/cs1\/tai-sao-em-maison\/#breadcrumb"},"inLanguage":"en-US","potentialAction":[{"@type":"ReadAction","target":["https:\/\/emmaison.edu.vn\/cs1\/tai-sao-em-maison\/"]}]},{"@type":"BreadcrumbList","@id":"https:\/\/emmaison.edu.vn\/cs1\/tai-sao-em-maison\/#breadcrumb","itemListElement":[{"@type":"ListItem","position":1,"name":"Home","item":"https:\/\/emmaison.edu.vn\/cs1\/"},{"@type":"ListItem","position":2,"name":"T\u1ea1i sao Em Maison"}]}]}},"lang":"vi","translations":{"en":2906,"vi":626},"pll_sync_post":[],"_links":{"self":[{"href":"https:\/\/emmaison.edu.vn\/cs1\/wp-json\/wp\/v2\/pages\/626"}],"collection":[{"href":"https:\/\/emmaison.edu.vn\/cs1\/wp-json\/wp\/v2\/pages"}],"about":[{"href":"https:\/\/emmaison.edu.vn\/cs1\/wp-json\/wp\/v2\/types\/page"}],"author":[{"embeddable":true,"href":"https:\/\/emmaison.edu.vn\/cs1\/wp-json\/wp\/v2\/users\/2"}],"replies":[{"embeddable":true,"href":"https:\/\/emmaison.edu.vn\/cs1\/wp-json\/wp\/v2\/comments?post=626"}],"version-history":[{"count":28,"href":"https:\/\/emmaison.edu.vn\/cs1\/wp-json\/wp\/v2\/pages\/626\/revisions"}],"predecessor-version":[{"id":996,"href":"https:\/\/emmaison.edu.vn\/cs1\/wp-json\/wp\/v2\/pages\/626\/revisions\/996"}],"wp:attachment":[{"href":"https:\/\/emmaison.edu.vn\/cs1\/wp-json\/wp\/v2\/media?parent=626"}],"curies":[{"name":"wp","href":"https:\/\/api.w.org\/{rel}","templated":true}]}}