

{"id":2904,"date":"2023-10-01T06:32:10","date_gmt":"2023-10-01T06:32:10","guid":{"rendered":"https:\/\/emmaison.edu.vn\/cs1\/?page_id=2904"},"modified":"2023-10-01T08:30:45","modified_gmt":"2023-10-01T08:30:45","slug":"our-teachers","status":"publish","type":"page","link":"https:\/\/emmaison.edu.vn\/cs1\/en\/our-teachers\/","title":{"rendered":"Our teachers"},"content":{"rendered":"\t\t<div data-elementor-type=\"wp-page\" data-elementor-id=\"2904\" class=\"elementor elementor-2904\" data-elementor-settings=\"[]\">\n\t\t\t\t\t\t\t<div class=\"elementor-section-wrap\">\n\t\t\t\t\t\t\t<section class=\"elementor-section elementor-top-section elementor-element elementor-element-1eb17df elementor-section-boxed elementor-section-height-default elementor-section-height-default\" data-id=\"1eb17df\" data-element_type=\"section\">\n\t\t\t\t\t\t<div class=\"elementor-container elementor-column-gap-default\">\n\t\t\t\t\t<div class=\"elementor-column elementor-col-100 elementor-top-column elementor-element elementor-element-8db83b8\" data-id=\"8db83b8\" data-element_type=\"column\">\n\t\t\t<div class=\"elementor-widget-wrap elementor-element-populated\">\n\t\t\t\t\t\t\t\t<div class=\"elementor-element elementor-element-840368a elementor-widget elementor-widget-text-editor\" data-id=\"840368a\" data-element_type=\"widget\" data-widget_type=\"text-editor.default\">\n\t\t\t\t<div class=\"elementor-widget-container\">\n\t\t\t\t\t\t\t<p>Wherever they are in Em Maison, our children always have teachers accompanying them on their journey of growing up.<\/p><p>Through the &#8220;Reggio Emilia Approach\u00ae Excellence Preschools Program in Vietnam&#8221;, Em Maison improves the quality of teaching and the professional qualifications for teachers which was designed and organized by Global Embassy under the guidance of Reggio Children (Italy). Our teachers are trained by leading education experts at Reggio Children and Global Embassy.<\/p><p>Em Maison teachers not only share knowledge with our students, but also guide them and design interesting lessons for them from the smallest things to the grandest of projects.<\/p><ul><li>The Security Guards graciously coach them on where to put their hats, how to wash their hands, water the plants and weed the garden.<\/li><li>The Chef also helps the children to discover the culinary world with a variety of foods, nutrition sources, and ways of processing and decorating food.<\/li><li>The Chef helps our children understand the importance of being neat and clean and how to arrange and preserve their work space.<\/li><\/ul><p>The children understand that every &#8220;teacher&#8221; has their own unique gifts and talents to share that they can learn from, all the while appreciating that the role of each person is equally important.<\/p>\t\t\t\t\t\t<\/div>\n\t\t\t\t<\/div>\n\t\t\t\t\t<\/div>\n\t\t<\/div>\n\t\t\t\t\t\t\t<\/div>\n\t\t<\/section>\n\t\t\t\t<section class=\"elementor-section elementor-top-section elementor-element elementor-element-bf902a3 elementor-section-boxed elementor-section-height-default elementor-section-height-default\" data-id=\"bf902a3\" data-element_type=\"section\">\n\t\t\t\t\t\t<div class=\"elementor-container elementor-column-gap-extended\">\n\t\t\t\t\t<div class=\"elementor-column elementor-col-50 elementor-top-column elementor-element elementor-element-36ecf07\" data-id=\"36ecf07\" data-element_type=\"column\">\n\t\t\t<div class=\"elementor-widget-wrap elementor-element-populated\">\n\t\t\t\t\t\t\t\t<div class=\"elementor-element elementor-element-3b6ea43 elementor-widget elementor-widget-image\" data-id=\"3b6ea43\" data-element_type=\"widget\" data-widget_type=\"image.default\">\n\t\t\t\t<div class=\"elementor-widget-container\">\n\t\t\t\t\t\t\t\t\t\t\t\t\t\t\t<img width=\"1024\" height=\"1024\" src=\"https:\/\/emmaison.edu.vn\/cs1\/wp-content\/uploads\/2022\/04\/Co-Lan-Anh-1024x1024.png\" class=\"attachment-large size-large\" alt=\"\" loading=\"lazy\" srcset=\"https:\/\/emmaison.edu.vn\/cs1\/wp-content\/uploads\/2022\/04\/Co-Lan-Anh-1024x1024.png 1024w, https:\/\/emmaison.edu.vn\/cs1\/wp-content\/uploads\/2022\/04\/Co-Lan-Anh-300x300.png 300w, https:\/\/emmaison.edu.vn\/cs1\/wp-content\/uploads\/2022\/04\/Co-Lan-Anh-150x150.png 150w, https:\/\/emmaison.edu.vn\/cs1\/wp-content\/uploads\/2022\/04\/Co-Lan-Anh-768x768.png 768w, https:\/\/emmaison.edu.vn\/cs1\/wp-content\/uploads\/2022\/04\/Co-Lan-Anh-1536x1536.png 1536w, https:\/\/emmaison.edu.vn\/cs1\/wp-content\/uploads\/2022\/04\/Co-Lan-Anh.png 1668w\" sizes=\"(max-width: 1024px) 100vw, 1024px\" \/>\t\t\t\t\t\t\t\t\t\t\t\t\t\t\t<\/div>\n\t\t\t\t<\/div>\n\t\t\t\t\t<\/div>\n\t\t<\/div>\n\t\t\t\t<div class=\"elementor-column elementor-col-50 elementor-top-column elementor-element elementor-element-3b7d8e9\" data-id=\"3b7d8e9\" data-element_type=\"column\">\n\t\t\t<div class=\"elementor-widget-wrap elementor-element-populated\">\n\t\t\t\t\t\t\t\t<div class=\"elementor-element elementor-element-9480235 elementor-widget elementor-widget-image\" data-id=\"9480235\" data-element_type=\"widget\" data-widget_type=\"image.default\">\n\t\t\t\t<div class=\"elementor-widget-container\">\n\t\t\t\t\t\t\t\t\t\t\t\t\t\t\t<img width=\"1024\" height=\"1024\" src=\"https:\/\/emmaison.edu.vn\/cs1\/wp-content\/uploads\/2022\/05\/Co\u0302-Thu\u0323c-Linh-Hie\u0323\u0302u-Pho\u0301-1024x1024.png\" class=\"attachment-large size-large\" alt=\"\" loading=\"lazy\" srcset=\"https:\/\/emmaison.edu.vn\/cs1\/wp-content\/uploads\/2022\/05\/Co\u0302-Thu\u0323c-Linh-Hie\u0323\u0302u-Pho\u0301-1024x1024.png 1024w, https:\/\/emmaison.edu.vn\/cs1\/wp-content\/uploads\/2022\/05\/Co\u0302-Thu\u0323c-Linh-Hie\u0323\u0302u-Pho\u0301-300x300.png 300w, https:\/\/emmaison.edu.vn\/cs1\/wp-content\/uploads\/2022\/05\/Co\u0302-Thu\u0323c-Linh-Hie\u0323\u0302u-Pho\u0301-150x150.png 150w, https:\/\/emmaison.edu.vn\/cs1\/wp-content\/uploads\/2022\/05\/Co\u0302-Thu\u0323c-Linh-Hie\u0323\u0302u-Pho\u0301-768x768.png 768w, https:\/\/emmaison.edu.vn\/cs1\/wp-content\/uploads\/2022\/05\/Co\u0302-Thu\u0323c-Linh-Hie\u0323\u0302u-Pho\u0301-1536x1536.png 1536w, https:\/\/emmaison.edu.vn\/cs1\/wp-content\/uploads\/2022\/05\/Co\u0302-Thu\u0323c-Linh-Hie\u0323\u0302u-Pho\u0301-2048x2048.png 2048w\" sizes=\"(max-width: 1024px) 100vw, 1024px\" \/>\t\t\t\t\t\t\t\t\t\t\t\t\t\t\t<\/div>\n\t\t\t\t<\/div>\n\t\t\t\t\t<\/div>\n\t\t<\/div>\n\t\t\t\t\t\t\t<\/div>\n\t\t<\/section>\n\t\t\t\t<section class=\"elementor-section elementor-top-section elementor-element elementor-element-4cecbf7 elementor-section-boxed elementor-section-height-default elementor-section-height-default\" data-id=\"4cecbf7\" data-element_type=\"section\">\n\t\t\t\t\t\t<div class=\"elementor-container elementor-column-gap-default\">\n\t\t\t\t\t<div class=\"elementor-column elementor-col-100 elementor-top-column elementor-element elementor-element-db4f3e7\" data-id=\"db4f3e7\" data-element_type=\"column\">\n\t\t\t<div class=\"elementor-widget-wrap\">\n\t\t\t\t\t\t\t\t\t<\/div>\n\t\t<\/div>\n\t\t\t\t\t\t\t<\/div>\n\t\t<\/section>\n\t\t\t\t\t\t<\/div>\n\t\t\t\t\t<\/div>\n\t\t","protected":false},"excerpt":{"rendered":"Wherever they are in Em Maison, our children always have teachers accompanying them on their journey of growing up. Through the &#8220;Reggio Emilia Approach\u00ae Excellence Preschools Program in Vietnam&#8221;, Em Maison improves the quality of teaching and the professional qualifications for teachers which was designed and organized by Global Embassy under the guidance of Reggio [&hellip;]","protected":false},"author":3,"featured_media":0,"parent":0,"menu_order":5,"comment_status":"closed","ping_status":"closed","template":"","meta":[],"yoast_head":"<!-- This site is optimized with the Yoast SEO plugin v17.9 - https:\/\/yoast.com\/wordpress\/plugins\/seo\/ -->\n<meta name=\"robots\" content=\"index, follow, max-snippet:-1, max-image-preview:large, max-video-preview:-1\" \/>\n<link rel=\"canonical\" href=\"https:\/\/emmaison.edu.vn\/cs1\/en\/our-teachers\/\" \/>\n<meta property=\"og:locale\" content=\"en_US\" \/>\n<meta property=\"og:type\" content=\"article\" \/>\n<meta property=\"og:title\" content=\"Our teachers - Tr\u01b0\u1eddng m\u1ea7m non Ng\u00f4i Nh\u00e0 B\u00e9 Con \u2013 Em Maison\" \/>\n<meta property=\"og:description\" content=\"Wherever they are in Em Maison, our children always have teachers accompanying them on their journey of growing up. Through the &#8220;Reggio Emilia Approach\u00ae Excellence Preschools Program in Vietnam&#8221;, Em Maison improves the quality of teaching and the professional qualifications for teachers which was designed and organized by Global Embassy under the guidance of Reggio [&hellip;]\" \/>\n<meta property=\"og:url\" content=\"https:\/\/emmaison.edu.vn\/cs1\/en\/our-teachers\/\" \/>\n<meta property=\"og:site_name\" content=\"Tr\u01b0\u1eddng m\u1ea7m non Ng\u00f4i Nh\u00e0 B\u00e9 Con \u2013 Em Maison\" \/>\n<meta property=\"article:modified_time\" content=\"2023-10-01T08:30:45+00:00\" \/>\n<meta property=\"og:image\" content=\"http:\/\/emmaison.edu.vn\/cs1\/wp-content\/uploads\/2022\/04\/Co-Lan-Anh-1024x1024.png\" \/>\n<meta name=\"twitter:card\" content=\"summary_large_image\" \/>\n<meta name=\"twitter:label1\" content=\"Est. reading time\" \/>\n\t<meta name=\"twitter:data1\" content=\"6 minutes\" \/>\n<script type=\"application\/ld+json\" class=\"yoast-schema-graph\">{\"@context\":\"https:\/\/schema.org\",\"@graph\":[{\"@type\":\"WebSite\",\"@id\":\"https:\/\/emmaison.edu.vn\/cs1\/#website\",\"url\":\"https:\/\/emmaison.edu.vn\/cs1\/\",\"name\":\"Tr\\u01b0\\u1eddng m\\u1ea7m non Ng\\u00f4i Nh\\u00e0 B\\u00e9 Con \\u2013 Em Maison\",\"description\":\"Bilingual Mind - Global Inspired T\\u01b0 duy Song ng\\u1eef - C\\u1ea3m h\\u1ee9ng To\\u00e0n c\\u1ea7u\",\"potentialAction\":[{\"@type\":\"SearchAction\",\"target\":{\"@type\":\"EntryPoint\",\"urlTemplate\":\"https:\/\/emmaison.edu.vn\/cs1\/?s={search_term_string}\"},\"query-input\":\"required name=search_term_string\"}],\"inLanguage\":\"en-US\"},{\"@type\":\"ImageObject\",\"@id\":\"https:\/\/emmaison.edu.vn\/cs1\/en\/our-teachers\/#primaryimage\",\"inLanguage\":\"en-US\",\"url\":\"http:\/\/emmaison.edu.vn\/cs1\/wp-content\/uploads\/2022\/04\/Co-Lan-Anh-1024x1024.png\",\"contentUrl\":\"http:\/\/emmaison.edu.vn\/cs1\/wp-content\/uploads\/2022\/04\/Co-Lan-Anh-1024x1024.png\"},{\"@type\":\"WebPage\",\"@id\":\"https:\/\/emmaison.edu.vn\/cs1\/en\/our-teachers\/#webpage\",\"url\":\"https:\/\/emmaison.edu.vn\/cs1\/en\/our-teachers\/\",\"name\":\"Our teachers - Tr\\u01b0\\u1eddng m\\u1ea7m non Ng\\u00f4i Nh\\u00e0 B\\u00e9 Con \\u2013 Em Maison\",\"isPartOf\":{\"@id\":\"https:\/\/emmaison.edu.vn\/cs1\/#website\"},\"primaryImageOfPage\":{\"@id\":\"https:\/\/emmaison.edu.vn\/cs1\/en\/our-teachers\/#primaryimage\"},\"datePublished\":\"2023-10-01T06:32:10+00:00\",\"dateModified\":\"2023-10-01T08:30:45+00:00\",\"breadcrumb\":{\"@id\":\"https:\/\/emmaison.edu.vn\/cs1\/en\/our-teachers\/#breadcrumb\"},\"inLanguage\":\"en-US\",\"potentialAction\":[{\"@type\":\"ReadAction\",\"target\":[\"https:\/\/emmaison.edu.vn\/cs1\/en\/our-teachers\/\"]}]},{\"@type\":\"BreadcrumbList\",\"@id\":\"https:\/\/emmaison.edu.vn\/cs1\/en\/our-teachers\/#breadcrumb\",\"itemListElement\":[{\"@type\":\"ListItem\",\"position\":1,\"name\":\"Home\",\"item\":\"https:\/\/emmaison.edu.vn\/cs1\/\"},{\"@type\":\"ListItem\",\"position\":2,\"name\":\"Our teachers\"}]}]}<\/script>\n<!-- \/ Yoast SEO plugin. -->","yoast_head_json":{"robots":{"index":"index","follow":"follow","max-snippet":"max-snippet:-1","max-image-preview":"max-image-preview:large","max-video-preview":"max-video-preview:-1"},"canonical":"https:\/\/emmaison.edu.vn\/cs1\/en\/our-teachers\/","og_locale":"en_US","og_type":"article","og_title":"Our teachers - Tr\u01b0\u1eddng m\u1ea7m non Ng\u00f4i Nh\u00e0 B\u00e9 Con \u2013 Em Maison","og_description":"Wherever they are in Em Maison, our children always have teachers accompanying them on their journey of growing up. Through the &#8220;Reggio Emilia Approach\u00ae Excellence Preschools Program in Vietnam&#8221;, Em Maison improves the quality of teaching and the professional qualifications for teachers which was designed and organized by Global Embassy under the guidance of Reggio [&hellip;]","og_url":"https:\/\/emmaison.edu.vn\/cs1\/en\/our-teachers\/","og_site_name":"Tr\u01b0\u1eddng m\u1ea7m non Ng\u00f4i Nh\u00e0 B\u00e9 Con \u2013 Em Maison","article_modified_time":"2023-10-01T08:30:45+00:00","og_image":[{"url":"http:\/\/emmaison.edu.vn\/cs1\/wp-content\/uploads\/2022\/04\/Co-Lan-Anh-1024x1024.png"}],"twitter_card":"summary_large_image","twitter_misc":{"Est. reading time":"6 minutes"},"schema":{"@context":"https:\/\/schema.org","@graph":[{"@type":"WebSite","@id":"https:\/\/emmaison.edu.vn\/cs1\/#website","url":"https:\/\/emmaison.edu.vn\/cs1\/","name":"Tr\u01b0\u1eddng m\u1ea7m non Ng\u00f4i Nh\u00e0 B\u00e9 Con \u2013 Em Maison","description":"Bilingual Mind - Global Inspired T\u01b0 duy Song ng\u1eef - C\u1ea3m h\u1ee9ng To\u00e0n c\u1ea7u","potentialAction":[{"@type":"SearchAction","target":{"@type":"EntryPoint","urlTemplate":"https:\/\/emmaison.edu.vn\/cs1\/?s={search_term_string}"},"query-input":"required name=search_term_string"}],"inLanguage":"en-US"},{"@type":"ImageObject","@id":"https:\/\/emmaison.edu.vn\/cs1\/en\/our-teachers\/#primaryimage","inLanguage":"en-US","url":"http:\/\/emmaison.edu.vn\/cs1\/wp-content\/uploads\/2022\/04\/Co-Lan-Anh-1024x1024.png","contentUrl":"http:\/\/emmaison.edu.vn\/cs1\/wp-content\/uploads\/2022\/04\/Co-Lan-Anh-1024x1024.png"},{"@type":"WebPage","@id":"https:\/\/emmaison.edu.vn\/cs1\/en\/our-teachers\/#webpage","url":"https:\/\/emmaison.edu.vn\/cs1\/en\/our-teachers\/","name":"Our teachers - Tr\u01b0\u1eddng m\u1ea7m non Ng\u00f4i Nh\u00e0 B\u00e9 Con \u2013 Em Maison","isPartOf":{"@id":"https:\/\/emmaison.edu.vn\/cs1\/#website"},"primaryImageOfPage":{"@id":"https:\/\/emmaison.edu.vn\/cs1\/en\/our-teachers\/#primaryimage"},"datePublished":"2023-10-01T06:32:10+00:00","dateModified":"2023-10-01T08:30:45+00:00","breadcrumb":{"@id":"https:\/\/emmaison.edu.vn\/cs1\/en\/our-teachers\/#breadcrumb"},"inLanguage":"en-US","potentialAction":[{"@type":"ReadAction","target":["https:\/\/emmaison.edu.vn\/cs1\/en\/our-teachers\/"]}]},{"@type":"BreadcrumbList","@id":"https:\/\/emmaison.edu.vn\/cs1\/en\/our-teachers\/#breadcrumb","itemListElement":[{"@type":"ListItem","position":1,"name":"Home","item":"https:\/\/emmaison.edu.vn\/cs1\/"},{"@type":"ListItem","position":2,"name":"Our teachers"}]}]}},"lang":"en","translations":{"en":2904,"vi":466},"pll_sync_post":[],"_links":{"self":[{"href":"https:\/\/emmaison.edu.vn\/cs1\/wp-json\/wp\/v2\/pages\/2904"}],"collection":[{"href":"https:\/\/emmaison.edu.vn\/cs1\/wp-json\/wp\/v2\/pages"}],"about":[{"href":"https:\/\/emmaison.edu.vn\/cs1\/wp-json\/wp\/v2\/types\/page"}],"author":[{"embeddable":true,"href":"https:\/\/emmaison.edu.vn\/cs1\/wp-json\/wp\/v2\/users\/3"}],"replies":[{"embeddable":true,"href":"https:\/\/emmaison.edu.vn\/cs1\/wp-json\/wp\/v2\/comments?post=2904"}],"version-history":[{"count":11,"href":"https:\/\/emmaison.edu.vn\/cs1\/wp-json\/wp\/v2\/pages\/2904\/revisions"}],"predecessor-version":[{"id":2976,"href":"https:\/\/emmaison.edu.vn\/cs1\/wp-json\/wp\/v2\/pages\/2904\/revisions\/2976"}],"wp:attachment":[{"href":"https:\/\/emmaison.edu.vn\/cs1\/wp-json\/wp\/v2\/media?parent=2904"}],"curies":[{"name":"wp","href":"https:\/\/api.w.org\/{rel}","templated":true}]}}