

{"id":2902,"date":"2023-10-01T06:31:48","date_gmt":"2023-10-01T06:31:48","guid":{"rendered":"https:\/\/emmaison.edu.vn\/cs1\/?page_id=2902"},"modified":"2023-10-01T08:26:29","modified_gmt":"2023-10-01T08:26:29","slug":"our-children-and-home","status":"publish","type":"page","link":"https:\/\/emmaison.edu.vn\/cs1\/en\/our-children-and-home\/","title":{"rendered":"Our children and &#8220;Home&#8221;"},"content":{"rendered":"\t\t<div data-elementor-type=\"wp-page\" data-elementor-id=\"2902\" class=\"elementor elementor-2902\" data-elementor-settings=\"[]\">\n\t\t\t\t\t\t\t<div class=\"elementor-section-wrap\">\n\t\t\t\t\t\t\t<section class=\"elementor-section elementor-top-section elementor-element elementor-element-6be0ce2 elementor-section-boxed elementor-section-height-default elementor-section-height-default\" data-id=\"6be0ce2\" data-element_type=\"section\">\n\t\t\t\t\t\t<div class=\"elementor-container elementor-column-gap-default\">\n\t\t\t\t\t<div class=\"elementor-column elementor-col-100 elementor-top-column elementor-element elementor-element-03a85a8\" data-id=\"03a85a8\" data-element_type=\"column\">\n\t\t\t<div class=\"elementor-widget-wrap\">\n\t\t\t\t\t\t\t\t\t<\/div>\n\t\t<\/div>\n\t\t\t\t\t\t\t<\/div>\n\t\t<\/section>\n\t\t\t\t<section class=\"elementor-section elementor-top-section elementor-element elementor-element-3b53f77 elementor-section-boxed elementor-section-height-default elementor-section-height-default\" data-id=\"3b53f77\" data-element_type=\"section\">\n\t\t\t\t\t\t<div class=\"elementor-container elementor-column-gap-default\">\n\t\t\t\t\t<div class=\"elementor-column elementor-col-100 elementor-top-column elementor-element elementor-element-5863037\" data-id=\"5863037\" data-element_type=\"column\">\n\t\t\t<div class=\"elementor-widget-wrap elementor-element-populated\">\n\t\t\t\t\t\t\t\t<div class=\"elementor-element elementor-element-2f9d61e big_title elementor-widget elementor-widget-heading\" data-id=\"2f9d61e\" data-element_type=\"widget\" data-widget_type=\"heading.default\">\n\t\t\t\t<div class=\"elementor-widget-container\">\n\t\t\t<h2 class=\"elementor-heading-title elementor-size-default\">Our children and \"Home\"<\/h2>\t\t<\/div>\n\t\t\t\t<\/div>\n\t\t\t\t\t<\/div>\n\t\t<\/div>\n\t\t\t\t\t\t\t<\/div>\n\t\t<\/section>\n\t\t\t\t<section class=\"elementor-section elementor-top-section elementor-element elementor-element-25288aa elementor-section-boxed elementor-section-height-default elementor-section-height-default\" data-id=\"25288aa\" data-element_type=\"section\">\n\t\t\t\t\t\t<div class=\"elementor-container elementor-column-gap-default\">\n\t\t\t\t\t<div class=\"elementor-column elementor-col-100 elementor-top-column elementor-element elementor-element-8fbcaeb\" data-id=\"8fbcaeb\" data-element_type=\"column\">\n\t\t\t<div class=\"elementor-widget-wrap\">\n\t\t\t\t\t\t\t\t\t<\/div>\n\t\t<\/div>\n\t\t\t\t\t\t\t<\/div>\n\t\t<\/section>\n\t\t\t\t\t\t<\/div>\n\t\t\t\t\t<\/div>\n\t\t","protected":false},"excerpt":{"rendered":"Our children and &#8220;Home&#8221; Li\u00ean Hoan K\u1ec3 Chuy\u1ec7n&#8221;B\u1ea7u Tr\u1eddi Trong Qu\u1ea3 Tr\u1ee9ng&#8221; v\u1edbi C\u00e2u chuy\u1ec7n&#8221;The Clever Mousedeer&#8221; &#8211; EN Li\u00ean Hoan K\u1ec3 Chuy\u1ec7n&#8221;B\u1ea7u Tr\u1eddi Trong Qu\u1ea3 Tr\u1ee9ng&#8221; v\u1edbi C\u00e2u chuy\u1ec7n&#8221;The Clever Mousedeer&#8221; &#8211; EN C\u00f9ng Con \u0110i D\u00e3 Ngo\u1ea1i T\u1ea1i Th\u1ea3o C\u1ea7m Vi\u00ean &#8211; EN C\u00f9ng Con \u0110i D\u00e3 Ngo\u1ea1i T\u1ea1i Th\u1ea3o C\u1ea7m Vi\u00ean &#8211; [&hellip;]","protected":false},"author":3,"featured_media":0,"parent":0,"menu_order":6,"comment_status":"closed","ping_status":"closed","template":"","meta":[],"yoast_head":"<!-- This site is optimized with the Yoast SEO plugin v17.9 - https:\/\/yoast.com\/wordpress\/plugins\/seo\/ -->\n<meta name=\"robots\" content=\"index, follow, max-snippet:-1, max-image-preview:large, max-video-preview:-1\" \/>\n<link rel=\"canonical\" href=\"https:\/\/emmaison.edu.vn\/cs1\/en\/our-children-and-home\/\" \/>\n<meta property=\"og:locale\" content=\"en_US\" \/>\n<meta property=\"og:type\" content=\"article\" \/>\n<meta property=\"og:title\" content=\"Our children and &quot;Home&quot; - Tr\u01b0\u1eddng m\u1ea7m non Ng\u00f4i Nh\u00e0 B\u00e9 Con \u2013 Em Maison\" \/>\n<meta property=\"og:description\" content=\"Our children and &#8220;Home&#8221; Li\u00ean Hoan K\u1ec3 Chuy\u1ec7n&#8221;B\u1ea7u Tr\u1eddi Trong Qu\u1ea3 Tr\u1ee9ng&#8221; v\u1edbi C\u00e2u chuy\u1ec7n&#8221;The Clever Mousedeer&#8221; &#8211; EN Li\u00ean Hoan K\u1ec3 Chuy\u1ec7n&#8221;B\u1ea7u Tr\u1eddi Trong Qu\u1ea3 Tr\u1ee9ng&#8221; v\u1edbi C\u00e2u chuy\u1ec7n&#8221;The Clever Mousedeer&#8221; &#8211; EN C\u00f9ng Con \u0110i D\u00e3 Ngo\u1ea1i T\u1ea1i Th\u1ea3o C\u1ea7m Vi\u00ean &#8211; EN C\u00f9ng Con \u0110i D\u00e3 Ngo\u1ea1i T\u1ea1i Th\u1ea3o C\u1ea7m Vi\u00ean &#8211; [&hellip;]\" \/>\n<meta property=\"og:url\" content=\"https:\/\/emmaison.edu.vn\/cs1\/en\/our-children-and-home\/\" \/>\n<meta property=\"og:site_name\" content=\"Tr\u01b0\u1eddng m\u1ea7m non Ng\u00f4i Nh\u00e0 B\u00e9 Con \u2013 Em Maison\" \/>\n<meta property=\"article:modified_time\" content=\"2023-10-01T08:26:29+00:00\" \/>\n<meta property=\"og:image\" content=\"http:\/\/emmaison.edu.vn\/cs1\/wp-content\/uploads\/elementor\/thumbs\/11-1-q81knwmhqautzvpxt5yt1awrf9wrkji64wtpulmb8w.png\" \/>\n<meta name=\"twitter:card\" content=\"summary_large_image\" \/>\n<meta name=\"twitter:label1\" content=\"Est. reading time\" \/>\n\t<meta name=\"twitter:data1\" content=\"2 minutes\" \/>\n<script type=\"application\/ld+json\" class=\"yoast-schema-graph\">{\"@context\":\"https:\/\/schema.org\",\"@graph\":[{\"@type\":\"WebSite\",\"@id\":\"https:\/\/emmaison.edu.vn\/cs1\/#website\",\"url\":\"https:\/\/emmaison.edu.vn\/cs1\/\",\"name\":\"Tr\\u01b0\\u1eddng m\\u1ea7m non Ng\\u00f4i Nh\\u00e0 B\\u00e9 Con \\u2013 Em Maison\",\"description\":\"Bilingual Mind - Global Inspired T\\u01b0 duy Song ng\\u1eef - C\\u1ea3m h\\u1ee9ng To\\u00e0n c\\u1ea7u\",\"potentialAction\":[{\"@type\":\"SearchAction\",\"target\":{\"@type\":\"EntryPoint\",\"urlTemplate\":\"https:\/\/emmaison.edu.vn\/cs1\/?s={search_term_string}\"},\"query-input\":\"required name=search_term_string\"}],\"inLanguage\":\"en-US\"},{\"@type\":\"ImageObject\",\"@id\":\"https:\/\/emmaison.edu.vn\/cs1\/en\/our-children-and-home\/#primaryimage\",\"inLanguage\":\"en-US\",\"url\":\"http:\/\/emmaison.edu.vn\/cs1\/wp-content\/uploads\/elementor\/thumbs\/11-1-q81knwmhqautzvpxt5yt1awrf9wrkji64wtpulmb8w.png\",\"contentUrl\":\"http:\/\/emmaison.edu.vn\/cs1\/wp-content\/uploads\/elementor\/thumbs\/11-1-q81knwmhqautzvpxt5yt1awrf9wrkji64wtpulmb8w.png\"},{\"@type\":\"WebPage\",\"@id\":\"https:\/\/emmaison.edu.vn\/cs1\/en\/our-children-and-home\/#webpage\",\"url\":\"https:\/\/emmaison.edu.vn\/cs1\/en\/our-children-and-home\/\",\"name\":\"Our children and \\\"Home\\\" - Tr\\u01b0\\u1eddng m\\u1ea7m non Ng\\u00f4i Nh\\u00e0 B\\u00e9 Con \\u2013 Em Maison\",\"isPartOf\":{\"@id\":\"https:\/\/emmaison.edu.vn\/cs1\/#website\"},\"primaryImageOfPage\":{\"@id\":\"https:\/\/emmaison.edu.vn\/cs1\/en\/our-children-and-home\/#primaryimage\"},\"datePublished\":\"2023-10-01T06:31:48+00:00\",\"dateModified\":\"2023-10-01T08:26:29+00:00\",\"breadcrumb\":{\"@id\":\"https:\/\/emmaison.edu.vn\/cs1\/en\/our-children-and-home\/#breadcrumb\"},\"inLanguage\":\"en-US\",\"potentialAction\":[{\"@type\":\"ReadAction\",\"target\":[\"https:\/\/emmaison.edu.vn\/cs1\/en\/our-children-and-home\/\"]}]},{\"@type\":\"BreadcrumbList\",\"@id\":\"https:\/\/emmaison.edu.vn\/cs1\/en\/our-children-and-home\/#breadcrumb\",\"itemListElement\":[{\"@type\":\"ListItem\",\"position\":1,\"name\":\"Home\",\"item\":\"https:\/\/emmaison.edu.vn\/cs1\/\"},{\"@type\":\"ListItem\",\"position\":2,\"name\":\"Our children and &#8220;Home&#8221;\"}]}]}<\/script>\n<!-- \/ Yoast SEO plugin. -->","yoast_head_json":{"robots":{"index":"index","follow":"follow","max-snippet":"max-snippet:-1","max-image-preview":"max-image-preview:large","max-video-preview":"max-video-preview:-1"},"canonical":"https:\/\/emmaison.edu.vn\/cs1\/en\/our-children-and-home\/","og_locale":"en_US","og_type":"article","og_title":"Our children and \"Home\" - Tr\u01b0\u1eddng m\u1ea7m non Ng\u00f4i Nh\u00e0 B\u00e9 Con \u2013 Em Maison","og_description":"Our children and &#8220;Home&#8221; Li\u00ean Hoan K\u1ec3 Chuy\u1ec7n&#8221;B\u1ea7u Tr\u1eddi Trong Qu\u1ea3 Tr\u1ee9ng&#8221; v\u1edbi C\u00e2u chuy\u1ec7n&#8221;The Clever Mousedeer&#8221; &#8211; EN Li\u00ean Hoan K\u1ec3 Chuy\u1ec7n&#8221;B\u1ea7u Tr\u1eddi Trong Qu\u1ea3 Tr\u1ee9ng&#8221; v\u1edbi C\u00e2u chuy\u1ec7n&#8221;The Clever Mousedeer&#8221; &#8211; EN C\u00f9ng Con \u0110i D\u00e3 Ngo\u1ea1i T\u1ea1i Th\u1ea3o C\u1ea7m Vi\u00ean &#8211; EN C\u00f9ng Con \u0110i D\u00e3 Ngo\u1ea1i T\u1ea1i Th\u1ea3o C\u1ea7m Vi\u00ean &#8211; [&hellip;]","og_url":"https:\/\/emmaison.edu.vn\/cs1\/en\/our-children-and-home\/","og_site_name":"Tr\u01b0\u1eddng m\u1ea7m non Ng\u00f4i Nh\u00e0 B\u00e9 Con \u2013 Em Maison","article_modified_time":"2023-10-01T08:26:29+00:00","og_image":[{"url":"http:\/\/emmaison.edu.vn\/cs1\/wp-content\/uploads\/elementor\/thumbs\/11-1-q81knwmhqautzvpxt5yt1awrf9wrkji64wtpulmb8w.png"}],"twitter_card":"summary_large_image","twitter_misc":{"Est. reading time":"2 minutes"},"schema":{"@context":"https:\/\/schema.org","@graph":[{"@type":"WebSite","@id":"https:\/\/emmaison.edu.vn\/cs1\/#website","url":"https:\/\/emmaison.edu.vn\/cs1\/","name":"Tr\u01b0\u1eddng m\u1ea7m non Ng\u00f4i Nh\u00e0 B\u00e9 Con \u2013 Em Maison","description":"Bilingual Mind - Global Inspired T\u01b0 duy Song ng\u1eef - C\u1ea3m h\u1ee9ng To\u00e0n c\u1ea7u","potentialAction":[{"@type":"SearchAction","target":{"@type":"EntryPoint","urlTemplate":"https:\/\/emmaison.edu.vn\/cs1\/?s={search_term_string}"},"query-input":"required name=search_term_string"}],"inLanguage":"en-US"},{"@type":"ImageObject","@id":"https:\/\/emmaison.edu.vn\/cs1\/en\/our-children-and-home\/#primaryimage","inLanguage":"en-US","url":"http:\/\/emmaison.edu.vn\/cs1\/wp-content\/uploads\/elementor\/thumbs\/11-1-q81knwmhqautzvpxt5yt1awrf9wrkji64wtpulmb8w.png","contentUrl":"http:\/\/emmaison.edu.vn\/cs1\/wp-content\/uploads\/elementor\/thumbs\/11-1-q81knwmhqautzvpxt5yt1awrf9wrkji64wtpulmb8w.png"},{"@type":"WebPage","@id":"https:\/\/emmaison.edu.vn\/cs1\/en\/our-children-and-home\/#webpage","url":"https:\/\/emmaison.edu.vn\/cs1\/en\/our-children-and-home\/","name":"Our children and \"Home\" - Tr\u01b0\u1eddng m\u1ea7m non Ng\u00f4i Nh\u00e0 B\u00e9 Con \u2013 Em Maison","isPartOf":{"@id":"https:\/\/emmaison.edu.vn\/cs1\/#website"},"primaryImageOfPage":{"@id":"https:\/\/emmaison.edu.vn\/cs1\/en\/our-children-and-home\/#primaryimage"},"datePublished":"2023-10-01T06:31:48+00:00","dateModified":"2023-10-01T08:26:29+00:00","breadcrumb":{"@id":"https:\/\/emmaison.edu.vn\/cs1\/en\/our-children-and-home\/#breadcrumb"},"inLanguage":"en-US","potentialAction":[{"@type":"ReadAction","target":["https:\/\/emmaison.edu.vn\/cs1\/en\/our-children-and-home\/"]}]},{"@type":"BreadcrumbList","@id":"https:\/\/emmaison.edu.vn\/cs1\/en\/our-children-and-home\/#breadcrumb","itemListElement":[{"@type":"ListItem","position":1,"name":"Home","item":"https:\/\/emmaison.edu.vn\/cs1\/"},{"@type":"ListItem","position":2,"name":"Our children and &#8220;Home&#8221;"}]}]}},"lang":"en","translations":{"en":2902,"vi":472},"pll_sync_post":[],"_links":{"self":[{"href":"https:\/\/emmaison.edu.vn\/cs1\/wp-json\/wp\/v2\/pages\/2902"}],"collection":[{"href":"https:\/\/emmaison.edu.vn\/cs1\/wp-json\/wp\/v2\/pages"}],"about":[{"href":"https:\/\/emmaison.edu.vn\/cs1\/wp-json\/wp\/v2\/types\/page"}],"author":[{"embeddable":true,"href":"https:\/\/emmaison.edu.vn\/cs1\/wp-json\/wp\/v2\/users\/3"}],"replies":[{"embeddable":true,"href":"https:\/\/emmaison.edu.vn\/cs1\/wp-json\/wp\/v2\/comments?post=2902"}],"version-history":[{"count":5,"href":"https:\/\/emmaison.edu.vn\/cs1\/wp-json\/wp\/v2\/pages\/2902\/revisions"}],"predecessor-version":[{"id":2966,"href":"https:\/\/emmaison.edu.vn\/cs1\/wp-json\/wp\/v2\/pages\/2902\/revisions\/2966"}],"wp:attachment":[{"href":"https:\/\/emmaison.edu.vn\/cs1\/wp-json\/wp\/v2\/media?parent=2902"}],"curies":[{"name":"wp","href":"https:\/\/api.w.org\/{rel}","templated":true}]}}