

{"id":2900,"date":"2023-10-01T06:31:24","date_gmt":"2023-10-01T06:31:24","guid":{"rendered":"https:\/\/emmaison.edu.vn\/cs1\/?page_id=2900"},"modified":"2023-10-03T03:06:09","modified_gmt":"2023-10-03T03:06:09","slug":"the-learning-space","status":"publish","type":"page","link":"https:\/\/emmaison.edu.vn\/cs1\/en\/the-learning-space\/","title":{"rendered":"The Learning Space"},"content":{"rendered":"\t\t<div data-elementor-type=\"wp-page\" data-elementor-id=\"2900\" class=\"elementor elementor-2900\" data-elementor-settings=\"[]\">\n\t\t\t\t\t\t\t<div class=\"elementor-section-wrap\">\n\t\t\t\t\t\t\t<section class=\"elementor-section elementor-top-section elementor-element elementor-element-1eb17df elementor-section-boxed elementor-section-height-default elementor-section-height-default\" data-id=\"1eb17df\" data-element_type=\"section\">\n\t\t\t\t\t\t<div class=\"elementor-container elementor-column-gap-default\">\n\t\t\t\t\t<div class=\"elementor-column elementor-col-100 elementor-top-column elementor-element elementor-element-bfba439\" data-id=\"bfba439\" data-element_type=\"column\">\n\t\t\t<div class=\"elementor-widget-wrap elementor-element-populated\">\n\t\t\t\t\t\t\t\t<div class=\"elementor-element elementor-element-3823d5a elementor-widget elementor-widget-text-editor\" data-id=\"3823d5a\" data-element_type=\"widget\" data-widget_type=\"text-editor.default\">\n\t\t\t\t<div class=\"elementor-widget-container\">\n\t\t\t\t\t\t\t<p>The &#8220;home&#8221; of your child is a space filled with inspiring and creative learning experiences following the Reggio Emilia Approach\u00ae. At each stage, Em Maison Preschool provides dedicated learning spaces with distinctive layouts and designs, including inspirational &#8220;Atelier&#8221; Art Workshop corners, allowing your child to express themselves, explore the world through creativity, and learn. Em Maison &#8211; Your Child&#8217;s Home aims to create a safe, loving learning environment that promotes holistic development during the early years of life.<\/p>\t\t\t\t\t\t<\/div>\n\t\t\t\t<\/div>\n\t\t\t\t\t<\/div>\n\t\t<\/div>\n\t\t\t\t\t\t\t<\/div>\n\t\t<\/section>\n\t\t\t\t<section class=\"elementor-section elementor-top-section elementor-element elementor-element-55845b4 elementor-section-boxed elementor-section-height-default elementor-section-height-default\" data-id=\"55845b4\" data-element_type=\"section\" id=\"housing\">\n\t\t\t\t\t\t<div class=\"elementor-container elementor-column-gap-default\">\n\t\t\t\t\t<div class=\"elementor-column elementor-col-100 elementor-top-column elementor-element elementor-element-20726c8\" data-id=\"20726c8\" data-element_type=\"column\">\n\t\t\t<div class=\"elementor-widget-wrap\">\n\t\t\t\t\t\t\t\t\t<\/div>\n\t\t<\/div>\n\t\t\t\t\t\t\t<\/div>\n\t\t<\/section>\n\t\t\t\t\t\t<\/div>\n\t\t\t\t\t<\/div>\n\t\t","protected":false},"excerpt":{"rendered":"The &#8220;home&#8221; of your child is a space filled with inspiring and creative learning experiences following the Reggio Emilia Approach\u00ae. At each stage, Em Maison Preschool provides dedicated learning spaces with distinctive layouts and designs, including inspirational &#8220;Atelier&#8221; Art Workshop corners, allowing your child to express themselves, explore the world through creativity, and learn. Em [&hellip;]","protected":false},"author":3,"featured_media":0,"parent":0,"menu_order":3,"comment_status":"closed","ping_status":"closed","template":"","meta":[],"yoast_head":"<!-- This site is optimized with the Yoast SEO plugin v17.9 - https:\/\/yoast.com\/wordpress\/plugins\/seo\/ -->\n<meta name=\"robots\" content=\"index, follow, max-snippet:-1, max-image-preview:large, max-video-preview:-1\" \/>\n<link rel=\"canonical\" href=\"https:\/\/emmaison.edu.vn\/cs1\/en\/the-learning-space\/\" \/>\n<meta property=\"og:locale\" content=\"en_US\" \/>\n<meta property=\"og:type\" content=\"article\" \/>\n<meta property=\"og:title\" content=\"The Learning Space - Tr\u01b0\u1eddng m\u1ea7m non Ng\u00f4i Nh\u00e0 B\u00e9 Con \u2013 Em Maison\" \/>\n<meta property=\"og:description\" content=\"The &#8220;home&#8221; of your child is a space filled with inspiring and creative learning experiences following the Reggio Emilia Approach\u00ae. At each stage, Em Maison Preschool provides dedicated learning spaces with distinctive layouts and designs, including inspirational &#8220;Atelier&#8221; Art Workshop corners, allowing your child to express themselves, explore the world through creativity, and learn. Em [&hellip;]\" \/>\n<meta property=\"og:url\" content=\"https:\/\/emmaison.edu.vn\/cs1\/en\/the-learning-space\/\" \/>\n<meta property=\"og:site_name\" content=\"Tr\u01b0\u1eddng m\u1ea7m non Ng\u00f4i Nh\u00e0 B\u00e9 Con \u2013 Em Maison\" \/>\n<meta property=\"article:modified_time\" content=\"2023-10-03T03:06:09+00:00\" \/>\n<meta property=\"og:image\" content=\"http:\/\/emmaison.edu.vn\/cs1\/wp-content\/uploads\/2021\/12\/COIRE1-min-1024x683.jpeg\" \/>\n<meta name=\"twitter:card\" content=\"summary_large_image\" \/>\n<meta name=\"twitter:label1\" content=\"Est. reading time\" \/>\n\t<meta name=\"twitter:data1\" content=\"3 minutes\" \/>\n<script type=\"application\/ld+json\" class=\"yoast-schema-graph\">{\"@context\":\"https:\/\/schema.org\",\"@graph\":[{\"@type\":\"WebSite\",\"@id\":\"https:\/\/emmaison.edu.vn\/cs1\/#website\",\"url\":\"https:\/\/emmaison.edu.vn\/cs1\/\",\"name\":\"Tr\\u01b0\\u1eddng m\\u1ea7m non Ng\\u00f4i Nh\\u00e0 B\\u00e9 Con \\u2013 Em Maison\",\"description\":\"Bilingual Mind - Global Inspired T\\u01b0 duy Song ng\\u1eef - C\\u1ea3m h\\u1ee9ng To\\u00e0n c\\u1ea7u\",\"potentialAction\":[{\"@type\":\"SearchAction\",\"target\":{\"@type\":\"EntryPoint\",\"urlTemplate\":\"https:\/\/emmaison.edu.vn\/cs1\/?s={search_term_string}\"},\"query-input\":\"required name=search_term_string\"}],\"inLanguage\":\"en-US\"},{\"@type\":\"ImageObject\",\"@id\":\"https:\/\/emmaison.edu.vn\/cs1\/en\/the-learning-space\/#primaryimage\",\"inLanguage\":\"en-US\",\"url\":\"http:\/\/emmaison.edu.vn\/cs1\/wp-content\/uploads\/2021\/12\/COIRE1-min-1024x683.jpeg\",\"contentUrl\":\"http:\/\/emmaison.edu.vn\/cs1\/wp-content\/uploads\/2021\/12\/COIRE1-min-1024x683.jpeg\"},{\"@type\":\"WebPage\",\"@id\":\"https:\/\/emmaison.edu.vn\/cs1\/en\/the-learning-space\/#webpage\",\"url\":\"https:\/\/emmaison.edu.vn\/cs1\/en\/the-learning-space\/\",\"name\":\"The Learning Space - Tr\\u01b0\\u1eddng m\\u1ea7m non Ng\\u00f4i Nh\\u00e0 B\\u00e9 Con \\u2013 Em Maison\",\"isPartOf\":{\"@id\":\"https:\/\/emmaison.edu.vn\/cs1\/#website\"},\"primaryImageOfPage\":{\"@id\":\"https:\/\/emmaison.edu.vn\/cs1\/en\/the-learning-space\/#primaryimage\"},\"datePublished\":\"2023-10-01T06:31:24+00:00\",\"dateModified\":\"2023-10-03T03:06:09+00:00\",\"breadcrumb\":{\"@id\":\"https:\/\/emmaison.edu.vn\/cs1\/en\/the-learning-space\/#breadcrumb\"},\"inLanguage\":\"en-US\",\"potentialAction\":[{\"@type\":\"ReadAction\",\"target\":[\"https:\/\/emmaison.edu.vn\/cs1\/en\/the-learning-space\/\"]}]},{\"@type\":\"BreadcrumbList\",\"@id\":\"https:\/\/emmaison.edu.vn\/cs1\/en\/the-learning-space\/#breadcrumb\",\"itemListElement\":[{\"@type\":\"ListItem\",\"position\":1,\"name\":\"Home\",\"item\":\"https:\/\/emmaison.edu.vn\/cs1\/\"},{\"@type\":\"ListItem\",\"position\":2,\"name\":\"The Learning Space\"}]}]}<\/script>\n<!-- \/ Yoast SEO plugin. -->","yoast_head_json":{"robots":{"index":"index","follow":"follow","max-snippet":"max-snippet:-1","max-image-preview":"max-image-preview:large","max-video-preview":"max-video-preview:-1"},"canonical":"https:\/\/emmaison.edu.vn\/cs1\/en\/the-learning-space\/","og_locale":"en_US","og_type":"article","og_title":"The Learning Space - Tr\u01b0\u1eddng m\u1ea7m non Ng\u00f4i Nh\u00e0 B\u00e9 Con \u2013 Em Maison","og_description":"The &#8220;home&#8221; of your child is a space filled with inspiring and creative learning experiences following the Reggio Emilia Approach\u00ae. At each stage, Em Maison Preschool provides dedicated learning spaces with distinctive layouts and designs, including inspirational &#8220;Atelier&#8221; Art Workshop corners, allowing your child to express themselves, explore the world through creativity, and learn. Em [&hellip;]","og_url":"https:\/\/emmaison.edu.vn\/cs1\/en\/the-learning-space\/","og_site_name":"Tr\u01b0\u1eddng m\u1ea7m non Ng\u00f4i Nh\u00e0 B\u00e9 Con \u2013 Em Maison","article_modified_time":"2023-10-03T03:06:09+00:00","og_image":[{"url":"http:\/\/emmaison.edu.vn\/cs1\/wp-content\/uploads\/2021\/12\/COIRE1-min-1024x683.jpeg"}],"twitter_card":"summary_large_image","twitter_misc":{"Est. reading time":"3 minutes"},"schema":{"@context":"https:\/\/schema.org","@graph":[{"@type":"WebSite","@id":"https:\/\/emmaison.edu.vn\/cs1\/#website","url":"https:\/\/emmaison.edu.vn\/cs1\/","name":"Tr\u01b0\u1eddng m\u1ea7m non Ng\u00f4i Nh\u00e0 B\u00e9 Con \u2013 Em Maison","description":"Bilingual Mind - Global Inspired T\u01b0 duy Song ng\u1eef - C\u1ea3m h\u1ee9ng To\u00e0n c\u1ea7u","potentialAction":[{"@type":"SearchAction","target":{"@type":"EntryPoint","urlTemplate":"https:\/\/emmaison.edu.vn\/cs1\/?s={search_term_string}"},"query-input":"required name=search_term_string"}],"inLanguage":"en-US"},{"@type":"ImageObject","@id":"https:\/\/emmaison.edu.vn\/cs1\/en\/the-learning-space\/#primaryimage","inLanguage":"en-US","url":"http:\/\/emmaison.edu.vn\/cs1\/wp-content\/uploads\/2021\/12\/COIRE1-min-1024x683.jpeg","contentUrl":"http:\/\/emmaison.edu.vn\/cs1\/wp-content\/uploads\/2021\/12\/COIRE1-min-1024x683.jpeg"},{"@type":"WebPage","@id":"https:\/\/emmaison.edu.vn\/cs1\/en\/the-learning-space\/#webpage","url":"https:\/\/emmaison.edu.vn\/cs1\/en\/the-learning-space\/","name":"The Learning Space - Tr\u01b0\u1eddng m\u1ea7m non Ng\u00f4i Nh\u00e0 B\u00e9 Con \u2013 Em Maison","isPartOf":{"@id":"https:\/\/emmaison.edu.vn\/cs1\/#website"},"primaryImageOfPage":{"@id":"https:\/\/emmaison.edu.vn\/cs1\/en\/the-learning-space\/#primaryimage"},"datePublished":"2023-10-01T06:31:24+00:00","dateModified":"2023-10-03T03:06:09+00:00","breadcrumb":{"@id":"https:\/\/emmaison.edu.vn\/cs1\/en\/the-learning-space\/#breadcrumb"},"inLanguage":"en-US","potentialAction":[{"@type":"ReadAction","target":["https:\/\/emmaison.edu.vn\/cs1\/en\/the-learning-space\/"]}]},{"@type":"BreadcrumbList","@id":"https:\/\/emmaison.edu.vn\/cs1\/en\/the-learning-space\/#breadcrumb","itemListElement":[{"@type":"ListItem","position":1,"name":"Home","item":"https:\/\/emmaison.edu.vn\/cs1\/"},{"@type":"ListItem","position":2,"name":"The Learning Space"}]}]}},"lang":"en","translations":{"en":2900,"vi":1263},"pll_sync_post":[],"_links":{"self":[{"href":"https:\/\/emmaison.edu.vn\/cs1\/wp-json\/wp\/v2\/pages\/2900"}],"collection":[{"href":"https:\/\/emmaison.edu.vn\/cs1\/wp-json\/wp\/v2\/pages"}],"about":[{"href":"https:\/\/emmaison.edu.vn\/cs1\/wp-json\/wp\/v2\/types\/page"}],"author":[{"embeddable":true,"href":"https:\/\/emmaison.edu.vn\/cs1\/wp-json\/wp\/v2\/users\/3"}],"replies":[{"embeddable":true,"href":"https:\/\/emmaison.edu.vn\/cs1\/wp-json\/wp\/v2\/comments?post=2900"}],"version-history":[{"count":7,"href":"https:\/\/emmaison.edu.vn\/cs1\/wp-json\/wp\/v2\/pages\/2900\/revisions"}],"predecessor-version":[{"id":3113,"href":"https:\/\/emmaison.edu.vn\/cs1\/wp-json\/wp\/v2\/pages\/2900\/revisions\/3113"}],"wp:attachment":[{"href":"https:\/\/emmaison.edu.vn\/cs1\/wp-json\/wp\/v2\/media?parent=2900"}],"curies":[{"name":"wp","href":"https:\/\/api.w.org\/{rel}","templated":true}]}}