

{"id":2898,"date":"2023-10-01T06:30:36","date_gmt":"2023-10-01T06:30:36","guid":{"rendered":"https:\/\/emmaison.edu.vn\/cs1\/?page_id=2898"},"modified":"2023-10-04T01:40:48","modified_gmt":"2023-10-04T01:40:48","slug":"school-calendar","status":"publish","type":"page","link":"https:\/\/emmaison.edu.vn\/cs1\/en\/school-calendar\/","title":{"rendered":"School Calendar"},"content":{"rendered":"\t\t<div data-elementor-type=\"wp-page\" data-elementor-id=\"2898\" class=\"elementor elementor-2898\" data-elementor-settings=\"[]\">\n\t\t\t\t\t\t\t<div class=\"elementor-section-wrap\">\n\t\t\t\t\t\t\t<section class=\"elementor-section elementor-top-section elementor-element elementor-element-b80662e elementor-section-full_width elementor-section-height-default elementor-section-height-default\" data-id=\"b80662e\" data-element_type=\"section\" data-settings=\"{&quot;background_background&quot;:&quot;classic&quot;}\">\n\t\t\t\t\t\t<div class=\"elementor-container elementor-column-gap-default\">\n\t\t\t\t\t<div class=\"elementor-column elementor-col-100 elementor-top-column elementor-element elementor-element-e884c74\" data-id=\"e884c74\" data-element_type=\"column\">\n\t\t\t<div class=\"elementor-widget-wrap elementor-element-populated\">\n\t\t\t\t\t\t\t\t<div class=\"elementor-element elementor-element-521da80 elementor-widget elementor-widget-image\" data-id=\"521da80\" data-element_type=\"widget\" data-widget_type=\"image.default\">\n\t\t\t\t<div class=\"elementor-widget-container\">\n\t\t\t\t\t\t\t\t\t\t\t\t\t\t\t<img src=\"http:\/\/emmaison.edu.vn\/cs1\/wp-content\/uploads\/2023\/06\/LICH-23-24-FINAL-1.png\" title=\"\" alt=\"\" \/>\t\t\t\t\t\t\t\t\t\t\t\t\t\t\t<\/div>\n\t\t\t\t<\/div>\n\t\t\t\t\t<\/div>\n\t\t<\/div>\n\t\t\t\t\t\t\t<\/div>\n\t\t<\/section>\n\t\t\t\t\t\t<\/div>\n\t\t\t\t\t<\/div>\n\t\t","protected":false},"excerpt":{"rendered":"","protected":false},"author":3,"featured_media":0,"parent":0,"menu_order":7,"comment_status":"closed","ping_status":"closed","template":"","meta":[],"yoast_head":"<!-- This site is optimized with the Yoast SEO plugin v17.9 - https:\/\/yoast.com\/wordpress\/plugins\/seo\/ -->\n<meta name=\"robots\" content=\"index, follow, max-snippet:-1, max-image-preview:large, max-video-preview:-1\" \/>\n<link rel=\"canonical\" href=\"https:\/\/emmaison.edu.vn\/cs1\/en\/school-calendar\/\" \/>\n<meta property=\"og:locale\" content=\"en_US\" \/>\n<meta property=\"og:type\" content=\"article\" \/>\n<meta property=\"og:title\" content=\"School Calendar - Tr\u01b0\u1eddng m\u1ea7m non Ng\u00f4i Nh\u00e0 B\u00e9 Con \u2013 Em Maison\" \/>\n<meta property=\"og:url\" content=\"https:\/\/emmaison.edu.vn\/cs1\/en\/school-calendar\/\" \/>\n<meta property=\"og:site_name\" content=\"Tr\u01b0\u1eddng m\u1ea7m non Ng\u00f4i Nh\u00e0 B\u00e9 Con \u2013 Em Maison\" \/>\n<meta property=\"article:modified_time\" content=\"2023-10-04T01:40:48+00:00\" \/>\n<meta name=\"twitter:card\" content=\"summary_large_image\" \/>\n<script type=\"application\/ld+json\" class=\"yoast-schema-graph\">{\"@context\":\"https:\/\/schema.org\",\"@graph\":[{\"@type\":\"WebSite\",\"@id\":\"https:\/\/emmaison.edu.vn\/cs1\/#website\",\"url\":\"https:\/\/emmaison.edu.vn\/cs1\/\",\"name\":\"Tr\\u01b0\\u1eddng m\\u1ea7m non Ng\\u00f4i Nh\\u00e0 B\\u00e9 Con \\u2013 Em Maison\",\"description\":\"Bilingual Mind - Global Inspired T\\u01b0 duy Song ng\\u1eef - C\\u1ea3m h\\u1ee9ng To\\u00e0n c\\u1ea7u\",\"potentialAction\":[{\"@type\":\"SearchAction\",\"target\":{\"@type\":\"EntryPoint\",\"urlTemplate\":\"https:\/\/emmaison.edu.vn\/cs1\/?s={search_term_string}\"},\"query-input\":\"required name=search_term_string\"}],\"inLanguage\":\"en-US\"},{\"@type\":\"WebPage\",\"@id\":\"https:\/\/emmaison.edu.vn\/cs1\/en\/school-calendar\/#webpage\",\"url\":\"https:\/\/emmaison.edu.vn\/cs1\/en\/school-calendar\/\",\"name\":\"School Calendar - Tr\\u01b0\\u1eddng m\\u1ea7m non Ng\\u00f4i Nh\\u00e0 B\\u00e9 Con \\u2013 Em Maison\",\"isPartOf\":{\"@id\":\"https:\/\/emmaison.edu.vn\/cs1\/#website\"},\"datePublished\":\"2023-10-01T06:30:36+00:00\",\"dateModified\":\"2023-10-04T01:40:48+00:00\",\"breadcrumb\":{\"@id\":\"https:\/\/emmaison.edu.vn\/cs1\/en\/school-calendar\/#breadcrumb\"},\"inLanguage\":\"en-US\",\"potentialAction\":[{\"@type\":\"ReadAction\",\"target\":[\"https:\/\/emmaison.edu.vn\/cs1\/en\/school-calendar\/\"]}]},{\"@type\":\"BreadcrumbList\",\"@id\":\"https:\/\/emmaison.edu.vn\/cs1\/en\/school-calendar\/#breadcrumb\",\"itemListElement\":[{\"@type\":\"ListItem\",\"position\":1,\"name\":\"Home\",\"item\":\"https:\/\/emmaison.edu.vn\/cs1\/\"},{\"@type\":\"ListItem\",\"position\":2,\"name\":\"School Calendar\"}]}]}<\/script>\n<!-- \/ Yoast SEO plugin. -->","yoast_head_json":{"robots":{"index":"index","follow":"follow","max-snippet":"max-snippet:-1","max-image-preview":"max-image-preview:large","max-video-preview":"max-video-preview:-1"},"canonical":"https:\/\/emmaison.edu.vn\/cs1\/en\/school-calendar\/","og_locale":"en_US","og_type":"article","og_title":"School Calendar - Tr\u01b0\u1eddng m\u1ea7m non Ng\u00f4i Nh\u00e0 B\u00e9 Con \u2013 Em Maison","og_url":"https:\/\/emmaison.edu.vn\/cs1\/en\/school-calendar\/","og_site_name":"Tr\u01b0\u1eddng m\u1ea7m non Ng\u00f4i Nh\u00e0 B\u00e9 Con \u2013 Em Maison","article_modified_time":"2023-10-04T01:40:48+00:00","twitter_card":"summary_large_image","schema":{"@context":"https:\/\/schema.org","@graph":[{"@type":"WebSite","@id":"https:\/\/emmaison.edu.vn\/cs1\/#website","url":"https:\/\/emmaison.edu.vn\/cs1\/","name":"Tr\u01b0\u1eddng m\u1ea7m non Ng\u00f4i Nh\u00e0 B\u00e9 Con \u2013 Em Maison","description":"Bilingual Mind - Global Inspired T\u01b0 duy Song ng\u1eef - C\u1ea3m h\u1ee9ng To\u00e0n c\u1ea7u","potentialAction":[{"@type":"SearchAction","target":{"@type":"EntryPoint","urlTemplate":"https:\/\/emmaison.edu.vn\/cs1\/?s={search_term_string}"},"query-input":"required name=search_term_string"}],"inLanguage":"en-US"},{"@type":"WebPage","@id":"https:\/\/emmaison.edu.vn\/cs1\/en\/school-calendar\/#webpage","url":"https:\/\/emmaison.edu.vn\/cs1\/en\/school-calendar\/","name":"School Calendar - Tr\u01b0\u1eddng m\u1ea7m non Ng\u00f4i Nh\u00e0 B\u00e9 Con \u2013 Em Maison","isPartOf":{"@id":"https:\/\/emmaison.edu.vn\/cs1\/#website"},"datePublished":"2023-10-01T06:30:36+00:00","dateModified":"2023-10-04T01:40:48+00:00","breadcrumb":{"@id":"https:\/\/emmaison.edu.vn\/cs1\/en\/school-calendar\/#breadcrumb"},"inLanguage":"en-US","potentialAction":[{"@type":"ReadAction","target":["https:\/\/emmaison.edu.vn\/cs1\/en\/school-calendar\/"]}]},{"@type":"BreadcrumbList","@id":"https:\/\/emmaison.edu.vn\/cs1\/en\/school-calendar\/#breadcrumb","itemListElement":[{"@type":"ListItem","position":1,"name":"Home","item":"https:\/\/emmaison.edu.vn\/cs1\/"},{"@type":"ListItem","position":2,"name":"School Calendar"}]}]}},"lang":"en","translations":{"en":2898,"vi":843},"pll_sync_post":[],"_links":{"self":[{"href":"https:\/\/emmaison.edu.vn\/cs1\/wp-json\/wp\/v2\/pages\/2898"}],"collection":[{"href":"https:\/\/emmaison.edu.vn\/cs1\/wp-json\/wp\/v2\/pages"}],"about":[{"href":"https:\/\/emmaison.edu.vn\/cs1\/wp-json\/wp\/v2\/types\/page"}],"author":[{"embeddable":true,"href":"https:\/\/emmaison.edu.vn\/cs1\/wp-json\/wp\/v2\/users\/3"}],"replies":[{"embeddable":true,"href":"https:\/\/emmaison.edu.vn\/cs1\/wp-json\/wp\/v2\/comments?post=2898"}],"version-history":[{"count":2,"href":"https:\/\/emmaison.edu.vn\/cs1\/wp-json\/wp\/v2\/pages\/2898\/revisions"}],"predecessor-version":[{"id":3162,"href":"https:\/\/emmaison.edu.vn\/cs1\/wp-json\/wp\/v2\/pages\/2898\/revisions\/3162"}],"wp:attachment":[{"href":"https:\/\/emmaison.edu.vn\/cs1\/wp-json\/wp\/v2\/media?parent=2898"}],"curies":[{"name":"wp","href":"https:\/\/api.w.org\/{rel}","templated":true}]}}