

{"id":2894,"date":"2023-10-01T06:29:26","date_gmt":"2023-10-01T06:29:26","guid":{"rendered":"https:\/\/emmaison.edu.vn\/cs1\/?page_id=2894"},"modified":"2023-10-01T08:40:00","modified_gmt":"2023-10-01T08:40:00","slug":"our-partners","status":"publish","type":"page","link":"https:\/\/emmaison.edu.vn\/cs1\/en\/our-partners\/","title":{"rendered":"Our Partners"},"content":{"rendered":"\t\t<div data-elementor-type=\"wp-page\" data-elementor-id=\"2894\" class=\"elementor elementor-2894\" data-elementor-settings=\"[]\">\n\t\t\t\t\t\t\t<div class=\"elementor-section-wrap\">\n\t\t\t\t\t\t\t<section class=\"elementor-section elementor-top-section elementor-element elementor-element-1eb17df elementor-section-boxed elementor-section-height-default elementor-section-height-default\" data-id=\"1eb17df\" data-element_type=\"section\">\n\t\t\t\t\t\t<div class=\"elementor-container elementor-column-gap-default\">\n\t\t\t\t\t<div class=\"elementor-column elementor-col-100 elementor-top-column elementor-element elementor-element-bfba439\" data-id=\"bfba439\" data-element_type=\"column\">\n\t\t\t<div class=\"elementor-widget-wrap elementor-element-populated\">\n\t\t\t\t\t\t\t\t<div class=\"elementor-element elementor-element-d7905ab elementor-widget elementor-widget-image\" data-id=\"d7905ab\" data-element_type=\"widget\" data-widget_type=\"image.default\">\n\t\t\t\t<div class=\"elementor-widget-container\">\n\t\t\t\t\t\t\t\t\t\t\t\t\t\t\t<img width=\"300\" height=\"300\" src=\"https:\/\/emmaison.edu.vn\/cs1\/wp-content\/uploads\/2021\/12\/GE_LOGO_BLACK-300x300.png\" class=\"attachment-medium size-medium\" alt=\"\" loading=\"lazy\" srcset=\"https:\/\/emmaison.edu.vn\/cs1\/wp-content\/uploads\/2021\/12\/GE_LOGO_BLACK-300x300.png 300w, https:\/\/emmaison.edu.vn\/cs1\/wp-content\/uploads\/2021\/12\/GE_LOGO_BLACK-150x150.png 150w, https:\/\/emmaison.edu.vn\/cs1\/wp-content\/uploads\/2021\/12\/GE_LOGO_BLACK.png 592w\" sizes=\"(max-width: 300px) 100vw, 300px\" \/>\t\t\t\t\t\t\t\t\t\t\t\t\t\t\t<\/div>\n\t\t\t\t<\/div>\n\t\t\t\t<div class=\"elementor-element elementor-element-3823d5a elementor-widget elementor-widget-text-editor\" data-id=\"3823d5a\" data-element_type=\"widget\" data-widget_type=\"text-editor.default\">\n\t\t\t\t<div class=\"elementor-widget-container\">\n\t\t\t\t\t\t\t<p>Em Maison Preschool Education System is a project of Global Embassy &#8211; an education organization with the mission of nurturing and educating children from 2 to 6 years of age, associated with the pedagogical philosophy of the Reggio Emilia Approach\u00ae.<\/p><p><strong>Global Embassy<\/strong> consists of a network of educators, researchers who share the same views on education, working together to:<\/p><p>\u2022 Provide advice and guidance based on advanced teaching methods for the future<br \/>\u2022 Conduct research and professional training courses for teachers<\/p><p><strong>Global Embassy<\/strong> ensures the specific needs of its children are met. Global Embassy accompanies children to find the right direction for their learning in international schools, universities, colleges and professional education institutions both domestically and internationally.<\/p><p>Em Maison holds true that each child is a unique individual with their own characteristic learning path. We ensure that our children have every opportunity to challenge themselves to learn and develop &#8211; ready to serve and contribute to Vietnam \u2013 becoming ambassadors for themselves, their families, the community and the world.<\/p><p>As a member of <strong>Embassy Education, Global Embassy<\/strong> is an important partner in the learning experience to prepare and counsel children during high school and higher education.<\/p><p><strong>Vision<\/strong><br \/>Become a global service provider for the future of learning and teaching through a network of connections with leading Vietnamese professionals and educational institutions.<\/p><p><strong>Mission<\/strong><br \/>Inspire through sharing skills and expertise to empower children, teachers, and educators to find their direction and purpose.<\/p>\t\t\t\t\t\t<\/div>\n\t\t\t\t<\/div>\n\t\t\t\t\t<\/div>\n\t\t<\/div>\n\t\t\t\t\t\t\t<\/div>\n\t\t<\/section>\n\t\t\t\t<section class=\"elementor-section elementor-top-section elementor-element elementor-element-a771dcc elementor-section-boxed elementor-section-height-default elementor-section-height-default\" data-id=\"a771dcc\" data-element_type=\"section\">\n\t\t\t\t\t\t<div class=\"elementor-container elementor-column-gap-default\">\n\t\t\t\t\t<div class=\"elementor-column elementor-col-100 elementor-top-column elementor-element elementor-element-b1cf804\" data-id=\"b1cf804\" data-element_type=\"column\">\n\t\t\t<div class=\"elementor-widget-wrap elementor-element-populated\">\n\t\t\t\t\t\t\t\t<div class=\"elementor-element elementor-element-ce97b1a big_title elementor-widget elementor-widget-heading\" data-id=\"ce97b1a\" data-element_type=\"widget\" data-widget_type=\"heading.default\">\n\t\t\t\t<div class=\"elementor-widget-container\">\n\t\t\t<h2 class=\"elementor-heading-title elementor-size-default\">our partners<\/h2>\t\t<\/div>\n\t\t\t\t<\/div>\n\t\t\t\t\t<\/div>\n\t\t<\/div>\n\t\t\t\t\t\t\t<\/div>\n\t\t<\/section>\n\t\t\t\t<section class=\"elementor-section elementor-top-section elementor-element elementor-element-55845b4 elementor-section-boxed elementor-section-height-default elementor-section-height-default\" data-id=\"55845b4\" data-element_type=\"section\">\n\t\t\t\t\t\t<div class=\"elementor-container elementor-column-gap-default\">\n\t\t\t\t\t<div class=\"elementor-column elementor-col-100 elementor-top-column elementor-element elementor-element-20726c8\" data-id=\"20726c8\" data-element_type=\"column\">\n\t\t\t<div class=\"elementor-widget-wrap elementor-element-populated\">\n\t\t\t\t\t\t\t\t<section class=\"elementor-section elementor-inner-section elementor-element elementor-element-d1a2e94 elementor-section-boxed elementor-section-height-default elementor-section-height-default\" data-id=\"d1a2e94\" data-element_type=\"section\">\n\t\t\t\t\t\t<div class=\"elementor-container elementor-column-gap-default\">\n\t\t\t\t\t<div class=\"elementor-column elementor-col-33 elementor-inner-column elementor-element elementor-element-8d32f2f\" data-id=\"8d32f2f\" data-element_type=\"column\">\n\t\t\t<div class=\"elementor-widget-wrap elementor-element-populated\">\n\t\t\t\t\t\t\t\t<div class=\"elementor-element elementor-element-c6d42d8 elementor-widget elementor-widget-image\" data-id=\"c6d42d8\" data-element_type=\"widget\" data-widget_type=\"image.default\">\n\t\t\t\t<div class=\"elementor-widget-container\">\n\t\t\t\t\t\t\t\t\t\t\t\t\t\t\t<img width=\"600\" height=\"600\" src=\"https:\/\/emmaison.edu.vn\/cs1\/wp-content\/uploads\/2021\/12\/intention.png\" class=\"attachment-large size-large\" alt=\"\" loading=\"lazy\" srcset=\"https:\/\/emmaison.edu.vn\/cs1\/wp-content\/uploads\/2021\/12\/intention.png 600w, https:\/\/emmaison.edu.vn\/cs1\/wp-content\/uploads\/2021\/12\/intention-300x300.png 300w, https:\/\/emmaison.edu.vn\/cs1\/wp-content\/uploads\/2021\/12\/intention-150x150.png 150w\" sizes=\"(max-width: 600px) 100vw, 600px\" \/>\t\t\t\t\t\t\t\t\t\t\t\t\t\t\t<\/div>\n\t\t\t\t<\/div>\n\t\t\t\t\t<\/div>\n\t\t<\/div>\n\t\t\t\t<div class=\"elementor-column elementor-col-33 elementor-inner-column elementor-element elementor-element-1664f69\" data-id=\"1664f69\" data-element_type=\"column\">\n\t\t\t<div class=\"elementor-widget-wrap elementor-element-populated\">\n\t\t\t\t\t\t\t\t<div class=\"elementor-element elementor-element-c081d1b elementor-widget elementor-widget-image\" data-id=\"c081d1b\" data-element_type=\"widget\" data-widget_type=\"image.default\">\n\t\t\t\t<div class=\"elementor-widget-container\">\n\t\t\t\t\t\t\t\t\t\t\t\t\t\t\t<img width=\"600\" height=\"600\" src=\"https:\/\/emmaison.edu.vn\/cs1\/wp-content\/uploads\/2021\/12\/180studio.png\" class=\"attachment-large size-large\" alt=\"\" loading=\"lazy\" srcset=\"https:\/\/emmaison.edu.vn\/cs1\/wp-content\/uploads\/2021\/12\/180studio.png 600w, https:\/\/emmaison.edu.vn\/cs1\/wp-content\/uploads\/2021\/12\/180studio-300x300.png 300w, https:\/\/emmaison.edu.vn\/cs1\/wp-content\/uploads\/2021\/12\/180studio-150x150.png 150w\" sizes=\"(max-width: 600px) 100vw, 600px\" \/>\t\t\t\t\t\t\t\t\t\t\t\t\t\t\t<\/div>\n\t\t\t\t<\/div>\n\t\t\t\t\t<\/div>\n\t\t<\/div>\n\t\t\t\t<div class=\"elementor-column elementor-col-33 elementor-inner-column elementor-element elementor-element-43e89ba\" data-id=\"43e89ba\" data-element_type=\"column\">\n\t\t\t<div class=\"elementor-widget-wrap elementor-element-populated\">\n\t\t\t\t\t\t\t\t<div class=\"elementor-element elementor-element-9628b51 elementor-widget elementor-widget-image\" data-id=\"9628b51\" data-element_type=\"widget\" data-widget_type=\"image.default\">\n\t\t\t\t<div class=\"elementor-widget-container\">\n\t\t\t\t\t\t\t\t\t\t\t\t\t\t\t<img width=\"600\" height=\"600\" src=\"https:\/\/emmaison.edu.vn\/cs1\/wp-content\/uploads\/2021\/12\/steelcase.png\" class=\"attachment-large size-large\" alt=\"\" loading=\"lazy\" srcset=\"https:\/\/emmaison.edu.vn\/cs1\/wp-content\/uploads\/2021\/12\/steelcase.png 600w, https:\/\/emmaison.edu.vn\/cs1\/wp-content\/uploads\/2021\/12\/steelcase-300x300.png 300w, https:\/\/emmaison.edu.vn\/cs1\/wp-content\/uploads\/2021\/12\/steelcase-150x150.png 150w\" sizes=\"(max-width: 600px) 100vw, 600px\" \/>\t\t\t\t\t\t\t\t\t\t\t\t\t\t\t<\/div>\n\t\t\t\t<\/div>\n\t\t\t\t\t<\/div>\n\t\t<\/div>\n\t\t\t\t\t\t\t<\/div>\n\t\t<\/section>\n\t\t\t\t\t<\/div>\n\t\t<\/div>\n\t\t\t\t\t\t\t<\/div>\n\t\t<\/section>\n\t\t\t\t\t\t<\/div>\n\t\t\t\t\t<\/div>\n\t\t","protected":false},"excerpt":{"rendered":"Em Maison Preschool Education System is a project of Global Embassy &#8211; an education organization with the mission of nurturing and educating children from 2 to 6 years of age, associated with the pedagogical philosophy of the Reggio Emilia Approach\u00ae. Global Embassy consists of a network of educators, researchers who share the same views on [&hellip;]","protected":false},"author":3,"featured_media":0,"parent":0,"menu_order":9,"comment_status":"closed","ping_status":"closed","template":"","meta":[],"yoast_head":"<!-- This site is optimized with the Yoast SEO plugin v17.9 - https:\/\/yoast.com\/wordpress\/plugins\/seo\/ -->\n<meta name=\"robots\" content=\"index, follow, max-snippet:-1, max-image-preview:large, max-video-preview:-1\" \/>\n<link rel=\"canonical\" href=\"https:\/\/emmaison.edu.vn\/cs1\/en\/our-partners\/\" \/>\n<meta property=\"og:locale\" content=\"en_US\" \/>\n<meta property=\"og:type\" content=\"article\" \/>\n<meta property=\"og:title\" content=\"Our Partners - Tr\u01b0\u1eddng m\u1ea7m non Ng\u00f4i Nh\u00e0 B\u00e9 Con \u2013 Em Maison\" \/>\n<meta property=\"og:description\" content=\"Em Maison Preschool Education System is a project of Global Embassy &#8211; an education organization with the mission of nurturing and educating children from 2 to 6 years of age, associated with the pedagogical philosophy of the Reggio Emilia Approach\u00ae. Global Embassy consists of a network of educators, researchers who share the same views on [&hellip;]\" \/>\n<meta property=\"og:url\" content=\"https:\/\/emmaison.edu.vn\/cs1\/en\/our-partners\/\" \/>\n<meta property=\"og:site_name\" content=\"Tr\u01b0\u1eddng m\u1ea7m non Ng\u00f4i Nh\u00e0 B\u00e9 Con \u2013 Em Maison\" \/>\n<meta property=\"article:modified_time\" content=\"2023-10-01T08:40:00+00:00\" \/>\n<meta property=\"og:image\" content=\"http:\/\/emmaison.edu.vn\/cs1\/wp-content\/uploads\/2021\/12\/GE_LOGO_BLACK-300x300.png\" \/>\n<meta name=\"twitter:card\" content=\"summary_large_image\" \/>\n<meta name=\"twitter:label1\" content=\"Est. reading time\" \/>\n\t<meta name=\"twitter:data1\" content=\"3 minutes\" \/>\n<script type=\"application\/ld+json\" class=\"yoast-schema-graph\">{\"@context\":\"https:\/\/schema.org\",\"@graph\":[{\"@type\":\"WebSite\",\"@id\":\"https:\/\/emmaison.edu.vn\/cs1\/#website\",\"url\":\"https:\/\/emmaison.edu.vn\/cs1\/\",\"name\":\"Tr\\u01b0\\u1eddng m\\u1ea7m non Ng\\u00f4i Nh\\u00e0 B\\u00e9 Con \\u2013 Em Maison\",\"description\":\"Bilingual Mind - Global Inspired T\\u01b0 duy Song ng\\u1eef - C\\u1ea3m h\\u1ee9ng To\\u00e0n c\\u1ea7u\",\"potentialAction\":[{\"@type\":\"SearchAction\",\"target\":{\"@type\":\"EntryPoint\",\"urlTemplate\":\"https:\/\/emmaison.edu.vn\/cs1\/?s={search_term_string}\"},\"query-input\":\"required name=search_term_string\"}],\"inLanguage\":\"en-US\"},{\"@type\":\"ImageObject\",\"@id\":\"https:\/\/emmaison.edu.vn\/cs1\/en\/our-partners\/#primaryimage\",\"inLanguage\":\"en-US\",\"url\":\"http:\/\/emmaison.edu.vn\/cs1\/wp-content\/uploads\/2021\/12\/GE_LOGO_BLACK-300x300.png\",\"contentUrl\":\"http:\/\/emmaison.edu.vn\/cs1\/wp-content\/uploads\/2021\/12\/GE_LOGO_BLACK-300x300.png\"},{\"@type\":\"WebPage\",\"@id\":\"https:\/\/emmaison.edu.vn\/cs1\/en\/our-partners\/#webpage\",\"url\":\"https:\/\/emmaison.edu.vn\/cs1\/en\/our-partners\/\",\"name\":\"Our Partners - Tr\\u01b0\\u1eddng m\\u1ea7m non Ng\\u00f4i Nh\\u00e0 B\\u00e9 Con \\u2013 Em Maison\",\"isPartOf\":{\"@id\":\"https:\/\/emmaison.edu.vn\/cs1\/#website\"},\"primaryImageOfPage\":{\"@id\":\"https:\/\/emmaison.edu.vn\/cs1\/en\/our-partners\/#primaryimage\"},\"datePublished\":\"2023-10-01T06:29:26+00:00\",\"dateModified\":\"2023-10-01T08:40:00+00:00\",\"breadcrumb\":{\"@id\":\"https:\/\/emmaison.edu.vn\/cs1\/en\/our-partners\/#breadcrumb\"},\"inLanguage\":\"en-US\",\"potentialAction\":[{\"@type\":\"ReadAction\",\"target\":[\"https:\/\/emmaison.edu.vn\/cs1\/en\/our-partners\/\"]}]},{\"@type\":\"BreadcrumbList\",\"@id\":\"https:\/\/emmaison.edu.vn\/cs1\/en\/our-partners\/#breadcrumb\",\"itemListElement\":[{\"@type\":\"ListItem\",\"position\":1,\"name\":\"Home\",\"item\":\"https:\/\/emmaison.edu.vn\/cs1\/\"},{\"@type\":\"ListItem\",\"position\":2,\"name\":\"Our Partners\"}]}]}<\/script>\n<!-- \/ Yoast SEO plugin. -->","yoast_head_json":{"robots":{"index":"index","follow":"follow","max-snippet":"max-snippet:-1","max-image-preview":"max-image-preview:large","max-video-preview":"max-video-preview:-1"},"canonical":"https:\/\/emmaison.edu.vn\/cs1\/en\/our-partners\/","og_locale":"en_US","og_type":"article","og_title":"Our Partners - Tr\u01b0\u1eddng m\u1ea7m non Ng\u00f4i Nh\u00e0 B\u00e9 Con \u2013 Em Maison","og_description":"Em Maison Preschool Education System is a project of Global Embassy &#8211; an education organization with the mission of nurturing and educating children from 2 to 6 years of age, associated with the pedagogical philosophy of the Reggio Emilia Approach\u00ae. Global Embassy consists of a network of educators, researchers who share the same views on [&hellip;]","og_url":"https:\/\/emmaison.edu.vn\/cs1\/en\/our-partners\/","og_site_name":"Tr\u01b0\u1eddng m\u1ea7m non Ng\u00f4i Nh\u00e0 B\u00e9 Con \u2013 Em Maison","article_modified_time":"2023-10-01T08:40:00+00:00","og_image":[{"url":"http:\/\/emmaison.edu.vn\/cs1\/wp-content\/uploads\/2021\/12\/GE_LOGO_BLACK-300x300.png"}],"twitter_card":"summary_large_image","twitter_misc":{"Est. reading time":"3 minutes"},"schema":{"@context":"https:\/\/schema.org","@graph":[{"@type":"WebSite","@id":"https:\/\/emmaison.edu.vn\/cs1\/#website","url":"https:\/\/emmaison.edu.vn\/cs1\/","name":"Tr\u01b0\u1eddng m\u1ea7m non Ng\u00f4i Nh\u00e0 B\u00e9 Con \u2013 Em Maison","description":"Bilingual Mind - Global Inspired T\u01b0 duy Song ng\u1eef - C\u1ea3m h\u1ee9ng To\u00e0n c\u1ea7u","potentialAction":[{"@type":"SearchAction","target":{"@type":"EntryPoint","urlTemplate":"https:\/\/emmaison.edu.vn\/cs1\/?s={search_term_string}"},"query-input":"required name=search_term_string"}],"inLanguage":"en-US"},{"@type":"ImageObject","@id":"https:\/\/emmaison.edu.vn\/cs1\/en\/our-partners\/#primaryimage","inLanguage":"en-US","url":"http:\/\/emmaison.edu.vn\/cs1\/wp-content\/uploads\/2021\/12\/GE_LOGO_BLACK-300x300.png","contentUrl":"http:\/\/emmaison.edu.vn\/cs1\/wp-content\/uploads\/2021\/12\/GE_LOGO_BLACK-300x300.png"},{"@type":"WebPage","@id":"https:\/\/emmaison.edu.vn\/cs1\/en\/our-partners\/#webpage","url":"https:\/\/emmaison.edu.vn\/cs1\/en\/our-partners\/","name":"Our Partners - Tr\u01b0\u1eddng m\u1ea7m non Ng\u00f4i Nh\u00e0 B\u00e9 Con \u2013 Em Maison","isPartOf":{"@id":"https:\/\/emmaison.edu.vn\/cs1\/#website"},"primaryImageOfPage":{"@id":"https:\/\/emmaison.edu.vn\/cs1\/en\/our-partners\/#primaryimage"},"datePublished":"2023-10-01T06:29:26+00:00","dateModified":"2023-10-01T08:40:00+00:00","breadcrumb":{"@id":"https:\/\/emmaison.edu.vn\/cs1\/en\/our-partners\/#breadcrumb"},"inLanguage":"en-US","potentialAction":[{"@type":"ReadAction","target":["https:\/\/emmaison.edu.vn\/cs1\/en\/our-partners\/"]}]},{"@type":"BreadcrumbList","@id":"https:\/\/emmaison.edu.vn\/cs1\/en\/our-partners\/#breadcrumb","itemListElement":[{"@type":"ListItem","position":1,"name":"Home","item":"https:\/\/emmaison.edu.vn\/cs1\/"},{"@type":"ListItem","position":2,"name":"Our Partners"}]}]}},"lang":"en","translations":{"en":2894,"vi":931},"pll_sync_post":[],"_links":{"self":[{"href":"https:\/\/emmaison.edu.vn\/cs1\/wp-json\/wp\/v2\/pages\/2894"}],"collection":[{"href":"https:\/\/emmaison.edu.vn\/cs1\/wp-json\/wp\/v2\/pages"}],"about":[{"href":"https:\/\/emmaison.edu.vn\/cs1\/wp-json\/wp\/v2\/types\/page"}],"author":[{"embeddable":true,"href":"https:\/\/emmaison.edu.vn\/cs1\/wp-json\/wp\/v2\/users\/3"}],"replies":[{"embeddable":true,"href":"https:\/\/emmaison.edu.vn\/cs1\/wp-json\/wp\/v2\/comments?post=2894"}],"version-history":[{"count":8,"href":"https:\/\/emmaison.edu.vn\/cs1\/wp-json\/wp\/v2\/pages\/2894\/revisions"}],"predecessor-version":[{"id":2998,"href":"https:\/\/emmaison.edu.vn\/cs1\/wp-json\/wp\/v2\/pages\/2894\/revisions\/2998"}],"wp:attachment":[{"href":"https:\/\/emmaison.edu.vn\/cs1\/wp-json\/wp\/v2\/media?parent=2894"}],"curies":[{"name":"wp","href":"https:\/\/api.w.org\/{rel}","templated":true}]}}