

{"id":28,"date":"2021-09-29T03:16:06","date_gmt":"2021-09-29T03:16:06","guid":{"rendered":"http:\/\/emmaison.edu.vn\/cs1\/?page_id=28"},"modified":"2024-12-19T06:44:41","modified_gmt":"2024-12-19T06:44:41","slug":"trang-chu","status":"publish","type":"page","link":"https:\/\/emmaison.edu.vn\/cs1\/","title":{"rendered":"Trang ch\u1ee7"},"content":{"rendered":"\t\t<div data-elementor-type=\"wp-page\" data-elementor-id=\"28\" class=\"elementor elementor-28\" data-elementor-settings=\"[]\">\n\t\t\t\t\t\t\t<div class=\"elementor-section-wrap\">\n\t\t\t\t\t\t\t<section class=\"elementor-section elementor-top-section elementor-element elementor-element-421e818 elementor-section-boxed elementor-section-height-default elementor-section-height-default\" data-id=\"421e818\" data-element_type=\"section\">\n\t\t\t\t\t\t<div class=\"elementor-container elementor-column-gap-default\">\n\t\t\t\t\t<div class=\"elementor-column elementor-col-100 elementor-top-column elementor-element elementor-element-d343928\" data-id=\"d343928\" data-element_type=\"column\">\n\t\t\t<div class=\"elementor-widget-wrap elementor-element-populated\">\n\t\t\t\t\t\t\t\t<div class=\"elementor-element elementor-element-df95e29 big_title elementor-widget elementor-widget-heading\" data-id=\"df95e29\" data-element_type=\"widget\" data-widget_type=\"heading.default\">\n\t\t\t\t<div class=\"elementor-widget-container\">\n\t\t\t<h2 class=\"elementor-heading-title elementor-size-default\">CH\u00c0O M\u1eeaNG \u0110\u1ebeN V\u1edaI NG\u00d4I NH\u00c0 B\u00c9 CON \u2013 EM MAISON G\u00d2 V\u1ea4P<\/h2>\t\t<\/div>\n\t\t\t\t<\/div>\n\t\t\t\t\t<\/div>\n\t\t<\/div>\n\t\t\t\t\t\t\t<\/div>\n\t\t<\/section>\n\t\t\t\t<section class=\"elementor-section elementor-top-section elementor-element elementor-element-e146ed1 elementor-section-boxed elementor-section-height-default elementor-section-height-default\" data-id=\"e146ed1\" data-element_type=\"section\">\n\t\t\t\t\t\t<div class=\"elementor-container elementor-column-gap-default\">\n\t\t\t\t\t<div class=\"elementor-column elementor-col-50 elementor-top-column elementor-element elementor-element-601e4f9\" data-id=\"601e4f9\" data-element_type=\"column\">\n\t\t\t<div class=\"elementor-widget-wrap elementor-element-populated\">\n\t\t\t\t\t\t\t\t<div class=\"elementor-element elementor-element-7da1786 elementor-widget elementor-widget-image\" data-id=\"7da1786\" data-element_type=\"widget\" data-widget_type=\"image.default\">\n\t\t\t\t<div class=\"elementor-widget-container\">\n\t\t\t\t\t\t\t\t\t\t\t\t\t\t\t<img width=\"1200\" height=\"675\" src=\"https:\/\/emmaison.edu.vn\/cs1\/wp-content\/uploads\/2023\/09\/thumnail-cs1.png\" class=\"attachment-full size-full\" alt=\"\" loading=\"lazy\" srcset=\"https:\/\/emmaison.edu.vn\/cs1\/wp-content\/uploads\/2023\/09\/thumnail-cs1.png 1200w, https:\/\/emmaison.edu.vn\/cs1\/wp-content\/uploads\/2023\/09\/thumnail-cs1-300x169.png 300w, https:\/\/emmaison.edu.vn\/cs1\/wp-content\/uploads\/2023\/09\/thumnail-cs1-1024x576.png 1024w, https:\/\/emmaison.edu.vn\/cs1\/wp-content\/uploads\/2023\/09\/thumnail-cs1-768x432.png 768w\" sizes=\"(max-width: 1200px) 100vw, 1200px\" \/>\t\t\t\t\t\t\t\t\t\t\t\t\t\t\t<\/div>\n\t\t\t\t<\/div>\n\t\t\t\t\t<\/div>\n\t\t<\/div>\n\t\t\t\t<div class=\"elementor-column elementor-col-50 elementor-top-column elementor-element elementor-element-4422e18\" data-id=\"4422e18\" data-element_type=\"column\">\n\t\t\t<div class=\"elementor-widget-wrap elementor-element-populated\">\n\t\t\t\t\t\t\t\t<div class=\"elementor-element elementor-element-1a82f96 elementor-widget elementor-widget-wp-widget-text\" data-id=\"1a82f96\" data-element_type=\"widget\" data-widget_type=\"wp-widget-text.default\">\n\t\t\t\t<div class=\"elementor-widget-container\">\n\t\t\t\t\t\t<div class=\"textwidget\"><p>H\u1ec7 th\u1ed1ng Gi\u00e1o d\u1ee5c M\u1ea7m non Em Maison l\u00e0 d\u1ef1 \u00e1n thu\u1ed9c T\u1ed5 ch\u1ee9c Gi\u00e1o d\u1ee5c Global Embassy v\u1edbi s\u1ee9 m\u1ec7nh nu\u00f4i d\u01b0\u1ee1ng v\u00e0 gi\u00e1o d\u1ee5c tr\u1ebb t\u1eeb 18 th\u00e1ng \u0111\u1ebfn 6 tu\u1ed5i, g\u1eafn li\u1ec1n v\u1edbi tri\u1ebft l\u00fd s\u01b0 ph\u1ea1m s\u00e2u s\u1eafc c\u1ee7a H\u01b0\u1edbng ti\u1ebfp c\u1eadn Reggio Emilia\u00ae. L\u00e0 th\u00e0nh vi\u00ean ch\u00ednh th\u1ee9c c\u1ee7a ch\u01b0\u01a1ng tr\u00ecnh <strong>\u201cC\u00e1c \u0110\u1ea1i di\u1ec7n Tr\u01b0\u1eddng m\u1ea7m non ti\u00eau bi\u1ec3u t\u00edch h\u1ee3p H\u01b0\u1edbng ti\u1ebfp c\u1eadn Reggio Emilia\u00ae t\u1ea1i Vi\u1ec7t Nam\u201d<\/strong>, Em Maison t\u1ef1 h\u00e0o v\u1ec1 tr\u1ea3i nghi\u1ec7m \u0111\u00edch th\u1ef1c v\u00e0 nguy\u00ean b\u1ea3n d\u00e0nh cho tr\u1ebb v\u00e0 c\u00e1c gia \u0111\u00ecnh.<\/p>\n<p>Em Maison l\u00e0 <strong>Ng\u00f4i Nh\u00e0 Th\u1ee9 Hai c\u1ee7a c\u00e1c con<\/strong> \u2013 m\u1ed9t m\u00f4i tr\u01b0\u1eddng h\u1ecdc t\u1eadp song ng\u1eef v\u1edbi kh\u00f4ng gian h\u1ecdc t\u1eadp \u0111\u01b0\u1ee3c thi\u1ebft k\u1ebf ph\u00f9 h\u1ee3p nh\u1eb1m th\u00fac \u0111\u1ea9y ti\u1ec1m n\u0103ng c\u1ee7a tr\u1ebb th\u00f4ng qua \u201c100 ng\u00f4n ng\u1eef\u201d, gi\u00fap tr\u1ebb tr\u1edf th\u00e0nh phi\u00ean b\u1ea3n \u01b0u t\u00fa nh\u1ea5t. H\u1ec7 th\u1ed1ng Gi\u00e1o d\u1ee5c M\u1ea7m non Em Maison ti\u00ean phong tri\u1ec3n khai t\u00edch h\u1ee3p H\u01b0\u1edbng ti\u1ebfp c\u1eadn Reggio Emilia\u00ae ch\u00ednh th\u1ed1ng v\u00e0o ch\u01b0\u01a1ng tr\u00ecnh m\u1ea7m non m\u1edbi c\u1ee7a B\u1ed9 Gi\u00e1o d\u1ee5c &amp; \u0110\u00e0o t\u1ea1o Vi\u1ec7t Nam.<\/p>\n<\/div>\n\t\t\t\t<\/div>\n\t\t\t\t<\/div>\n\t\t\t\t\t<\/div>\n\t\t<\/div>\n\t\t\t\t\t\t\t<\/div>\n\t\t<\/section>\n\t\t\t\t\t\t<\/div>\n\t\t\t\t\t<\/div>\n\t\t","protected":false},"excerpt":{"rendered":"CH\u00c0O M\u1eeaNG \u0110\u1ebeN V\u1edaI NG\u00d4I NH\u00c0 B\u00c9 CON \u2013 EM MAISON G\u00d2 V\u1ea4P","protected":false},"author":2,"featured_media":1571,"parent":0,"menu_order":24,"comment_status":"closed","ping_status":"closed","template":"front-page.php","meta":[],"yoast_head":"<!-- This site is optimized with the Yoast SEO plugin v17.9 - https:\/\/yoast.com\/wordpress\/plugins\/seo\/ -->\n<meta name=\"robots\" content=\"index, follow, max-snippet:-1, max-image-preview:large, max-video-preview:-1\" \/>\n<link rel=\"canonical\" href=\"https:\/\/emmaison.edu.vn\/cs1\/\" \/>\n<meta property=\"og:locale\" content=\"en_US\" \/>\n<meta property=\"og:type\" content=\"article\" \/>\n<meta property=\"og:title\" content=\"CH\u00c0O M\u1eeaNG \u0110\u1ebeN V\u1edaI NG\u00d4I NH\u00c0 B\u00c9 CON \u2013 EM MAISON G\u00d2 V\u1ea4P\" \/>\n<meta property=\"og:description\" content=\"H\u1ec7 th\u1ed1ng Gi\u00e1o d\u1ee5c M\u1ea7m non Em Maison l\u00e0 d\u1ef1 \u00e1n thu\u1ed9c T\u1ed5 ch\u1ee9c Gi\u00e1o d\u1ee5c Global Embassy v\u1edbi s\u1ee9 m\u1ec7nh nu\u00f4i d\u01b0\u1ee1ng v\u00e0 gi\u00e1o d\u1ee5c tr\u1ebb t\u1eeb 2 \u0111\u1ebfn 6 tu\u1ed5i, g\u1eafn li\u1ec1n v\u1edbi tri\u1ebft l\u00fd s\u01b0 ph\u1ea1m s\u00e2u s\u1eafc c\u1ee7a H\u01b0\u1edbng ti\u1ebfp c\u1eadn Reggio Emilia\u00ae.\" \/>\n<meta property=\"og:url\" content=\"https:\/\/emmaison.edu.vn\/cs1\/\" \/>\n<meta property=\"og:site_name\" content=\"Tr\u01b0\u1eddng m\u1ea7m non Ng\u00f4i Nh\u00e0 B\u00e9 Con \u2013 Em Maison\" \/>\n<meta property=\"article:modified_time\" content=\"2024-12-19T06:44:41+00:00\" \/>\n<meta property=\"og:image\" content=\"http:\/\/emmaison.edu.vn\/cs1\/wp-content\/uploads\/2022\/01\/home-welcome-2.jpg\" \/>\n\t<meta property=\"og:image:width\" content=\"800\" \/>\n\t<meta property=\"og:image:height\" content=\"425\" \/>\n\t<meta property=\"og:image:type\" content=\"image\/jpeg\" \/>\n<meta name=\"twitter:card\" content=\"summary_large_image\" \/>\n<meta name=\"twitter:image\" content=\"https:\/\/emmaison.edu.vn\/cs1\/wp-content\/uploads\/2022\/01\/home-welcome-2.jpg\" \/>\n<meta name=\"twitter:label1\" content=\"Est. reading time\" \/>\n\t<meta name=\"twitter:data1\" content=\"2 minutes\" \/>\n<script type=\"application\/ld+json\" class=\"yoast-schema-graph\">{\"@context\":\"https:\/\/schema.org\",\"@graph\":[{\"@type\":\"WebSite\",\"@id\":\"https:\/\/emmaison.edu.vn\/cs1\/#website\",\"url\":\"https:\/\/emmaison.edu.vn\/cs1\/\",\"name\":\"Tr\\u01b0\\u1eddng m\\u1ea7m non Ng\\u00f4i Nh\\u00e0 B\\u00e9 Con \\u2013 Em Maison\",\"description\":\"Bilingual Mind - Global Inspired T\\u01b0 duy Song ng\\u1eef - C\\u1ea3m h\\u1ee9ng To\\u00e0n c\\u1ea7u\",\"potentialAction\":[{\"@type\":\"SearchAction\",\"target\":{\"@type\":\"EntryPoint\",\"urlTemplate\":\"https:\/\/emmaison.edu.vn\/cs1\/?s={search_term_string}\"},\"query-input\":\"required name=search_term_string\"}],\"inLanguage\":\"en-US\"},{\"@type\":\"ImageObject\",\"@id\":\"https:\/\/emmaison.edu.vn\/cs1\/#primaryimage\",\"inLanguage\":\"en-US\",\"url\":\"https:\/\/emmaison.edu.vn\/cs1\/wp-content\/uploads\/2022\/01\/home-welcome-2.jpg\",\"contentUrl\":\"https:\/\/emmaison.edu.vn\/cs1\/wp-content\/uploads\/2022\/01\/home-welcome-2.jpg\",\"width\":800,\"height\":425},{\"@type\":\"WebPage\",\"@id\":\"https:\/\/emmaison.edu.vn\/cs1\/#webpage\",\"url\":\"https:\/\/emmaison.edu.vn\/cs1\/\",\"name\":\"Trang ch\\u1ee7 - Tr\\u01b0\\u1eddng m\\u1ea7m non Ng\\u00f4i Nh\\u00e0 B\\u00e9 Con \\u2013 Em Maison\",\"isPartOf\":{\"@id\":\"https:\/\/emmaison.edu.vn\/cs1\/#website\"},\"primaryImageOfPage\":{\"@id\":\"https:\/\/emmaison.edu.vn\/cs1\/#primaryimage\"},\"datePublished\":\"2021-09-29T03:16:06+00:00\",\"dateModified\":\"2024-12-19T06:44:41+00:00\",\"breadcrumb\":{\"@id\":\"https:\/\/emmaison.edu.vn\/cs1\/#breadcrumb\"},\"inLanguage\":\"en-US\",\"potentialAction\":[{\"@type\":\"ReadAction\",\"target\":[\"https:\/\/emmaison.edu.vn\/cs1\/\"]}]},{\"@type\":\"BreadcrumbList\",\"@id\":\"https:\/\/emmaison.edu.vn\/cs1\/#breadcrumb\",\"itemListElement\":[{\"@type\":\"ListItem\",\"position\":1,\"name\":\"Home\",\"item\":\"https:\/\/emmaison.edu.vn\/cs1\/\"},{\"@type\":\"ListItem\",\"position\":2,\"name\":\"Trang ch\\u1ee7\"}]}]}<\/script>\n<!-- \/ Yoast SEO plugin. -->","yoast_head_json":{"robots":{"index":"index","follow":"follow","max-snippet":"max-snippet:-1","max-image-preview":"max-image-preview:large","max-video-preview":"max-video-preview:-1"},"canonical":"https:\/\/emmaison.edu.vn\/cs1\/","og_locale":"en_US","og_type":"article","og_title":"CH\u00c0O M\u1eeaNG \u0110\u1ebeN V\u1edaI NG\u00d4I NH\u00c0 B\u00c9 CON \u2013 EM MAISON G\u00d2 V\u1ea4P","og_description":"H\u1ec7 th\u1ed1ng Gi\u00e1o d\u1ee5c M\u1ea7m non Em Maison l\u00e0 d\u1ef1 \u00e1n thu\u1ed9c T\u1ed5 ch\u1ee9c Gi\u00e1o d\u1ee5c Global Embassy v\u1edbi s\u1ee9 m\u1ec7nh nu\u00f4i d\u01b0\u1ee1ng v\u00e0 gi\u00e1o d\u1ee5c tr\u1ebb t\u1eeb 2 \u0111\u1ebfn 6 tu\u1ed5i, g\u1eafn li\u1ec1n v\u1edbi tri\u1ebft l\u00fd s\u01b0 ph\u1ea1m s\u00e2u s\u1eafc c\u1ee7a H\u01b0\u1edbng ti\u1ebfp c\u1eadn Reggio Emilia\u00ae.","og_url":"https:\/\/emmaison.edu.vn\/cs1\/","og_site_name":"Tr\u01b0\u1eddng m\u1ea7m non Ng\u00f4i Nh\u00e0 B\u00e9 Con \u2013 Em Maison","article_modified_time":"2024-12-19T06:44:41+00:00","og_image":[{"width":800,"height":425,"url":"http:\/\/emmaison.edu.vn\/cs1\/wp-content\/uploads\/2022\/01\/home-welcome-2.jpg","type":"image\/jpeg"}],"twitter_card":"summary_large_image","twitter_image":"https:\/\/emmaison.edu.vn\/cs1\/wp-content\/uploads\/2022\/01\/home-welcome-2.jpg","twitter_misc":{"Est. reading time":"2 minutes"},"schema":{"@context":"https:\/\/schema.org","@graph":[{"@type":"WebSite","@id":"https:\/\/emmaison.edu.vn\/cs1\/#website","url":"https:\/\/emmaison.edu.vn\/cs1\/","name":"Tr\u01b0\u1eddng m\u1ea7m non Ng\u00f4i Nh\u00e0 B\u00e9 Con \u2013 Em Maison","description":"Bilingual Mind - Global Inspired T\u01b0 duy Song ng\u1eef - C\u1ea3m h\u1ee9ng To\u00e0n c\u1ea7u","potentialAction":[{"@type":"SearchAction","target":{"@type":"EntryPoint","urlTemplate":"https:\/\/emmaison.edu.vn\/cs1\/?s={search_term_string}"},"query-input":"required name=search_term_string"}],"inLanguage":"en-US"},{"@type":"ImageObject","@id":"https:\/\/emmaison.edu.vn\/cs1\/#primaryimage","inLanguage":"en-US","url":"https:\/\/emmaison.edu.vn\/cs1\/wp-content\/uploads\/2022\/01\/home-welcome-2.jpg","contentUrl":"https:\/\/emmaison.edu.vn\/cs1\/wp-content\/uploads\/2022\/01\/home-welcome-2.jpg","width":800,"height":425},{"@type":"WebPage","@id":"https:\/\/emmaison.edu.vn\/cs1\/#webpage","url":"https:\/\/emmaison.edu.vn\/cs1\/","name":"Trang ch\u1ee7 - Tr\u01b0\u1eddng m\u1ea7m non Ng\u00f4i Nh\u00e0 B\u00e9 Con \u2013 Em Maison","isPartOf":{"@id":"https:\/\/emmaison.edu.vn\/cs1\/#website"},"primaryImageOfPage":{"@id":"https:\/\/emmaison.edu.vn\/cs1\/#primaryimage"},"datePublished":"2021-09-29T03:16:06+00:00","dateModified":"2024-12-19T06:44:41+00:00","breadcrumb":{"@id":"https:\/\/emmaison.edu.vn\/cs1\/#breadcrumb"},"inLanguage":"en-US","potentialAction":[{"@type":"ReadAction","target":["https:\/\/emmaison.edu.vn\/cs1\/"]}]},{"@type":"BreadcrumbList","@id":"https:\/\/emmaison.edu.vn\/cs1\/#breadcrumb","itemListElement":[{"@type":"ListItem","position":1,"name":"Home","item":"https:\/\/emmaison.edu.vn\/cs1\/"},{"@type":"ListItem","position":2,"name":"Trang ch\u1ee7"}]}]}},"lang":"vi","translations":{"vi":28,"en":3022},"pll_sync_post":[],"_links":{"self":[{"href":"https:\/\/emmaison.edu.vn\/cs1\/wp-json\/wp\/v2\/pages\/28"}],"collection":[{"href":"https:\/\/emmaison.edu.vn\/cs1\/wp-json\/wp\/v2\/pages"}],"about":[{"href":"https:\/\/emmaison.edu.vn\/cs1\/wp-json\/wp\/v2\/types\/page"}],"author":[{"embeddable":true,"href":"https:\/\/emmaison.edu.vn\/cs1\/wp-json\/wp\/v2\/users\/2"}],"replies":[{"embeddable":true,"href":"https:\/\/emmaison.edu.vn\/cs1\/wp-json\/wp\/v2\/comments?post=28"}],"version-history":[{"count":166,"href":"https:\/\/emmaison.edu.vn\/cs1\/wp-json\/wp\/v2\/pages\/28\/revisions"}],"predecessor-version":[{"id":3922,"href":"https:\/\/emmaison.edu.vn\/cs1\/wp-json\/wp\/v2\/pages\/28\/revisions\/3922"}],"wp:featuredmedia":[{"embeddable":true,"href":"https:\/\/emmaison.edu.vn\/cs1\/wp-json\/wp\/v2\/media\/1571"}],"wp:attachment":[{"href":"https:\/\/emmaison.edu.vn\/cs1\/wp-json\/wp\/v2\/media?parent=28"}],"curies":[{"name":"wp","href":"https:\/\/api.w.org\/{rel}","templated":true}]}}