

{"id":1263,"date":"2022-05-01T07:29:05","date_gmt":"2022-05-01T07:29:05","guid":{"rendered":"http:\/\/emmaison.edu.vn\/cs1\/?page_id=1263"},"modified":"2022-05-09T12:04:14","modified_gmt":"2022-05-09T12:04:14","slug":"khong-gian-hoc-tap","status":"publish","type":"page","link":"https:\/\/emmaison.edu.vn\/cs1\/khong-gian-hoc-tap\/","title":{"rendered":"Kh\u00f4ng gian h\u1ecdc t\u1eadp"},"content":{"rendered":"\t\t<div data-elementor-type=\"wp-page\" data-elementor-id=\"1263\" class=\"elementor elementor-1263\" data-elementor-settings=\"[]\">\n\t\t\t\t\t\t\t<div class=\"elementor-section-wrap\">\n\t\t\t\t\t\t\t<section class=\"elementor-section elementor-top-section elementor-element elementor-element-1eb17df elementor-section-boxed elementor-section-height-default elementor-section-height-default\" data-id=\"1eb17df\" data-element_type=\"section\">\n\t\t\t\t\t\t<div class=\"elementor-container elementor-column-gap-default\">\n\t\t\t\t\t<div class=\"elementor-column elementor-col-100 elementor-top-column elementor-element elementor-element-bfba439\" data-id=\"bfba439\" data-element_type=\"column\">\n\t\t\t<div class=\"elementor-widget-wrap elementor-element-populated\">\n\t\t\t\t\t\t\t\t<div class=\"elementor-element elementor-element-3823d5a elementor-widget elementor-widget-text-editor\" data-id=\"3823d5a\" data-element_type=\"widget\" data-widget_type=\"text-editor.default\">\n\t\t\t\t<div class=\"elementor-widget-container\">\n\t\t\t\t\t\t\t<p><span style=\"color: #050505; font-family: system-ui, -apple-system, 'system-ui', '.SFNSText-Regular', sans-serif; font-size: 14px; text-align: start; white-space: pre-wrap;\">&#8220;Nh\u00e0&#8221; c\u1ee7a con l\u00e0 kh\u00f4ng gian h\u1ecdc t\u1eadp \u0111\u1ea7y c\u1ea3m h\u1ee9ng s\u00e1ng t\u1ea1o <\/span><span style=\"color: #050505; font-family: system-ui, -apple-system, 'system-ui', '.SFNSText-Regular', sans-serif; font-size: 14px; white-space: pre-wrap;\">theo H\u01b0\u1edbng ti\u1ebfp c\u1eadn Reggio Emilia\u00ae. <\/span><span style=\"color: rgb(5, 5, 5); font-family: system-ui, -apple-system, &quot;system-ui&quot;, &quot;.SFNSText-Regular&quot;, sans-serif; font-size: 14px; text-align: start; white-space: pre-wrap;\">\u1ede m\u1ed7i giai \u0111o\u1ea1n, Em Maison Preschool d\u00e0nh cho con nh\u1eefng kh\u00f4ng gian h\u1ecdc t\u1eadp v\u1edbi c<\/span><span style=\"color: rgb(5, 5, 5); font-family: system-ui, -apple-system, &quot;system-ui&quot;, &quot;.SFNSText-Regular&quot;, sans-serif; font-size: 14px; white-space: pre-wrap;\">\u00e1ch b\u00e0y tr\u00ed, thi\u1ebft k\u1ebf \u0111\u1eb7c tr\u01b0ng<\/span><span style=\"color: rgb(5, 5, 5); font-family: system-ui, -apple-system, &quot;system-ui&quot;, &quot;.SFNSText-Regular&quot;, sans-serif; font-size: 14px; white-space: pre-wrap;\"> v\u00e0 c\u00e1c g\u00f3c X\u01b0\u1edfng Ngh\u1ec7 Thu\u1eadt &#8220;Atelier&#8221;<\/span><span style=\"color: rgb(5, 5, 5); font-family: system-ui, -apple-system, &quot;system-ui&quot;, &quot;.SFNSText-Regular&quot;, sans-serif; font-size: 14px; text-align: start; white-space: pre-wrap;\"> \u0111\u1ea7y c\u1ea3m h\u1ee9ng gi\u00fap con th\u1ec3 hi\u1ec7n b\u1ea3n th\u00e2n, kh\u00e1m ph\u00e1 th\u1ebf gi\u1edbi th\u00f4ng qua s\u1ef1 s\u00e1ng t\u1ea1o v\u00e0 h\u1ecdc h\u1ecfi<\/span><span style=\"color: rgb(5, 5, 5); font-family: system-ui, -apple-system, &quot;system-ui&quot;, &quot;.SFNSText-Regular&quot;, sans-serif; font-size: 14px; white-space: pre-wrap;\">. Em Maison &#8211; Ng\u00f4i Nh\u00e0 B\u00e9 Con h\u01b0\u1edbng \u0111\u1ebfn x\u00e2y d\u1ef1ng <\/span><span style=\"color: rgb(5, 5, 5); font-family: system-ui, -apple-system, &quot;system-ui&quot;, &quot;.SFNSText-Regular&quot;, sans-serif; font-size: 14px; text-align: start; white-space: pre-wrap;\">m\u00f4i tr\u01b0\u1eddng h\u1ecdc t\u1eadp an to\u00e0n, \u0111\u1ea7y \u1eafp t\u00ecnh y\u00eau v\u00e0 th\u00fac \u0111\u1ea9y s\u1ef1 ph\u00e1t tri\u1ec3n to\u00e0n di\u1ec7n trong nh\u1eefng n\u0103m \u0111\u1ea7u \u0111\u1eddi. <\/span><\/p>\t\t\t\t\t\t<\/div>\n\t\t\t\t<\/div>\n\t\t\t\t\t<\/div>\n\t\t<\/div>\n\t\t\t\t\t\t\t<\/div>\n\t\t<\/section>\n\t\t\t\t<section class=\"elementor-section elementor-top-section elementor-element elementor-element-55845b4 elementor-section-boxed elementor-section-height-default elementor-section-height-default\" data-id=\"55845b4\" data-element_type=\"section\" id=\"housing\">\n\t\t\t\t\t\t<div class=\"elementor-container elementor-column-gap-default\">\n\t\t\t\t\t<div class=\"elementor-column elementor-col-100 elementor-top-column elementor-element elementor-element-20726c8\" data-id=\"20726c8\" data-element_type=\"column\">\n\t\t\t<div class=\"elementor-widget-wrap\">\n\t\t\t\t\t\t\t\t\t<\/div>\n\t\t<\/div>\n\t\t\t\t\t\t\t<\/div>\n\t\t<\/section>\n\t\t\t\t\t\t<\/div>\n\t\t\t\t\t<\/div>\n\t\t","protected":false},"excerpt":{"rendered":"&#8220;Nh\u00e0&#8221; c\u1ee7a con l\u00e0 kh\u00f4ng gian h\u1ecdc t\u1eadp \u0111\u1ea7y c\u1ea3m h\u1ee9ng s\u00e1ng t\u1ea1o theo H\u01b0\u1edbng ti\u1ebfp c\u1eadn Reggio Emilia\u00ae. \u1ede m\u1ed7i giai \u0111o\u1ea1n, Em Maison Preschool d\u00e0nh cho con nh\u1eefng kh\u00f4ng gian h\u1ecdc t\u1eadp v\u1edbi c\u00e1ch b\u00e0y tr\u00ed, thi\u1ebft k\u1ebf \u0111\u1eb7c tr\u01b0ng v\u00e0 c\u00e1c g\u00f3c X\u01b0\u1edfng Ngh\u1ec7 Thu\u1eadt &#8220;Atelier&#8221; \u0111\u1ea7y c\u1ea3m h\u1ee9ng gi\u00fap con th\u1ec3 [&hellip;]","protected":false},"author":2,"featured_media":0,"parent":0,"menu_order":10,"comment_status":"closed","ping_status":"closed","template":"","meta":[],"yoast_head":"<!-- This site is optimized with the Yoast SEO plugin v17.9 - https:\/\/yoast.com\/wordpress\/plugins\/seo\/ -->\n<meta name=\"robots\" content=\"index, follow, max-snippet:-1, max-image-preview:large, max-video-preview:-1\" \/>\n<link rel=\"canonical\" href=\"https:\/\/emmaison.edu.vn\/cs1\/khong-gian-hoc-tap\/\" \/>\n<meta property=\"og:locale\" content=\"en_US\" \/>\n<meta property=\"og:type\" content=\"article\" \/>\n<meta property=\"og:title\" content=\"Kh\u00f4ng gian h\u1ecdc t\u1eadp - Tr\u01b0\u1eddng m\u1ea7m non Ng\u00f4i Nh\u00e0 B\u00e9 Con \u2013 Em Maison\" \/>\n<meta property=\"og:description\" content=\"&#8220;Nh\u00e0&#8221; c\u1ee7a con l\u00e0 kh\u00f4ng gian h\u1ecdc t\u1eadp \u0111\u1ea7y c\u1ea3m h\u1ee9ng s\u00e1ng t\u1ea1o theo H\u01b0\u1edbng ti\u1ebfp c\u1eadn Reggio Emilia\u00ae. \u1ede m\u1ed7i giai \u0111o\u1ea1n, Em Maison Preschool d\u00e0nh cho con nh\u1eefng kh\u00f4ng gian h\u1ecdc t\u1eadp v\u1edbi c\u00e1ch b\u00e0y tr\u00ed, thi\u1ebft k\u1ebf \u0111\u1eb7c tr\u01b0ng v\u00e0 c\u00e1c g\u00f3c X\u01b0\u1edfng Ngh\u1ec7 Thu\u1eadt &#8220;Atelier&#8221; \u0111\u1ea7y c\u1ea3m h\u1ee9ng gi\u00fap con th\u1ec3 [&hellip;]\" \/>\n<meta property=\"og:url\" content=\"https:\/\/emmaison.edu.vn\/cs1\/khong-gian-hoc-tap\/\" \/>\n<meta property=\"og:site_name\" content=\"Tr\u01b0\u1eddng m\u1ea7m non Ng\u00f4i Nh\u00e0 B\u00e9 Con \u2013 Em Maison\" \/>\n<meta property=\"article:modified_time\" content=\"2022-05-09T12:04:14+00:00\" \/>\n<meta property=\"og:image\" content=\"http:\/\/emmaison.edu.vn\/cs1\/wp-content\/uploads\/2022\/05\/TB0A1300-min-1024x683.jpeg\" \/>\n<meta name=\"twitter:card\" content=\"summary_large_image\" \/>\n<meta name=\"twitter:label1\" content=\"Est. reading time\" \/>\n\t<meta name=\"twitter:data1\" content=\"4 minutes\" \/>\n<script type=\"application\/ld+json\" class=\"yoast-schema-graph\">{\"@context\":\"https:\/\/schema.org\",\"@graph\":[{\"@type\":\"WebSite\",\"@id\":\"https:\/\/emmaison.edu.vn\/cs1\/#website\",\"url\":\"https:\/\/emmaison.edu.vn\/cs1\/\",\"name\":\"Tr\\u01b0\\u1eddng m\\u1ea7m non Ng\\u00f4i Nh\\u00e0 B\\u00e9 Con \\u2013 Em Maison\",\"description\":\"Bilingual Mind - Global Inspired T\\u01b0 duy Song ng\\u1eef - C\\u1ea3m h\\u1ee9ng To\\u00e0n c\\u1ea7u\",\"potentialAction\":[{\"@type\":\"SearchAction\",\"target\":{\"@type\":\"EntryPoint\",\"urlTemplate\":\"https:\/\/emmaison.edu.vn\/cs1\/?s={search_term_string}\"},\"query-input\":\"required name=search_term_string\"}],\"inLanguage\":\"en-US\"},{\"@type\":\"ImageObject\",\"@id\":\"https:\/\/emmaison.edu.vn\/cs1\/khong-gian-hoc-tap\/#primaryimage\",\"inLanguage\":\"en-US\",\"url\":\"http:\/\/emmaison.edu.vn\/cs1\/wp-content\/uploads\/2022\/05\/TB0A1300-min-1024x683.jpeg\",\"contentUrl\":\"http:\/\/emmaison.edu.vn\/cs1\/wp-content\/uploads\/2022\/05\/TB0A1300-min-1024x683.jpeg\"},{\"@type\":\"WebPage\",\"@id\":\"https:\/\/emmaison.edu.vn\/cs1\/khong-gian-hoc-tap\/#webpage\",\"url\":\"https:\/\/emmaison.edu.vn\/cs1\/khong-gian-hoc-tap\/\",\"name\":\"Kh\\u00f4ng gian h\\u1ecdc t\\u1eadp - Tr\\u01b0\\u1eddng m\\u1ea7m non Ng\\u00f4i Nh\\u00e0 B\\u00e9 Con \\u2013 Em Maison\",\"isPartOf\":{\"@id\":\"https:\/\/emmaison.edu.vn\/cs1\/#website\"},\"primaryImageOfPage\":{\"@id\":\"https:\/\/emmaison.edu.vn\/cs1\/khong-gian-hoc-tap\/#primaryimage\"},\"datePublished\":\"2022-05-01T07:29:05+00:00\",\"dateModified\":\"2022-05-09T12:04:14+00:00\",\"breadcrumb\":{\"@id\":\"https:\/\/emmaison.edu.vn\/cs1\/khong-gian-hoc-tap\/#breadcrumb\"},\"inLanguage\":\"en-US\",\"potentialAction\":[{\"@type\":\"ReadAction\",\"target\":[\"https:\/\/emmaison.edu.vn\/cs1\/khong-gian-hoc-tap\/\"]}]},{\"@type\":\"BreadcrumbList\",\"@id\":\"https:\/\/emmaison.edu.vn\/cs1\/khong-gian-hoc-tap\/#breadcrumb\",\"itemListElement\":[{\"@type\":\"ListItem\",\"position\":1,\"name\":\"Home\",\"item\":\"https:\/\/emmaison.edu.vn\/cs1\/\"},{\"@type\":\"ListItem\",\"position\":2,\"name\":\"Kh\\u00f4ng gian h\\u1ecdc t\\u1eadp\"}]}]}<\/script>\n<!-- \/ Yoast SEO plugin. -->","yoast_head_json":{"robots":{"index":"index","follow":"follow","max-snippet":"max-snippet:-1","max-image-preview":"max-image-preview:large","max-video-preview":"max-video-preview:-1"},"canonical":"https:\/\/emmaison.edu.vn\/cs1\/khong-gian-hoc-tap\/","og_locale":"en_US","og_type":"article","og_title":"Kh\u00f4ng gian h\u1ecdc t\u1eadp - Tr\u01b0\u1eddng m\u1ea7m non Ng\u00f4i Nh\u00e0 B\u00e9 Con \u2013 Em Maison","og_description":"&#8220;Nh\u00e0&#8221; c\u1ee7a con l\u00e0 kh\u00f4ng gian h\u1ecdc t\u1eadp \u0111\u1ea7y c\u1ea3m h\u1ee9ng s\u00e1ng t\u1ea1o theo H\u01b0\u1edbng ti\u1ebfp c\u1eadn Reggio Emilia\u00ae. \u1ede m\u1ed7i giai \u0111o\u1ea1n, Em Maison Preschool d\u00e0nh cho con nh\u1eefng kh\u00f4ng gian h\u1ecdc t\u1eadp v\u1edbi c\u00e1ch b\u00e0y tr\u00ed, thi\u1ebft k\u1ebf \u0111\u1eb7c tr\u01b0ng v\u00e0 c\u00e1c g\u00f3c X\u01b0\u1edfng Ngh\u1ec7 Thu\u1eadt &#8220;Atelier&#8221; \u0111\u1ea7y c\u1ea3m h\u1ee9ng gi\u00fap con th\u1ec3 [&hellip;]","og_url":"https:\/\/emmaison.edu.vn\/cs1\/khong-gian-hoc-tap\/","og_site_name":"Tr\u01b0\u1eddng m\u1ea7m non Ng\u00f4i Nh\u00e0 B\u00e9 Con \u2013 Em Maison","article_modified_time":"2022-05-09T12:04:14+00:00","og_image":[{"url":"http:\/\/emmaison.edu.vn\/cs1\/wp-content\/uploads\/2022\/05\/TB0A1300-min-1024x683.jpeg"}],"twitter_card":"summary_large_image","twitter_misc":{"Est. reading time":"4 minutes"},"schema":{"@context":"https:\/\/schema.org","@graph":[{"@type":"WebSite","@id":"https:\/\/emmaison.edu.vn\/cs1\/#website","url":"https:\/\/emmaison.edu.vn\/cs1\/","name":"Tr\u01b0\u1eddng m\u1ea7m non Ng\u00f4i Nh\u00e0 B\u00e9 Con \u2013 Em Maison","description":"Bilingual Mind - Global Inspired T\u01b0 duy Song ng\u1eef - C\u1ea3m h\u1ee9ng To\u00e0n c\u1ea7u","potentialAction":[{"@type":"SearchAction","target":{"@type":"EntryPoint","urlTemplate":"https:\/\/emmaison.edu.vn\/cs1\/?s={search_term_string}"},"query-input":"required name=search_term_string"}],"inLanguage":"en-US"},{"@type":"ImageObject","@id":"https:\/\/emmaison.edu.vn\/cs1\/khong-gian-hoc-tap\/#primaryimage","inLanguage":"en-US","url":"http:\/\/emmaison.edu.vn\/cs1\/wp-content\/uploads\/2022\/05\/TB0A1300-min-1024x683.jpeg","contentUrl":"http:\/\/emmaison.edu.vn\/cs1\/wp-content\/uploads\/2022\/05\/TB0A1300-min-1024x683.jpeg"},{"@type":"WebPage","@id":"https:\/\/emmaison.edu.vn\/cs1\/khong-gian-hoc-tap\/#webpage","url":"https:\/\/emmaison.edu.vn\/cs1\/khong-gian-hoc-tap\/","name":"Kh\u00f4ng gian h\u1ecdc t\u1eadp - Tr\u01b0\u1eddng m\u1ea7m non Ng\u00f4i Nh\u00e0 B\u00e9 Con \u2013 Em Maison","isPartOf":{"@id":"https:\/\/emmaison.edu.vn\/cs1\/#website"},"primaryImageOfPage":{"@id":"https:\/\/emmaison.edu.vn\/cs1\/khong-gian-hoc-tap\/#primaryimage"},"datePublished":"2022-05-01T07:29:05+00:00","dateModified":"2022-05-09T12:04:14+00:00","breadcrumb":{"@id":"https:\/\/emmaison.edu.vn\/cs1\/khong-gian-hoc-tap\/#breadcrumb"},"inLanguage":"en-US","potentialAction":[{"@type":"ReadAction","target":["https:\/\/emmaison.edu.vn\/cs1\/khong-gian-hoc-tap\/"]}]},{"@type":"BreadcrumbList","@id":"https:\/\/emmaison.edu.vn\/cs1\/khong-gian-hoc-tap\/#breadcrumb","itemListElement":[{"@type":"ListItem","position":1,"name":"Home","item":"https:\/\/emmaison.edu.vn\/cs1\/"},{"@type":"ListItem","position":2,"name":"Kh\u00f4ng gian h\u1ecdc t\u1eadp"}]}]}},"lang":"vi","translations":{"en":2900,"vi":1263},"pll_sync_post":[],"_links":{"self":[{"href":"https:\/\/emmaison.edu.vn\/cs1\/wp-json\/wp\/v2\/pages\/1263"}],"collection":[{"href":"https:\/\/emmaison.edu.vn\/cs1\/wp-json\/wp\/v2\/pages"}],"about":[{"href":"https:\/\/emmaison.edu.vn\/cs1\/wp-json\/wp\/v2\/types\/page"}],"author":[{"embeddable":true,"href":"https:\/\/emmaison.edu.vn\/cs1\/wp-json\/wp\/v2\/users\/2"}],"replies":[{"embeddable":true,"href":"https:\/\/emmaison.edu.vn\/cs1\/wp-json\/wp\/v2\/comments?post=1263"}],"version-history":[{"count":48,"href":"https:\/\/emmaison.edu.vn\/cs1\/wp-json\/wp\/v2\/pages\/1263\/revisions"}],"predecessor-version":[{"id":1535,"href":"https:\/\/emmaison.edu.vn\/cs1\/wp-json\/wp\/v2\/pages\/1263\/revisions\/1535"}],"wp:attachment":[{"href":"https:\/\/emmaison.edu.vn\/cs1\/wp-json\/wp\/v2\/media?parent=1263"}],"curies":[{"name":"wp","href":"https:\/\/api.w.org\/{rel}","templated":true}]}}